{"id":1142,"date":"2017-04-17T19:18:20","date_gmt":"2017-04-17T17:18:20","guid":{"rendered":"https:\/\/www.mago-erp.com\/de\/?page_id=1142"},"modified":"2020-06-26T17:39:56","modified_gmt":"2020-06-26T15:39:56","slug":"gruppe","status":"publish","type":"page","link":"https:\/\/www.mago-erp.com\/de\/gruppe.html","title":{"rendered":"Gruppe"},"content":{"rendered":"<div class=\"wpb-content-wrapper\"><p>[vc_row wrap_container=&#8220;yes&#8220;][vc_column][rev_slider_vc alias=&#8220;photo-gruppe-new&#8220;][vc_empty_space height=&#8220;80px&#8220;][vc_row_inner][vc_column_inner width=&#8220;7\/12&#8243;][vc_custom_heading text=&#8220;Gruppenprofil&#8220; font_container=&#8220;tag:h4|font_size:1.4em|text_align:left|color:%231d2127&#8243; google_fonts=&#8220;font_family:Roboto%3A100%2C100italic%2C300%2C300italic%2Cregular%2Citalic%2C500%2C500italic%2C700%2C700italic%2C900%2C900italic|font_style:300%20light%20regular%3A300%3Anormal&#8220;][vc_empty_space height=&#8220;20px&#8220;][vc_column_text]Mit mehr als <strong>6.000 Arbeitnehmern<\/strong>, einem landesweiten Vertriebsnetz von mehr als <strong>1.650 Partnern<\/strong>\u00a0in Italien und\u00a0<strong>350<\/strong> in weiteren L\u00e4ndern und \u00fcber <strong>600.000 Kunden<\/strong> ist die Zucchetti Group eines der wichtigsten italienischen IT-Unternehmen.<\/p>\n<p><strong>Die Zucchetti Group bietet<\/strong> Software, Hardware und IT-Dienstleistungen f\u00fcr Unternehmen, Buchhalter, Berater und Handelsverb\u00e4nde an<strong>, welche sich einen erheblichen Wettbewerbsvorteil sichern und sich f\u00fcr all ihre IT-Bed\u00fcrfnisse auf einen einzelnen Partner verlassen wollen.<\/strong><\/p>\n<p>Unsere Software- und Hardware-L\u00f6sungen und innovativen Dienstleistungen werden speziell an die Bed\u00fcrfnisse der folgenden Unternehmen und Beh\u00f6rden angepasst:<\/p>\n<ul type=\"disc\">\n<li><strong>Unternehmen <\/strong>jeder Branche und jeder Gr\u00f6\u00dfe, einschlie\u00dflich <strong>Banken und Versicherungen<\/strong><\/li>\n<li><strong>Experten <\/strong>(Wirtschaftspr\u00fcfer, Unternehmensberater, Anw\u00e4lte, Insolvenzverwalter, Notare usw.), eingetragene <strong>Verb\u00e4nde und Steuerberatungszentralen<\/strong><\/li>\n<li>\u00d6rtliche und zentrale<strong> Beh\u00f6rden <\/strong>(Gemeinden, Provinzen, Regionen, Ministerien, \u00f6ffentliche Unternehmen usw.)<\/li>\n<\/ul>\n<p>Die Zucchetti Group verwendet eine <strong>umfangreiche, mehrdisziplinarische Herangehensweise, <\/strong>um die Bed\u00fcrfnisse unserer Kunden zu identifizieren, Projekte zu koordinieren, verwalten und zu schaffen. Auf diese Weise sind wir in der Lage, Produkte und Dienstleistungen von h\u00f6chster Qualit\u00e4t anzubieten und Anwendern die besten L\u00f6sungen auf dem Markt zur Verf\u00fcgung zu stellen.<\/p>\n<p><strong>Zucchetti konzentriert sich seit jeher auf die Bereitstellung effizienter, professioneller Dienstleistungen,<\/strong> sowie hochwertiger Softwarel\u00f6sungen. Die Zucchetti Group besch\u00e4ftigt hochqualifizierte Arbeitnehmer. Dies garantiert:<\/p>\n<ul type=\"disc\">\n<li>Kompetente <strong>Beratung vor dem Verkauf <\/strong>(Bedarfsanalyse, L\u00f6sungsstudien usw.)<\/li>\n<li>Rechtzeitiger und angemessener <strong>After-Sales Service<\/strong> (Installation, Support, etc.)<\/li>\n<li><strong>Umfangreiche Schulungen<\/strong>, damit das volle Potential der L\u00f6sungen ausgesch\u00f6pft werden kann<\/li>\n<li><strong>Dauerhafte Updates<\/strong> und Anpassungen an \u00c4nderungen von Vorschriften, Buchhaltungsregeln, Steuern, Arbeitsrecht, Sozialabgaben usw.<\/li>\n<\/ul>\n<p><strong>Zucchetti steht zudem f\u00fcr Sicherheit.<\/strong> Unser eigenes <strong>Data Center<\/strong> garantiert hohe Sicherheitsstandards f\u00fcr IT, Logik (Einbruchskontrollsysteme), Anwendung und physischen Schutzsystemen (Feuerschutz, Zugangskontrolle usw.) sowie einen verl\u00e4sslichen Outsourcing-Service unter allen erdenklichen Bedingungen.[\/vc_column_text][\/vc_column_inner][vc_column_inner width=&#8220;5\/12&#8243;][vc_column_text]<\/p>\n<h4><i class=\"fa fa-angle-right ma-r-10\"><\/i><strong>Zucchetti in Italien<\/strong><\/h4>\n<p>Die Zucchetti Group besteht aus \u00fcber 20 Unternehmen, mit Tochter- und Zweigunternehmen in 20 verschiedenen italienischen St\u00e4dten.<\/p>\n<h4><i class=\"fa fa-angle-right ma-r-10\"><\/i><a href=\"\/de\/gruppe\/zucchetti-world.html\"><strong>Zucchetti weltweit<\/strong><\/a><\/h4>\n<p>Die Zucchetti Group ist in vielen L\u00e4ndern mit eigenen B\u00fcros, Unternehmen und Partnern vertreten[\/vc_column_text][vc_empty_space]<div class=\"uavc-list-icon uavc-list-icon-wrapper ult-adjust-bottom-margin   \"><ul class=\"uavc-list\"><li><div class=\"uavc-list-content\" id=\"list-icon-wrap-7157\">\n<div class=\"uavc-list-icon easy-list \" data-animation=\"\" data-animation-delay=\"03\" style=\"margin-right:16px;\"><div class=\"ult-just-icon-wrapper  \"><div class=\"align-icon\" style=\"text-align:center;\">\n<div class=\"aio-icon none \"  style=\"color:#1d2127;font-size:16px;display:inline-block;\">\n\t<i class=\"none\"><\/i>\n<\/div><\/div><\/div>\n<\/div><span  data-ultimate-target='#list-icon-wrap-7157 .uavc-list-desc'  data-responsive-json-new='{\"font-size\":\"\",\"line-height\":\"\"}'  class=\"uavc-list-desc ult-responsive\" style=\"\"><div class=\"porto-lightbox  wpb_content_element\"> <a href=\"https:\/\/www.mago-erp.com\/de\/wp-content\/uploads\/video\/video_institutional_DEU.mp4\" title=\"Video\" class=\"porto-popup-iframe\">Video<\/a> <\/div><\/span><\/div><\/li><li><div class=\"uavc-list-content\" id=\"list-icon-wrap-3412\">\n<div class=\"uavc-list-icon easy-list \" data-animation=\"\" data-animation-delay=\"03\" style=\"margin-right:16px;\"><div class=\"ult-just-icon-wrapper  \"><div class=\"align-icon\" style=\"text-align:center;\">\n<div class=\"aio-icon none \"  style=\"color:#1d2127;font-size:16px;display:inline-block;\">\n\t<i class=\"none\"><\/i>\n<\/div><\/div><\/div>\n<\/div><span  data-ultimate-target='#list-icon-wrap-3412 .uavc-list-desc'  data-responsive-json-new='{\"font-size\":\"\",\"line-height\":\"\"}'  class=\"uavc-list-desc ult-responsive\" style=\"\"><a href=\"https:\/\/www.mago-erp.com\/de\/wp-content\/uploads\/gruppo\/fact_sheet_2018_DE.pdf\">Infoblatt<\/a><\/span><\/div><\/li><li><div class=\"uavc-list-content\" id=\"list-icon-wrap-6333\">\n<div class=\"uavc-list-icon easy-list \" data-animation=\"\" data-animation-delay=\"03\" style=\"margin-right:16px;\"><div class=\"ult-just-icon-wrapper  \"><div class=\"align-icon\" style=\"text-align:center;\">\n<div class=\"aio-icon none \"  style=\"color:#1d2127;font-size:16px;display:inline-block;\">\n\t<i class=\"none\"><\/i>\n<\/div><\/div><\/div>\n<\/div><span  data-ultimate-target='#list-icon-wrap-6333 .uavc-list-desc'  data-responsive-json-new='{\"font-size\":\"\",\"line-height\":\"\"}'  class=\"uavc-list-desc ult-responsive\" style=\"\"><a href=\"https:\/\/www.mago-erp.com\/de\/wp-content\/uploads\/brochure\/Zucchetti_Gmbh_company_profile_2019_DEU.pdf\" target=\"_blank\" rel=\"noopener noreferrer\">Brochure<\/a><\/span><\/div><\/li><\/ul><\/div>[vc_custom_heading text=&#8220;<strong>Zucchetti GmbH<\/strong>&#8220; font_container=&#8220;tag:h4|font_size:1.4em|text_align:left|color:%231d2127&#8243; google_fonts=&#8220;font_family:Roboto%3A100%2C100italic%2C300%2C300italic%2Cregular%2Citalic%2C500%2C500italic%2C700%2C700italic%2C900%2C900italic|font_style:300%20light%20regular%3A300%3Anormal&#8220;][vc_empty_space height=&#8220;20px&#8220;][vc_gmaps link=&#8220;#E-8_JTNDaWZyYW1lJTIwc3JjJTNEJTIyaHR0cHMlM0ElMkYlMkZ3d3cuZ29vZ2xlLmNvbSUyRm1hcHMlMkZlbWJlZCUzRnBiJTNEJTIxMW0xOCUyMTFtMTIlMjExbTMlMjExZDI2MDQuNTkzNjE1MDEzOTk1NSUyMTJkNi44NjU4Mjc5NTE5NTY1NDklMjEzZDQ5LjI0NjE5MzU3OTIyNTg1JTIxMm0zJTIxMWYwJTIxMmYwJTIxM2YwJTIxM20yJTIxMWkxMDI0JTIxMmk3NjglMjE0ZjEzLjElMjEzbTMlMjExbTIlMjExczB4NDc5NWFlMDk2ZjI5ZWE0OSUyNTNBMHhhMjM4M2JlYTY4OTlkMjM5JTIxMnNadWNjaGV0dGklMjUyMEdlcm1hbnklMjUyMEdtYkglMjE1ZTAlMjEzbTIlMjExc2l0JTIxMnNpdCUyMTR2MTU5MzE4NTY4ODMzNCUyMTVtMiUyMTFzaXQlMjEyc2l0JTIyJTIwd2lkdGglM0QlMjIxMDAlMjUlMjIlMjBoZWlnaHQlM0QlMjIzMDAlMjIlMjBmcmFtZWJvcmRlciUzRCUyMjAlMjIlMjBzdHlsZSUzRCUyMmJvcmRlciUzQTAlM0IlMjIlMjBhbGxvd2Z1bGxzY3JlZW4lM0QlMjIlMjIlMjBhcmlhLWhpZGRlbiUzRCUyMmZhbHNlJTIyJTIwdGFiaW5kZXglM0QlMjIwJTIyJTNFJTNDJTJGaWZyYW1lJTNF&#8220;][vc_empty_space height=&#8220;20px&#8220;]<div class=\"uavc-list-icon uavc-list-icon-wrapper ult-adjust-bottom-margin easy-iconlist  \"><ul class=\"uavc-list\"><li><div class=\"uavc-list-content\" id=\"list-icon-wrap-7330\">\n<div class=\"uavc-list-icon  \" data-animation=\"\" data-animation-delay=\"03\" style=\"margin-right:16px;\"><div class=\"ult-just-icon-wrapper  \"><div class=\"align-icon\" style=\"text-align:center;\">\n<div class=\"aio-icon none \"  style=\"color:#777777;font-size:16px;display:inline-block;\">\n\t<i class=\"Defaults-map-marker\"><\/i>\n<\/div><\/div><\/div>\n<\/div><span  data-ultimate-target='#list-icon-wrap-7330 .uavc-list-desc'  data-responsive-json-new='{\"font-size\":\"\",\"line-height\":\"\"}'  class=\"uavc-list-desc ult-responsive\" style=\"\"><strong>Adresse:<\/strong> Saarwiesenstra\u00dfe 5 &#8211;\u00a0D-66333 V\u00f6lklingen<\/span><\/div><\/li><li><div class=\"uavc-list-content\" id=\"list-icon-wrap-1914\">\n<div class=\"uavc-list-icon  \" data-animation=\"\" data-animation-delay=\"03\" style=\"margin-right:16px;\"><div class=\"ult-just-icon-wrapper  \"><div class=\"align-icon\" style=\"text-align:center;\">\n<div class=\"aio-icon none \"  style=\"color:#777777;font-size:16px;display:inline-block;\">\n\t<i class=\"Defaults-phone\"><\/i>\n<\/div><\/div><\/div>\n<\/div><span  data-ultimate-target='#list-icon-wrap-1914 .uavc-list-desc'  data-responsive-json-new='{\"font-size\":\"\",\"line-height\":\"\"}'  class=\"uavc-list-desc ult-responsive\" style=\"\"><strong>Telefon:<\/strong> (+49)\u00a0 6898 5662 400<\/span><\/div><\/li><\/ul><\/div>[vc_separator][vc_custom_heading text=&#8220;<strong>Headquarters<\/strong>&#8220; font_container=&#8220;tag:h4|font_size:1.4em|text_align:left|color:%231d2127&#8243; google_fonts=&#8220;font_family:Roboto%3A100%2C100italic%2C300%2C300italic%2Cregular%2Citalic%2C500%2C500italic%2C700%2C700italic%2C900%2C900italic|font_style:300%20light%20regular%3A300%3Anormal&#8220;][vc_empty_space height=&#8220;20px&#8220;][vc_gmaps link=&#8220;#E-8_JTNDaWZyYW1lJTIwc3JjJTNEJTIyaHR0cHMlM0ElMkYlMkZ3d3cuZ29vZ2xlLmNvbSUyRm1hcHMlMkZlbWJlZCUzRnBiJTNEJTIxMW0xOCUyMTFtMTIlMjExbTMlMjExZDI4MDUuNjk4Njg0NDA3MzQ2MyUyMTJkOS40OTg2NjU5NTE4NzM4MzYlMjEzZDQ1LjMxNDUxMTk3ODk5Njk1NCUyMTJtMyUyMTFmMCUyMTJmMCUyMTNmMCUyMTNtMiUyMTFpMTAyNCUyMTJpNzY4JTIxNGYxMy4xJTIxM20zJTIxMW0yJTIxMXMweDQ3ODEyYzJjMGMyODI0MTklMjUzQTB4ZGQ5M2Q4OGU0YTJiNjIxOCUyMTJzWnVjY2hldHRpJTIxNWUwJTIxM20yJTIxMXNpdCUyMTJzaXQlMjE0djE1OTMxODU4NDMzNDUlMjE1bTIlMjExc2l0JTIxMnNpdCUyMiUyMHdpZHRoJTNEJTIyMTAwJTI1JTIyJTIwaGVpZ2h0JTNEJTIyMzAwJTIyJTIwZnJhbWVib3JkZXIlM0QlMjIwJTIyJTIwc3R5bGUlM0QlMjJib3JkZXIlM0EwJTNCJTIyJTIwYWxsb3dmdWxsc2NyZWVuJTNEJTIyJTIyJTIwYXJpYS1oaWRkZW4lM0QlMjJmYWxzZSUyMiUyMHRhYmluZGV4JTNEJTIyMCUyMiUzRSUzQyUyRmlmcmFtZSUzRQ==&#8220;][vc_empty_space height=&#8220;20px&#8220;]<div class=\"uavc-list-icon uavc-list-icon-wrapper ult-adjust-bottom-margin easy-iconlist  \"><ul class=\"uavc-list\"><li><div class=\"uavc-list-content\" id=\"list-icon-wrap-2508\">\n<div class=\"uavc-list-icon  \" data-animation=\"\" data-animation-delay=\"03\" style=\"margin-right:16px;\"><div class=\"ult-just-icon-wrapper  \"><div class=\"align-icon\" style=\"text-align:center;\">\n<div class=\"aio-icon none \"  style=\"color:#777777;font-size:16px;display:inline-block;\">\n\t<i class=\"Defaults-map-marker\"><\/i>\n<\/div><\/div><\/div>\n<\/div><span  data-ultimate-target='#list-icon-wrap-2508 .uavc-list-desc'  data-responsive-json-new='{\"font-size\":\"\",\"line-height\":\"\"}'  class=\"uavc-list-desc ult-responsive\" style=\"\"><strong>Adresse:<\/strong> Via Solferino, 1, 26900 Lodi, Italia<\/span><\/div><\/li><li><div class=\"uavc-list-content\" id=\"list-icon-wrap-7538\">\n<div class=\"uavc-list-icon  \" data-animation=\"\" data-animation-delay=\"03\" style=\"margin-right:16px;\"><div class=\"ult-just-icon-wrapper  \"><div class=\"align-icon\" style=\"text-align:center;\">\n<div class=\"aio-icon none \"  style=\"color:#777777;font-size:16px;display:inline-block;\">\n\t<i class=\"Defaults-phone\"><\/i>\n<\/div><\/div><\/div>\n<\/div><span  data-ultimate-target='#list-icon-wrap-7538 .uavc-list-desc'  data-responsive-json-new='{\"font-size\":\"\",\"line-height\":\"\"}'  class=\"uavc-list-desc ult-responsive\" style=\"\"><strong>Telefon:<\/strong> (+39) 0371-594 24 44<\/span><\/div><\/li><\/ul><\/div>[\/vc_column_inner][\/vc_row_inner][\/vc_column][\/vc_row][vc_row][vc_column][vc_empty_space height=&#8220;50px&#8220;][\/vc_column][\/vc_row][vc_row][vc_column][\/vc_column][\/vc_row]<\/p>\n<\/div>","protected":false},"excerpt":{"rendered":"<p>[vc_row wrap_container=&#8220;yes&#8220;][vc_column][rev_slider_vc alias=&#8220;photo-gruppe-new&#8220;][vc_empty_space height=&#8220;80px&#8220;][vc_row_inner][vc_column_inner width=&#8220;7\/12&#8243;][vc_custom_heading text=&#8220;Gruppenprofil&#8220; font_container=&#8220;tag:h4|font_size:1.4em|text_align:left|color:%231d2127&#8243; google_fonts=&#8220;font_family:Roboto%3A100%2C100italic%2C300%2C300italic%2Cregular%2Citalic%2C500%2C500italic%2C700%2C700italic%2C900%2C900italic|font_style:300%20light%20regular%3A300%3Anormal&#8220;][vc_empty_space height=&#8220;20px&#8220;][vc_column_text]Mit mehr als 6.000 Arbeitnehmern, einem landesweiten Vertriebsnetz von mehr als 1.650 Partnern\u00a0in Italien und\u00a0350 in weiteren L\u00e4ndern und \u00fcber 600.000 Kunden ist die Zucchetti Group eines der wichtigsten italienischen IT-Unternehmen. Die Zucchetti Group bietet Software, Hardware und IT-Dienstleistungen f\u00fcr Unternehmen, Buchhalter, Berater und Handelsverb\u00e4nde an, welche [&hellip;]<\/p>\n","protected":false},"author":6,"featured_media":0,"parent":0,"menu_order":0,"comment_status":"closed","ping_status":"closed","template":"","meta":{"footnotes":""},"class_list":["post-1142","page","type-page","status-publish","hentry"],"yoast_head":"<!-- This site is optimized with the Yoast SEO plugin v26.8 - https:\/\/yoast.com\/product\/yoast-seo-wordpress\/ -->\n<title>Mago ERP von Zucchetti Deutschland - Mitglied der Zucchetti Gruppe<\/title>\n<meta name=\"description\" content=\"Mago ERP ist die ERP-L\u00f6sung f\u00fcr Produktion, Handel und Logistik der Zucchetti Gruppe, vertreten von Zucchetti Deutschland mit Sitz in V\u00f6lklingen.\" \/>\n<meta name=\"robots\" content=\"index, follow, max-snippet:-1, max-image-preview:large, max-video-preview:-1\" \/>\n<link rel=\"canonical\" href=\"https:\/\/www.mago-erp.com\/de\/gruppe.html\" \/>\n<meta property=\"og:locale\" content=\"de_DE\" \/>\n<meta property=\"og:type\" content=\"article\" \/>\n<meta property=\"og:title\" content=\"Mago ERP von Zucchetti Deutschland - Mitglied der Zucchetti Gruppe\" \/>\n<meta property=\"og:description\" content=\"Mago ERP ist die ERP-L\u00f6sung f\u00fcr Produktion, Handel und Logistik der Zucchetti Gruppe, vertreten von Zucchetti Deutschland mit Sitz in V\u00f6lklingen.\" \/>\n<meta property=\"og:url\" content=\"https:\/\/www.mago-erp.com\/de\/gruppe.html\" \/>\n<meta property=\"og:site_name\" content=\"Mago ERP\" \/>\n<meta property=\"article:publisher\" content=\"http:\/\/www.facebook.com\/ZucchettiSoftware\" \/>\n<meta property=\"article:modified_time\" content=\"2020-06-26T15:39:56+00:00\" \/>\n<meta name=\"twitter:card\" content=\"summary_large_image\" \/>\n<meta name=\"twitter:label1\" content=\"Gesch\u00e4tzte Lesezeit\" \/>\n\t<meta name=\"twitter:data1\" content=\"4\u00a0Minuten\" \/>\n<script type=\"application\/ld+json\" class=\"yoast-schema-graph\">{\"@context\":\"https:\/\/schema.org\",\"@graph\":[{\"@type\":\"WebPage\",\"@id\":\"https:\/\/www.mago-erp.com\/de\/gruppe.html\",\"url\":\"https:\/\/www.mago-erp.com\/de\/gruppe.html\",\"name\":\"Mago ERP von Zucchetti Deutschland - Mitglied der Zucchetti Gruppe\",\"isPartOf\":{\"@id\":\"https:\/\/www.mago-erp.com\/de\/#website\"},\"datePublished\":\"2017-04-17T17:18:20+00:00\",\"dateModified\":\"2020-06-26T15:39:56+00:00\",\"description\":\"Mago ERP ist die ERP-L\u00f6sung f\u00fcr Produktion, Handel und Logistik der Zucchetti Gruppe, vertreten von Zucchetti Deutschland mit Sitz in V\u00f6lklingen.\",\"breadcrumb\":{\"@id\":\"https:\/\/www.mago-erp.com\/de\/gruppe.html#breadcrumb\"},\"inLanguage\":\"de\",\"potentialAction\":[{\"@type\":\"ReadAction\",\"target\":[\"https:\/\/www.mago-erp.com\/de\/gruppe.html\"]}]},{\"@type\":\"BreadcrumbList\",\"@id\":\"https:\/\/www.mago-erp.com\/de\/gruppe.html#breadcrumb\",\"itemListElement\":[{\"@type\":\"ListItem\",\"position\":1,\"name\":\"Home\",\"item\":\"https:\/\/www.mago-erp.com\/de\/\"},{\"@type\":\"ListItem\",\"position\":2,\"name\":\"Gruppe\"}]},{\"@type\":\"WebSite\",\"@id\":\"https:\/\/www.mago-erp.com\/de\/#website\",\"url\":\"https:\/\/www.mago-erp.com\/de\/\",\"name\":\"Mago ERP\",\"description\":\"Mago ERP ist die prozessorientierte ERP-L\u00f6sung f\u00fcr den Mittelstand\",\"publisher\":{\"@id\":\"https:\/\/www.mago-erp.com\/de\/#organization\"},\"potentialAction\":[{\"@type\":\"SearchAction\",\"target\":{\"@type\":\"EntryPoint\",\"urlTemplate\":\"https:\/\/www.mago-erp.com\/de\/?s={search_term_string}\"},\"query-input\":{\"@type\":\"PropertyValueSpecification\",\"valueRequired\":true,\"valueName\":\"search_term_string\"}}],\"inLanguage\":\"de\"},{\"@type\":\"Organization\",\"@id\":\"https:\/\/www.mago-erp.com\/de\/#organization\",\"name\":\"Zucchetti Group\",\"url\":\"https:\/\/www.mago-erp.com\/de\/\",\"logo\":{\"@type\":\"ImageObject\",\"inLanguage\":\"de\",\"@id\":\"https:\/\/www.mago-erp.com\/de\/#\/schema\/logo\/image\/\",\"url\":\"https:\/\/www.mago-erp.com\/de\/wp-content\/uploads\/2018\/04\/logo.png\",\"contentUrl\":\"https:\/\/www.mago-erp.com\/de\/wp-content\/uploads\/2018\/04\/logo.png\",\"width\":400,\"height\":98,\"caption\":\"Zucchetti Group\"},\"image\":{\"@id\":\"https:\/\/www.mago-erp.com\/de\/#\/schema\/logo\/image\/\"},\"sameAs\":[\"http:\/\/www.facebook.com\/ZucchettiSoftware\",\"http:\/\/www.linkedin.com\/company\/zucchetti\",\"http:\/\/www.youtube.com\/mktzucche\"]}]}<\/script>\n<!-- \/ Yoast SEO plugin. -->","yoast_head_json":{"title":"Mago ERP von Zucchetti Deutschland - Mitglied der Zucchetti Gruppe","description":"Mago ERP ist die ERP-L\u00f6sung f\u00fcr Produktion, Handel und Logistik der Zucchetti Gruppe, vertreten von Zucchetti Deutschland mit Sitz in V\u00f6lklingen.","robots":{"index":"index","follow":"follow","max-snippet":"max-snippet:-1","max-image-preview":"max-image-preview:large","max-video-preview":"max-video-preview:-1"},"canonical":"https:\/\/www.mago-erp.com\/de\/gruppe.html","og_locale":"de_DE","og_type":"article","og_title":"Mago ERP von Zucchetti Deutschland - Mitglied der Zucchetti Gruppe","og_description":"Mago ERP ist die ERP-L\u00f6sung f\u00fcr Produktion, Handel und Logistik der Zucchetti Gruppe, vertreten von Zucchetti Deutschland mit Sitz in V\u00f6lklingen.","og_url":"https:\/\/www.mago-erp.com\/de\/gruppe.html","og_site_name":"Mago ERP","article_publisher":"http:\/\/www.facebook.com\/ZucchettiSoftware","article_modified_time":"2020-06-26T15:39:56+00:00","twitter_card":"summary_large_image","twitter_misc":{"Gesch\u00e4tzte Lesezeit":"4\u00a0Minuten"},"schema":{"@context":"https:\/\/schema.org","@graph":[{"@type":"WebPage","@id":"https:\/\/www.mago-erp.com\/de\/gruppe.html","url":"https:\/\/www.mago-erp.com\/de\/gruppe.html","name":"Mago ERP von Zucchetti Deutschland - Mitglied der Zucchetti Gruppe","isPartOf":{"@id":"https:\/\/www.mago-erp.com\/de\/#website"},"datePublished":"2017-04-17T17:18:20+00:00","dateModified":"2020-06-26T15:39:56+00:00","description":"Mago ERP ist die ERP-L\u00f6sung f\u00fcr Produktion, Handel und Logistik der Zucchetti Gruppe, vertreten von Zucchetti Deutschland mit Sitz in V\u00f6lklingen.","breadcrumb":{"@id":"https:\/\/www.mago-erp.com\/de\/gruppe.html#breadcrumb"},"inLanguage":"de","potentialAction":[{"@type":"ReadAction","target":["https:\/\/www.mago-erp.com\/de\/gruppe.html"]}]},{"@type":"BreadcrumbList","@id":"https:\/\/www.mago-erp.com\/de\/gruppe.html#breadcrumb","itemListElement":[{"@type":"ListItem","position":1,"name":"Home","item":"https:\/\/www.mago-erp.com\/de\/"},{"@type":"ListItem","position":2,"name":"Gruppe"}]},{"@type":"WebSite","@id":"https:\/\/www.mago-erp.com\/de\/#website","url":"https:\/\/www.mago-erp.com\/de\/","name":"Mago ERP","description":"Mago ERP ist die prozessorientierte ERP-L\u00f6sung f\u00fcr den Mittelstand","publisher":{"@id":"https:\/\/www.mago-erp.com\/de\/#organization"},"potentialAction":[{"@type":"SearchAction","target":{"@type":"EntryPoint","urlTemplate":"https:\/\/www.mago-erp.com\/de\/?s={search_term_string}"},"query-input":{"@type":"PropertyValueSpecification","valueRequired":true,"valueName":"search_term_string"}}],"inLanguage":"de"},{"@type":"Organization","@id":"https:\/\/www.mago-erp.com\/de\/#organization","name":"Zucchetti Group","url":"https:\/\/www.mago-erp.com\/de\/","logo":{"@type":"ImageObject","inLanguage":"de","@id":"https:\/\/www.mago-erp.com\/de\/#\/schema\/logo\/image\/","url":"https:\/\/www.mago-erp.com\/de\/wp-content\/uploads\/2018\/04\/logo.png","contentUrl":"https:\/\/www.mago-erp.com\/de\/wp-content\/uploads\/2018\/04\/logo.png","width":400,"height":98,"caption":"Zucchetti Group"},"image":{"@id":"https:\/\/www.mago-erp.com\/de\/#\/schema\/logo\/image\/"},"sameAs":["http:\/\/www.facebook.com\/ZucchettiSoftware","http:\/\/www.linkedin.com\/company\/zucchetti","http:\/\/www.youtube.com\/mktzucche"]}]}},"_links":{"self":[{"href":"https:\/\/www.mago-erp.com\/de\/wp-json\/wp\/v2\/pages\/1142","targetHints":{"allow":["GET"]}}],"collection":[{"href":"https:\/\/www.mago-erp.com\/de\/wp-json\/wp\/v2\/pages"}],"about":[{"href":"https:\/\/www.mago-erp.com\/de\/wp-json\/wp\/v2\/types\/page"}],"author":[{"embeddable":true,"href":"https:\/\/www.mago-erp.com\/de\/wp-json\/wp\/v2\/users\/6"}],"replies":[{"embeddable":true,"href":"https:\/\/www.mago-erp.com\/de\/wp-json\/wp\/v2\/comments?post=1142"}],"version-history":[{"count":0,"href":"https:\/\/www.mago-erp.com\/de\/wp-json\/wp\/v2\/pages\/1142\/revisions"}],"wp:attachment":[{"href":"https:\/\/www.mago-erp.com\/de\/wp-json\/wp\/v2\/media?parent=1142"}],"curies":[{"name":"wp","href":"https:\/\/api.w.org\/{rel}","templated":true}]}}