{"id":1188,"date":"2017-04-17T23:16:23","date_gmt":"2017-04-17T21:16:23","guid":{"rendered":"https:\/\/www.mago-erp.com\/de\/?page_id=1188"},"modified":"2020-01-13T16:17:20","modified_gmt":"2020-01-13T15:17:20","slug":"karriere","status":"publish","type":"page","link":"https:\/\/www.mago-erp.com\/de\/karriere.html","title":{"rendered":"Karriere"},"content":{"rendered":"<div class=\"wpb-content-wrapper\"><p>[vc_row full_width=&#8220;stretch_row&#8220; css=&#8220;.vc_custom_1526980103099{margin-bottom: 60px !important;}&#8220;][vc_column][rev_slider_vc alias=&#8220;karriere-new&#8220;][\/vc_column][\/vc_row][vc_row full_width=&#8220;stretch_row&#8220; disable_element=&#8220;yes&#8220;][vc_column]\n\t\t\t<!-- START Karriere REVOLUTION SLIDER 6.7.39 --><p class=\"rs-p-wp-fix\"><\/p>\n\t\t\t<rs-module-wrap id=\"rev_slider_2_1_wrapper\" data-source=\"gallery\" style=\"visibility:hidden;background:transparent;padding:0;margin:0px auto;margin-top:0;margin-bottom:0;\">\n\t\t\t\t<rs-module id=\"rev_slider_2_1\" style=\"\" data-version=\"6.7.39\">\n\t\t\t\t\t<rs-slides style=\"overflow: hidden; position: absolute;\">\n\t\t\t\t\t\t<rs-slide style=\"position: absolute;\" data-key=\"rs-7\" data-title=\"Slide\" data-thumb=\"\/\/www.mago-erp.com\/de\/wp-content\/uploads\/2017\/04\/lavoro1_1170x450-100x50.jpg\" data-duration=\"3000\" data-anim=\"adpr:false;\">\n\t\t\t\t\t\t\t<img decoding=\"async\" src=\"\/\/www.mago-erp.com\/de\/wp-content\/plugins\/revslider\/sr6\/assets\/assets\/dummy.png\" alt=\"\" title=\"Karriere\" class=\"rev-slidebg tp-rs-img rs-lazyload\" data-lazyload=\"\/\/www.mago-erp.com\/de\/wp-content\/uploads\/2017\/04\/lavoro1_1170x450.jpg\" data-no-retina>\n<!---->\t\t\t\t\t<\/rs-slide>\n\t\t\t\t\t\t<rs-slide style=\"position: absolute;\" data-key=\"rs-8\" data-title=\"Slide\" data-thumb=\"\/\/www.mago-erp.com\/de\/wp-content\/uploads\/2017\/04\/lavoro_1170x450-100x50.jpg\" data-duration=\"3000\" data-anim=\"adpr:false;\">\n\t\t\t\t\t\t\t<img decoding=\"async\" src=\"\/\/www.mago-erp.com\/de\/wp-content\/plugins\/revslider\/sr6\/assets\/assets\/dummy.png\" alt=\"\" title=\"Karriere\" class=\"rev-slidebg tp-rs-img rs-lazyload\" data-lazyload=\"\/\/www.mago-erp.com\/de\/wp-content\/uploads\/2017\/04\/lavoro_1170x450.jpg\" data-no-retina>\n<!---->\t\t\t\t\t<\/rs-slide>\n\t\t\t\t\t<\/rs-slides>\n\t\t\t\t<\/rs-module>\n\t\t\t\t<script>\n\t\t\t\t\tsetREVStartSize({c: 'rev_slider_2_1',rl:[1240,1024,778,480],el:[],gw:[1140],gh:[432],type:'standard',justify:'',layout:'fullwidth',mh:\"0\"});if (window.RS_MODULES!==undefined && window.RS_MODULES.modules!==undefined && window.RS_MODULES.modules[\"revslider21\"]!==undefined) {window.RS_MODULES.modules[\"revslider21\"].once = false;window.revapi2 = undefined;if (window.RS_MODULES.checkMinimal!==undefined) window.RS_MODULES.checkMinimal()}\n\t\t\t\t<\/script>\n\t\t\t<\/rs-module-wrap>\n\t\t\t<!-- END REVOLUTION SLIDER -->\n[vc_empty_space height=&#8220;80px&#8220;][\/vc_column][\/vc_row][vc_row][vc_column width=&#8220;7\/12&#8243;][vc_column_text]<\/p>\n<h4>Arbeiten Sie mit uns!<\/h4>\n<p>Die Zucchetti Group ist die Nummer eins in Italien und geh\u00f6rt zu den TOP 30 der IT-Unternehmen in Europa.<\/p>\n<p>Wir bieten ganzheitliche IT-L\u00f6sungen f\u00fcr Unternehmen an, die \u00fcber einen Ansprechpartner Ihre Anforderungen abgedeckt wissen m\u00f6chten. Software, Hardware und IT-Infrastruktur bis hin zu Rechenzentrumsleistungen sorgen f\u00fcr einen Rundumservice, der \u00fcber einen zentralen Projektansprechpartner leicht und einfach zu erreichen ist und international \u00fcber unser Netzwerk abgesichert ist.<\/p>\n<p>In Deutschland sind wir mit der Zucchetti GmbH ein erfahrenes motiviertes Team. Aufgrund unseres Wachstums suchen wir ebenfalls motivierte Teamplayer und haben aktuell folgende Stellen offen:<\/p>\n<p><strong><a class=\"color-dark\" href=\"https:\/\/www.mago-erp.com\/de\/wp-content\/uploads\/gruppo\/lavoro\/Zucchetti_HR_Consultant.pdf\" target=\"_blank\" rel=\"noopener noreferrer\">HR CONSULTANT<\/a><\/strong><\/p>\n<p><strong><a class=\"color-dark\" href=\"https:\/\/www.mago-erp.com\/de\/wp-content\/uploads\/gruppo\/lavoro\/ZucchettiJunior_ProjectManager.pdf\" target=\"_blank\" rel=\"noopener noreferrer\">JUNIOR HR PROJECT MANAGER<\/a><\/strong><\/p>\n<p><strong><a class=\"color-dark\" href=\"https:\/\/www.mago-erp.com\/de\/wp-content\/uploads\/gruppo\/lavoro\/zucchetti_software_engineer.pdf\">SOFTWARE ENGINEER<\/a><\/strong><\/p>\n<p><strong><a class=\"color-dark\" href=\"https:\/\/www.mago-erp.com\/de\/wp-content\/uploads\/gruppo\/lavoro\/zucchetti_business_consultant.pdf\">BUSINESS CONSULTANT<\/a><\/strong><\/p>\n<p><strong><a class=\"color-dark\" href=\"https:\/\/www.mago-erp.com\/de\/wp-content\/uploads\/gruppo\/lavoro\/presales_consultant.pdf\">TECHNICAL PRESALES<\/a><\/strong><\/p>\n<p><strong><a class=\"color-dark\" href=\"https:\/\/www.mago-erp.com\/de\/wp-content\/uploads\/gruppo\/lavoro\/Zucchetti_Sales_Consultant.pdf\" target=\"_blank\" rel=\"noopener noreferrer\">SALES CONSULTANT<\/a><\/strong><\/p>\n<p><strong><a class=\"color-dark\" href=\"https:\/\/www.mago-erp.com\/de\/wp-content\/uploads\/2017\/09\/Business_Consultant_ERP.pdf\" target=\"_blank\" rel=\"noopener noreferrer\">BUSINESS CONSULTANT ERP<\/a><\/strong><\/p>\n<p><strong><a class=\"color-dark\" href=\"https:\/\/www.mago-erp.com\/de\/wp-content\/uploads\/2017\/09\/Business_Consultant_Finanzbuchhaltung.pdf\" target=\"_blank\" rel=\"noopener noreferrer\">BUSINESS CONSULTANT FINANZBUCHHALTUNG<\/a><\/strong>[\/vc_column_text][vc_empty_space height=&#8220;50px&#8220;][\/vc_column][vc_column width=&#8220;5\/12&#8243;][vc_column_text]<\/p>\n<h4>Initiativ-Bewerbung!<\/h4>\n<p>Nat\u00fcrlich suchen wir Mitarbeiter mit Erfahrung, aber Sie wissen ja, mit 25 Jahren wird es schwer, 30 Jahre Erfahrung zu haben.<\/p>\n<p>Wenn Sie engagiert, enthusiastisch und motiviert sind und gerne zu uns wechseln w\u00fcrden, sich aber in den aktuellen Vakanzen nicht einordnen k\u00f6nnen oder meinen, dass Ihre Erfahrung ein Vorteil f\u00fcr uns sein k\u00f6nnten, dann k\u00f6nnen Sie uns gerne eine Initiativbewerbung schicken.<\/p>\n<p>Schreiben Sie doch einfach auf, was Sie bisher gemacht haben, was Sie meinen, gut zu k\u00f6nnen, und wie Sie uns als Unternehmen helfen k\u00f6nnen, noch erfolgreicher zu sein, und senden Sie Ihre Bewerbung an<\/p>\n<p style=\"text-align: center;\"><a href=\"mailto:info@zucchettigroup.de\">info@zucchettigroup.de<\/a><\/p>\n<p>[\/vc_column_text][vc_empty_space][vc_column_text]<\/p>\n<h4>Weitere Vakanzen<\/h4>\n<ul class=\"list icons list-unstyled\">\n<li>\n<h5><a class=\"color-dark\" href=\"https:\/\/erm.zucchetti.it\/HRSelezione\/\" target=\"_blank\" rel=\"noopener noreferrer\">Siehe aktuelle Stellenangebote in Italien<\/a><\/h5>\n<\/li>\n<li>\n<h5><a class=\"color-dark\" href=\"http:\/\/www.zucchettiromania.com\/romania\/cms\/careers.html\" target=\"_blank\" rel=\"noopener noreferrer\">Siehe aktuelle Stellenangebote in Rum\u00e4nien<\/a><\/h5>\n<\/li>\n<li>\n<h5><a class=\"color-dark\" href=\"http:\/\/www.zucchetti.com\/worldwide\/cms\/careers.html\" target=\"_blank\" rel=\"noopener noreferrer\">Siehe aktuelle Stellenangebote weltweit<\/a><\/h5>\n<\/li>\n<\/ul>\n<p>[\/vc_column_text][\/vc_column][\/vc_row][vc_row][vc_column][vc_empty_space height=&#8220;50px&#8220;][\/vc_column][\/vc_row]<\/p>\n<\/div>","protected":false},"excerpt":{"rendered":"<p>[vc_row full_width=&#8220;stretch_row&#8220; css=&#8220;.vc_custom_1526980103099{margin-bottom: 60px !important;}&#8220;][vc_column][rev_slider_vc alias=&#8220;karriere-new&#8220;][\/vc_column][\/vc_row][vc_row full_width=&#8220;stretch_row&#8220; disable_element=&#8220;yes&#8220;][vc_column][vc_empty_space height=&#8220;80px&#8220;][\/vc_column][\/vc_row][vc_row][vc_column width=&#8220;7\/12&#8243;][vc_column_text] Arbeiten Sie mit uns! Die Zucchetti Group ist die Nummer eins in Italien und geh\u00f6rt zu den TOP 30 der IT-Unternehmen in Europa. Wir bieten ganzheitliche IT-L\u00f6sungen f\u00fcr Unternehmen an, die \u00fcber einen Ansprechpartner Ihre Anforderungen abgedeckt wissen m\u00f6chten. Software, Hardware und IT-Infrastruktur bis hin [&hellip;]<\/p>\n","protected":false},"author":6,"featured_media":0,"parent":0,"menu_order":0,"comment_status":"closed","ping_status":"closed","template":"","meta":{"footnotes":""},"class_list":["post-1188","page","type-page","status-publish","hentry"],"yoast_head":"<!-- This site is optimized with the Yoast SEO plugin v26.8 - https:\/\/yoast.com\/product\/yoast-seo-wordpress\/ -->\n<title>Karriere - Mago ERP<\/title>\n<meta name=\"robots\" content=\"index, follow, max-snippet:-1, max-image-preview:large, max-video-preview:-1\" \/>\n<link rel=\"canonical\" href=\"https:\/\/www.mago-erp.com\/de\/karriere.html\" \/>\n<meta property=\"og:locale\" content=\"de_DE\" \/>\n<meta property=\"og:type\" content=\"article\" \/>\n<meta property=\"og:title\" content=\"Karriere - Mago ERP\" \/>\n<meta property=\"og:description\" content=\"[vc_row full_width=&#8220;stretch_row&#8220; css=&#8220;.vc_custom_1526980103099{margin-bottom: 60px !important;}&#8220;][vc_column][rev_slider_vc alias=&#8220;karriere-new&#8220;][\/vc_column][\/vc_row][vc_row full_width=&#8220;stretch_row&#8220; disable_element=&#8220;yes&#8220;][vc_column][vc_empty_space height=&#8220;80px&#8220;][\/vc_column][\/vc_row][vc_row][vc_column width=&#8220;7\/12&#8243;][vc_column_text] Arbeiten Sie mit uns! Die Zucchetti Group ist die Nummer eins in Italien und geh\u00f6rt zu den TOP 30 der IT-Unternehmen in Europa. Wir bieten ganzheitliche IT-L\u00f6sungen f\u00fcr Unternehmen an, die \u00fcber einen Ansprechpartner Ihre Anforderungen abgedeckt wissen m\u00f6chten. Software, Hardware und IT-Infrastruktur bis hin [&hellip;]\" \/>\n<meta property=\"og:url\" content=\"https:\/\/www.mago-erp.com\/de\/karriere.html\" \/>\n<meta property=\"og:site_name\" content=\"Mago ERP\" \/>\n<meta property=\"article:publisher\" content=\"http:\/\/www.facebook.com\/ZucchettiSoftware\" \/>\n<meta property=\"article:modified_time\" content=\"2020-01-13T15:17:20+00:00\" \/>\n<meta name=\"twitter:card\" content=\"summary_large_image\" \/>\n<meta name=\"twitter:label1\" content=\"Gesch\u00e4tzte Lesezeit\" \/>\n\t<meta name=\"twitter:data1\" content=\"2\u00a0Minuten\" \/>\n<script type=\"application\/ld+json\" class=\"yoast-schema-graph\">{\"@context\":\"https:\/\/schema.org\",\"@graph\":[{\"@type\":\"WebPage\",\"@id\":\"https:\/\/www.mago-erp.com\/de\/karriere.html\",\"url\":\"https:\/\/www.mago-erp.com\/de\/karriere.html\",\"name\":\"Karriere - Mago ERP\",\"isPartOf\":{\"@id\":\"https:\/\/www.mago-erp.com\/de\/#website\"},\"datePublished\":\"2017-04-17T21:16:23+00:00\",\"dateModified\":\"2020-01-13T15:17:20+00:00\",\"breadcrumb\":{\"@id\":\"https:\/\/www.mago-erp.com\/de\/karriere.html#breadcrumb\"},\"inLanguage\":\"de\",\"potentialAction\":[{\"@type\":\"ReadAction\",\"target\":[\"https:\/\/www.mago-erp.com\/de\/karriere.html\"]}]},{\"@type\":\"BreadcrumbList\",\"@id\":\"https:\/\/www.mago-erp.com\/de\/karriere.html#breadcrumb\",\"itemListElement\":[{\"@type\":\"ListItem\",\"position\":1,\"name\":\"Home\",\"item\":\"https:\/\/www.mago-erp.com\/de\/\"},{\"@type\":\"ListItem\",\"position\":2,\"name\":\"Karriere\"}]},{\"@type\":\"WebSite\",\"@id\":\"https:\/\/www.mago-erp.com\/de\/#website\",\"url\":\"https:\/\/www.mago-erp.com\/de\/\",\"name\":\"Mago ERP\",\"description\":\"Mago ERP ist die prozessorientierte ERP-L\u00f6sung f\u00fcr den Mittelstand\",\"publisher\":{\"@id\":\"https:\/\/www.mago-erp.com\/de\/#organization\"},\"potentialAction\":[{\"@type\":\"SearchAction\",\"target\":{\"@type\":\"EntryPoint\",\"urlTemplate\":\"https:\/\/www.mago-erp.com\/de\/?s={search_term_string}\"},\"query-input\":{\"@type\":\"PropertyValueSpecification\",\"valueRequired\":true,\"valueName\":\"search_term_string\"}}],\"inLanguage\":\"de\"},{\"@type\":\"Organization\",\"@id\":\"https:\/\/www.mago-erp.com\/de\/#organization\",\"name\":\"Zucchetti Group\",\"url\":\"https:\/\/www.mago-erp.com\/de\/\",\"logo\":{\"@type\":\"ImageObject\",\"inLanguage\":\"de\",\"@id\":\"https:\/\/www.mago-erp.com\/de\/#\/schema\/logo\/image\/\",\"url\":\"https:\/\/www.mago-erp.com\/de\/wp-content\/uploads\/2018\/04\/logo.png\",\"contentUrl\":\"https:\/\/www.mago-erp.com\/de\/wp-content\/uploads\/2018\/04\/logo.png\",\"width\":400,\"height\":98,\"caption\":\"Zucchetti Group\"},\"image\":{\"@id\":\"https:\/\/www.mago-erp.com\/de\/#\/schema\/logo\/image\/\"},\"sameAs\":[\"http:\/\/www.facebook.com\/ZucchettiSoftware\",\"http:\/\/www.linkedin.com\/company\/zucchetti\",\"http:\/\/www.youtube.com\/mktzucche\"]}]}<\/script>\n<!-- \/ Yoast SEO plugin. -->","yoast_head_json":{"title":"Karriere - Mago ERP","robots":{"index":"index","follow":"follow","max-snippet":"max-snippet:-1","max-image-preview":"max-image-preview:large","max-video-preview":"max-video-preview:-1"},"canonical":"https:\/\/www.mago-erp.com\/de\/karriere.html","og_locale":"de_DE","og_type":"article","og_title":"Karriere - Mago ERP","og_description":"[vc_row full_width=&#8220;stretch_row&#8220; css=&#8220;.vc_custom_1526980103099{margin-bottom: 60px !important;}&#8220;][vc_column][rev_slider_vc alias=&#8220;karriere-new&#8220;][\/vc_column][\/vc_row][vc_row full_width=&#8220;stretch_row&#8220; disable_element=&#8220;yes&#8220;][vc_column][vc_empty_space height=&#8220;80px&#8220;][\/vc_column][\/vc_row][vc_row][vc_column width=&#8220;7\/12&#8243;][vc_column_text] Arbeiten Sie mit uns! Die Zucchetti Group ist die Nummer eins in Italien und geh\u00f6rt zu den TOP 30 der IT-Unternehmen in Europa. Wir bieten ganzheitliche IT-L\u00f6sungen f\u00fcr Unternehmen an, die \u00fcber einen Ansprechpartner Ihre Anforderungen abgedeckt wissen m\u00f6chten. Software, Hardware und IT-Infrastruktur bis hin [&hellip;]","og_url":"https:\/\/www.mago-erp.com\/de\/karriere.html","og_site_name":"Mago ERP","article_publisher":"http:\/\/www.facebook.com\/ZucchettiSoftware","article_modified_time":"2020-01-13T15:17:20+00:00","twitter_card":"summary_large_image","twitter_misc":{"Gesch\u00e4tzte Lesezeit":"2\u00a0Minuten"},"schema":{"@context":"https:\/\/schema.org","@graph":[{"@type":"WebPage","@id":"https:\/\/www.mago-erp.com\/de\/karriere.html","url":"https:\/\/www.mago-erp.com\/de\/karriere.html","name":"Karriere - Mago ERP","isPartOf":{"@id":"https:\/\/www.mago-erp.com\/de\/#website"},"datePublished":"2017-04-17T21:16:23+00:00","dateModified":"2020-01-13T15:17:20+00:00","breadcrumb":{"@id":"https:\/\/www.mago-erp.com\/de\/karriere.html#breadcrumb"},"inLanguage":"de","potentialAction":[{"@type":"ReadAction","target":["https:\/\/www.mago-erp.com\/de\/karriere.html"]}]},{"@type":"BreadcrumbList","@id":"https:\/\/www.mago-erp.com\/de\/karriere.html#breadcrumb","itemListElement":[{"@type":"ListItem","position":1,"name":"Home","item":"https:\/\/www.mago-erp.com\/de\/"},{"@type":"ListItem","position":2,"name":"Karriere"}]},{"@type":"WebSite","@id":"https:\/\/www.mago-erp.com\/de\/#website","url":"https:\/\/www.mago-erp.com\/de\/","name":"Mago ERP","description":"Mago ERP ist die prozessorientierte ERP-L\u00f6sung f\u00fcr den Mittelstand","publisher":{"@id":"https:\/\/www.mago-erp.com\/de\/#organization"},"potentialAction":[{"@type":"SearchAction","target":{"@type":"EntryPoint","urlTemplate":"https:\/\/www.mago-erp.com\/de\/?s={search_term_string}"},"query-input":{"@type":"PropertyValueSpecification","valueRequired":true,"valueName":"search_term_string"}}],"inLanguage":"de"},{"@type":"Organization","@id":"https:\/\/www.mago-erp.com\/de\/#organization","name":"Zucchetti Group","url":"https:\/\/www.mago-erp.com\/de\/","logo":{"@type":"ImageObject","inLanguage":"de","@id":"https:\/\/www.mago-erp.com\/de\/#\/schema\/logo\/image\/","url":"https:\/\/www.mago-erp.com\/de\/wp-content\/uploads\/2018\/04\/logo.png","contentUrl":"https:\/\/www.mago-erp.com\/de\/wp-content\/uploads\/2018\/04\/logo.png","width":400,"height":98,"caption":"Zucchetti Group"},"image":{"@id":"https:\/\/www.mago-erp.com\/de\/#\/schema\/logo\/image\/"},"sameAs":["http:\/\/www.facebook.com\/ZucchettiSoftware","http:\/\/www.linkedin.com\/company\/zucchetti","http:\/\/www.youtube.com\/mktzucche"]}]}},"_links":{"self":[{"href":"https:\/\/www.mago-erp.com\/de\/wp-json\/wp\/v2\/pages\/1188","targetHints":{"allow":["GET"]}}],"collection":[{"href":"https:\/\/www.mago-erp.com\/de\/wp-json\/wp\/v2\/pages"}],"about":[{"href":"https:\/\/www.mago-erp.com\/de\/wp-json\/wp\/v2\/types\/page"}],"author":[{"embeddable":true,"href":"https:\/\/www.mago-erp.com\/de\/wp-json\/wp\/v2\/users\/6"}],"replies":[{"embeddable":true,"href":"https:\/\/www.mago-erp.com\/de\/wp-json\/wp\/v2\/comments?post=1188"}],"version-history":[{"count":0,"href":"https:\/\/www.mago-erp.com\/de\/wp-json\/wp\/v2\/pages\/1188\/revisions"}],"wp:attachment":[{"href":"https:\/\/www.mago-erp.com\/de\/wp-json\/wp\/v2\/media?parent=1188"}],"curies":[{"name":"wp","href":"https:\/\/api.w.org\/{rel}","templated":true}]}}