{"id":1197,"date":"2017-04-17T23:48:53","date_gmt":"2017-04-17T21:48:53","guid":{"rendered":"https:\/\/www.mago-erp.com\/de\/?page_id=1197"},"modified":"2020-01-29T18:16:47","modified_gmt":"2020-01-29T17:16:47","slug":"veranstaltungen","status":"publish","type":"page","link":"https:\/\/www.mago-erp.com\/de\/veranstaltungen.html","title":{"rendered":"Veranstaltungen"},"content":{"rendered":"<div class=\"wpb-content-wrapper\"><p>[vc_row][vc_column width=&#8220;9\/12&#8243;][vc_empty_space height=&#8220;50px&#8220;][vc_custom_heading text=&#8220;KALENDER&#8220; use_theme_fonts=&#8220;yes&#8220; text_transform=&#8220;text-uppercase&#8220; css=&#8220;.vc_custom_1492467725001{margin-bottom: 30px !important;}&#8220;][vc_column_text]<\/p>\n<p>Zucchetti bietet jedes Jahr zahlreiche \u00f6ffentliche Veranstaltungen an:<\/p>\n<ul type=\"disc\">\n<li><strong>Konferenzen\u00a0<\/strong>zur Pr\u00e4sentation neuer L\u00f6sungen<\/li>\n<li><strong>Initiativen<\/strong> in gemeinsamer Organisation mit anderen Unternehmen, an denen Zucchetti teilnimmt<\/li>\n<li>Landesweite und lokale\u00a0<strong>Messen und Ausstellungen<\/strong><\/li>\n<li><strong>Meetings<\/strong>\u00a0mit Partnerunternehmen<\/li>\n<li><strong>Treffen\u00a0<\/strong>mit Schulen und Universit\u00e4ten<\/li>\n<\/ul>\n<p>[\/vc_column_text][vc_empty_space]<div class=\"porto-toggles wpb_content_element  toggle-primary\">[vc_toggle title=&#8220;Mago ERP mit Zucchetti auf der EuroShop 2020&#8243; el_id=&#8220;1525418858403-4d6ad023-8c81&#8243;]<a href=\"https:\/\/www.zucchetti.com\/de\/zucchetti-auf-der-euroshop-2020.html\"><strong><img loading=\"lazy\" decoding=\"async\" class=\"alignleft wp-image-4685\" src=\"https:\/\/www.zucchetti.com\/de\/wp-content\/uploads\/2020\/01\/euroshop_ing_520x520_2020.jpg\" alt=\"Zucchetti at EUROSHOP\" width=\"153\" height=\"153\" \/><\/strong><\/a><\/p>\n<p><strong>Wann<\/strong>: 16. \u2013 20. Februar 2020<br \/>\n<strong>Wo<\/strong>: D\u00fcsseldorf, Deutschland<br \/>\nMit unseren Kollegen von der Zucchetti-Gruppe pr\u00e4sentieren wir auf der EuroShop unsere Produkt-Highlights f\u00fcr den Einzelhandel und den digitalen POS: TCApp, Self-Ordering Kiosk, Digital Signage sowie Mago ERP, e-Commerce L\u00f6sungen und die Workforce Management L\u00f6sung\u00a0<em>Infinity<\/em>.<br \/>\n<strong>Besuchen Sie uns:\u00a0Halle 6, Stand E31<\/strong>[\/vc_toggle]<\/div>[\/vc_column][vc_column width=&#8220;2\/12&#8243;][vc_empty_space height=&#8220;50px&#8220;]<div class=\"uavc-list-icon uavc-list-icon-wrapper ult-adjust-bottom-margin   \"><ul class=\"uavc-list\"><li><div class=\"uavc-list-content\" id=\"list-icon-wrap-1856\">\n<div class=\"uavc-list-icon  \" data-animation=\"\" data-animation-delay=\"03\" style=\"margin-right:16px;\"><div class=\"ult-just-icon-wrapper  \"><div class=\"align-icon\" style=\"text-align:center;\">\n<div class=\"aio-icon none \"  style=\"color:#333333;font-size:16px;display:inline-block;\">\n\t<i class=\"none\"><\/i>\n<\/div><\/div><\/div>\n<\/div><span  data-ultimate-target='#list-icon-wrap-1856 .uavc-list-desc'  data-responsive-json-new='{\"font-size\":\"\",\"line-height\":\"\"}'  class=\"uavc-list-desc ult-responsive\" style=\"\"><a href=\"http:\/\/www.zucchetti.com\/de\/veranstaltungen.html\">KALENDER<\/a><\/span><\/div><\/li><\/ul><\/div>[\/vc_column][\/vc_row][vc_row][vc_column][vc_empty_space height=&#8220;60px&#8220;][\/vc_column][\/vc_row]<\/p>\n<\/div>","protected":false},"excerpt":{"rendered":"<p>[vc_row][vc_column width=&#8220;9\/12&#8243;][vc_empty_space height=&#8220;50px&#8220;][vc_custom_heading text=&#8220;KALENDER&#8220; use_theme_fonts=&#8220;yes&#8220; text_transform=&#8220;text-uppercase&#8220; css=&#8220;.vc_custom_1492467725001{margin-bottom: 30px !important;}&#8220;][vc_column_text] Zucchetti bietet jedes Jahr zahlreiche \u00f6ffentliche Veranstaltungen an: Konferenzen\u00a0zur Pr\u00e4sentation neuer L\u00f6sungen Initiativen in gemeinsamer Organisation mit anderen Unternehmen, an denen Zucchetti teilnimmt Landesweite und lokale\u00a0Messen und Ausstellungen Meetings\u00a0mit Partnerunternehmen Treffen\u00a0mit Schulen und Universit\u00e4ten [\/vc_column_text][vc_empty_space][\/vc_column][vc_column width=&#8220;2\/12&#8243;][vc_empty_space height=&#8220;50px&#8220;][\/vc_column][\/vc_row][vc_row][vc_column][vc_empty_space height=&#8220;60px&#8220;][\/vc_column][\/vc_row]<\/p>\n","protected":false},"author":4,"featured_media":0,"parent":0,"menu_order":0,"comment_status":"closed","ping_status":"closed","template":"","meta":{"footnotes":""},"class_list":["post-1197","page","type-page","status-publish","hentry"],"yoast_head":"<!-- This site is optimized with the Yoast SEO plugin v26.8 - https:\/\/yoast.com\/product\/yoast-seo-wordpress\/ -->\n<title>Veranstaltungen und Events mit Mago ERP und Zucchetti weltweit<\/title>\n<meta name=\"description\" content=\"Besuchen Sie uns auf einer dieser Veranstaltungen und lernen Sie Mago ERP und das Team dahinter auf einer unserer Messen kennen.\" \/>\n<meta name=\"robots\" content=\"index, follow, max-snippet:-1, max-image-preview:large, max-video-preview:-1\" \/>\n<link rel=\"canonical\" href=\"https:\/\/www.mago-erp.com\/de\/veranstaltungen.html\" \/>\n<meta property=\"og:locale\" content=\"de_DE\" \/>\n<meta property=\"og:type\" content=\"article\" \/>\n<meta property=\"og:title\" content=\"Veranstaltungen und Events mit Mago ERP und Zucchetti weltweit\" \/>\n<meta property=\"og:description\" content=\"Besuchen Sie uns auf einer dieser Veranstaltungen und lernen Sie Mago ERP und das Team dahinter auf einer unserer Messen kennen.\" \/>\n<meta property=\"og:url\" content=\"https:\/\/www.mago-erp.com\/de\/veranstaltungen.html\" \/>\n<meta property=\"og:site_name\" content=\"Mago ERP\" \/>\n<meta property=\"article:publisher\" content=\"http:\/\/www.facebook.com\/ZucchettiSoftware\" \/>\n<meta property=\"article:modified_time\" content=\"2020-01-29T17:16:47+00:00\" \/>\n<meta property=\"og:image\" content=\"https:\/\/www.zucchetti.com\/de\/wp-content\/uploads\/2020\/01\/euroshop_ing_520x520_2020.jpg\" \/>\n<meta name=\"twitter:card\" content=\"summary_large_image\" \/>\n<meta name=\"twitter:label1\" content=\"Gesch\u00e4tzte Lesezeit\" \/>\n\t<meta name=\"twitter:data1\" content=\"1\u00a0Minute\" \/>\n<script type=\"application\/ld+json\" class=\"yoast-schema-graph\">{\"@context\":\"https:\/\/schema.org\",\"@graph\":[{\"@type\":\"WebPage\",\"@id\":\"https:\/\/www.mago-erp.com\/de\/veranstaltungen.html\",\"url\":\"https:\/\/www.mago-erp.com\/de\/veranstaltungen.html\",\"name\":\"Veranstaltungen und Events mit Mago ERP und Zucchetti weltweit\",\"isPartOf\":{\"@id\":\"https:\/\/www.mago-erp.com\/de\/#website\"},\"primaryImageOfPage\":{\"@id\":\"https:\/\/www.mago-erp.com\/de\/veranstaltungen.html#primaryimage\"},\"image\":{\"@id\":\"https:\/\/www.mago-erp.com\/de\/veranstaltungen.html#primaryimage\"},\"thumbnailUrl\":\"https:\/\/www.zucchetti.com\/de\/wp-content\/uploads\/2020\/01\/euroshop_ing_520x520_2020.jpg\",\"datePublished\":\"2017-04-17T21:48:53+00:00\",\"dateModified\":\"2020-01-29T17:16:47+00:00\",\"description\":\"Besuchen Sie uns auf einer dieser Veranstaltungen und lernen Sie Mago ERP und das Team dahinter auf einer unserer Messen kennen.\",\"breadcrumb\":{\"@id\":\"https:\/\/www.mago-erp.com\/de\/veranstaltungen.html#breadcrumb\"},\"inLanguage\":\"de\",\"potentialAction\":[{\"@type\":\"ReadAction\",\"target\":[\"https:\/\/www.mago-erp.com\/de\/veranstaltungen.html\"]}]},{\"@type\":\"ImageObject\",\"inLanguage\":\"de\",\"@id\":\"https:\/\/www.mago-erp.com\/de\/veranstaltungen.html#primaryimage\",\"url\":\"https:\/\/www.zucchetti.com\/de\/wp-content\/uploads\/2020\/01\/euroshop_ing_520x520_2020.jpg\",\"contentUrl\":\"https:\/\/www.zucchetti.com\/de\/wp-content\/uploads\/2020\/01\/euroshop_ing_520x520_2020.jpg\"},{\"@type\":\"BreadcrumbList\",\"@id\":\"https:\/\/www.mago-erp.com\/de\/veranstaltungen.html#breadcrumb\",\"itemListElement\":[{\"@type\":\"ListItem\",\"position\":1,\"name\":\"Home\",\"item\":\"https:\/\/www.mago-erp.com\/de\/\"},{\"@type\":\"ListItem\",\"position\":2,\"name\":\"Veranstaltungen\"}]},{\"@type\":\"WebSite\",\"@id\":\"https:\/\/www.mago-erp.com\/de\/#website\",\"url\":\"https:\/\/www.mago-erp.com\/de\/\",\"name\":\"Mago ERP\",\"description\":\"Mago ERP ist die prozessorientierte ERP-L\u00f6sung f\u00fcr den Mittelstand\",\"publisher\":{\"@id\":\"https:\/\/www.mago-erp.com\/de\/#organization\"},\"potentialAction\":[{\"@type\":\"SearchAction\",\"target\":{\"@type\":\"EntryPoint\",\"urlTemplate\":\"https:\/\/www.mago-erp.com\/de\/?s={search_term_string}\"},\"query-input\":{\"@type\":\"PropertyValueSpecification\",\"valueRequired\":true,\"valueName\":\"search_term_string\"}}],\"inLanguage\":\"de\"},{\"@type\":\"Organization\",\"@id\":\"https:\/\/www.mago-erp.com\/de\/#organization\",\"name\":\"Zucchetti Group\",\"url\":\"https:\/\/www.mago-erp.com\/de\/\",\"logo\":{\"@type\":\"ImageObject\",\"inLanguage\":\"de\",\"@id\":\"https:\/\/www.mago-erp.com\/de\/#\/schema\/logo\/image\/\",\"url\":\"https:\/\/www.mago-erp.com\/de\/wp-content\/uploads\/2018\/04\/logo.png\",\"contentUrl\":\"https:\/\/www.mago-erp.com\/de\/wp-content\/uploads\/2018\/04\/logo.png\",\"width\":400,\"height\":98,\"caption\":\"Zucchetti Group\"},\"image\":{\"@id\":\"https:\/\/www.mago-erp.com\/de\/#\/schema\/logo\/image\/\"},\"sameAs\":[\"http:\/\/www.facebook.com\/ZucchettiSoftware\",\"http:\/\/www.linkedin.com\/company\/zucchetti\",\"http:\/\/www.youtube.com\/mktzucche\"]}]}<\/script>\n<!-- \/ Yoast SEO plugin. -->","yoast_head_json":{"title":"Veranstaltungen und Events mit Mago ERP und Zucchetti weltweit","description":"Besuchen Sie uns auf einer dieser Veranstaltungen und lernen Sie Mago ERP und das Team dahinter auf einer unserer Messen kennen.","robots":{"index":"index","follow":"follow","max-snippet":"max-snippet:-1","max-image-preview":"max-image-preview:large","max-video-preview":"max-video-preview:-1"},"canonical":"https:\/\/www.mago-erp.com\/de\/veranstaltungen.html","og_locale":"de_DE","og_type":"article","og_title":"Veranstaltungen und Events mit Mago ERP und Zucchetti weltweit","og_description":"Besuchen Sie uns auf einer dieser Veranstaltungen und lernen Sie Mago ERP und das Team dahinter auf einer unserer Messen kennen.","og_url":"https:\/\/www.mago-erp.com\/de\/veranstaltungen.html","og_site_name":"Mago ERP","article_publisher":"http:\/\/www.facebook.com\/ZucchettiSoftware","article_modified_time":"2020-01-29T17:16:47+00:00","og_image":[{"url":"https:\/\/www.zucchetti.com\/de\/wp-content\/uploads\/2020\/01\/euroshop_ing_520x520_2020.jpg","type":"","width":"","height":""}],"twitter_card":"summary_large_image","twitter_misc":{"Gesch\u00e4tzte Lesezeit":"1\u00a0Minute"},"schema":{"@context":"https:\/\/schema.org","@graph":[{"@type":"WebPage","@id":"https:\/\/www.mago-erp.com\/de\/veranstaltungen.html","url":"https:\/\/www.mago-erp.com\/de\/veranstaltungen.html","name":"Veranstaltungen und Events mit Mago ERP und Zucchetti weltweit","isPartOf":{"@id":"https:\/\/www.mago-erp.com\/de\/#website"},"primaryImageOfPage":{"@id":"https:\/\/www.mago-erp.com\/de\/veranstaltungen.html#primaryimage"},"image":{"@id":"https:\/\/www.mago-erp.com\/de\/veranstaltungen.html#primaryimage"},"thumbnailUrl":"https:\/\/www.zucchetti.com\/de\/wp-content\/uploads\/2020\/01\/euroshop_ing_520x520_2020.jpg","datePublished":"2017-04-17T21:48:53+00:00","dateModified":"2020-01-29T17:16:47+00:00","description":"Besuchen Sie uns auf einer dieser Veranstaltungen und lernen Sie Mago ERP und das Team dahinter auf einer unserer Messen kennen.","breadcrumb":{"@id":"https:\/\/www.mago-erp.com\/de\/veranstaltungen.html#breadcrumb"},"inLanguage":"de","potentialAction":[{"@type":"ReadAction","target":["https:\/\/www.mago-erp.com\/de\/veranstaltungen.html"]}]},{"@type":"ImageObject","inLanguage":"de","@id":"https:\/\/www.mago-erp.com\/de\/veranstaltungen.html#primaryimage","url":"https:\/\/www.zucchetti.com\/de\/wp-content\/uploads\/2020\/01\/euroshop_ing_520x520_2020.jpg","contentUrl":"https:\/\/www.zucchetti.com\/de\/wp-content\/uploads\/2020\/01\/euroshop_ing_520x520_2020.jpg"},{"@type":"BreadcrumbList","@id":"https:\/\/www.mago-erp.com\/de\/veranstaltungen.html#breadcrumb","itemListElement":[{"@type":"ListItem","position":1,"name":"Home","item":"https:\/\/www.mago-erp.com\/de\/"},{"@type":"ListItem","position":2,"name":"Veranstaltungen"}]},{"@type":"WebSite","@id":"https:\/\/www.mago-erp.com\/de\/#website","url":"https:\/\/www.mago-erp.com\/de\/","name":"Mago ERP","description":"Mago ERP ist die prozessorientierte ERP-L\u00f6sung f\u00fcr den Mittelstand","publisher":{"@id":"https:\/\/www.mago-erp.com\/de\/#organization"},"potentialAction":[{"@type":"SearchAction","target":{"@type":"EntryPoint","urlTemplate":"https:\/\/www.mago-erp.com\/de\/?s={search_term_string}"},"query-input":{"@type":"PropertyValueSpecification","valueRequired":true,"valueName":"search_term_string"}}],"inLanguage":"de"},{"@type":"Organization","@id":"https:\/\/www.mago-erp.com\/de\/#organization","name":"Zucchetti Group","url":"https:\/\/www.mago-erp.com\/de\/","logo":{"@type":"ImageObject","inLanguage":"de","@id":"https:\/\/www.mago-erp.com\/de\/#\/schema\/logo\/image\/","url":"https:\/\/www.mago-erp.com\/de\/wp-content\/uploads\/2018\/04\/logo.png","contentUrl":"https:\/\/www.mago-erp.com\/de\/wp-content\/uploads\/2018\/04\/logo.png","width":400,"height":98,"caption":"Zucchetti Group"},"image":{"@id":"https:\/\/www.mago-erp.com\/de\/#\/schema\/logo\/image\/"},"sameAs":["http:\/\/www.facebook.com\/ZucchettiSoftware","http:\/\/www.linkedin.com\/company\/zucchetti","http:\/\/www.youtube.com\/mktzucche"]}]}},"_links":{"self":[{"href":"https:\/\/www.mago-erp.com\/de\/wp-json\/wp\/v2\/pages\/1197","targetHints":{"allow":["GET"]}}],"collection":[{"href":"https:\/\/www.mago-erp.com\/de\/wp-json\/wp\/v2\/pages"}],"about":[{"href":"https:\/\/www.mago-erp.com\/de\/wp-json\/wp\/v2\/types\/page"}],"author":[{"embeddable":true,"href":"https:\/\/www.mago-erp.com\/de\/wp-json\/wp\/v2\/users\/4"}],"replies":[{"embeddable":true,"href":"https:\/\/www.mago-erp.com\/de\/wp-json\/wp\/v2\/comments?post=1197"}],"version-history":[{"count":0,"href":"https:\/\/www.mago-erp.com\/de\/wp-json\/wp\/v2\/pages\/1197\/revisions"}],"wp:attachment":[{"href":"https:\/\/www.mago-erp.com\/de\/wp-json\/wp\/v2\/media?parent=1197"}],"curies":[{"name":"wp","href":"https:\/\/api.w.org\/{rel}","templated":true}]}}