{"id":4080,"date":"2018-05-17T19:40:36","date_gmt":"2018-05-17T17:40:36","guid":{"rendered":"https:\/\/www.mago-erp.com\/de\/?page_id=4080"},"modified":"2018-08-03T17:17:26","modified_gmt":"2018-08-03T15:17:26","slug":"meinungen","status":"publish","type":"page","link":"https:\/\/www.mago-erp.com\/de\/meinungen.html","title":{"rendered":"Meinungen"},"content":{"rendered":"<div class=\"wpb-content-wrapper\"><p>[vc_row full_width=&#8220;stretch_row&#8220; equal_height=&#8220;yes&#8220; content_placement=&#8220;middle&#8220; parallax=&#8220;content-moving&#8220; wrap_container=&#8220;yes&#8220; css=&#8220;.vc_custom_1526658548271{margin-bottom: 40px !important;}&#8220;][vc_column animation_type=&#8220;fadeIn&#8220;][rev_slider_vc alias=&#8220;meinungen&#8220;][\/vc_column][\/vc_row][vc_row full_width=&#8220;stretch_row&#8220; equal_height=&#8220;yes&#8220; content_placement=&#8220;middle&#8220; parallax=&#8220;content-moving&#8220; disable_element=&#8220;yes&#8220; wrap_container=&#8220;yes&#8220; css=&#8220;.vc_custom_1526658573768{margin-bottom: 40px !important;background-image: url(https:\/\/www.mago-erp.com\/de\/wp-content\/uploads\/2018\/04\/665481590.jpg?id=3369) !important;}&#8220;][vc_column animation_type=&#8220;fadeIn&#8220;][vc_empty_space height=&#8220;200px&#8220;][vc_row_inner equal_height=&#8220;yes&#8220; el_class=&#8220;rounded-right&#8220;][vc_column_inner width=&#8220;1\/3&#8243;][\/vc_column_inner][vc_column_inner width=&#8220;2\/3&#8243; css=&#8220;.vc_custom_1526369962189{padding-top: 15px !important;padding-right: 40px !important;padding-bottom: 5px !important;padding-left: 40px !important;background-color: rgba(255,255,255,0.75) !important;*background-color: rgb(255,255,255) !important;}&#8220; animation_type=&#8220;fadeIn&#8220;][vc_custom_heading text=&#8220;Was \u00fcber uns gesagt wird&#8220; font_container=&#8220;tag:h2|font_size:40|text_align:center|color:%230a0a0a|line_height:1.2&#8243; google_fonts=&#8220;font_family:Roboto%3A100%2C100italic%2C300%2C300italic%2Cregular%2Citalic%2C500%2C500italic%2C700%2C700italic%2C900%2C900italic|font_style:300%20light%20regular%3A300%3Anormal&#8220;][\/vc_column_inner][\/vc_row_inner][vc_empty_space height=&#8220;80px&#8220;][\/vc_column][\/vc_row][vc_row full_width=&#8220;stretch_row&#8220; wrap_container=&#8220;yes&#8220; text_align=&#8220;left&#8220; remove_margin_top=&#8220;yes&#8220; remove_margin_bottom=&#8220;yes&#8220; remove_border=&#8220;yes&#8220; css=&#8220;.vc_custom_1525945641274{margin-top: 20px !important;margin-right: 0px !important;margin-bottom: 0px !important;margin-left: 0px !important;border-top-width: 0px !important;border-right-width: 0px !important;border-bottom-width: 0px !important;border-left-width: 0px !important;padding-top: 0px !important;padding-right: 0px !important;padding-bottom: 40px !important;padding-left: 0px !important;}&#8220; el_class=&#8220;bg-custom-color-1&#8243;][vc_column width=&#8220;2\/3&#8243;][vc_empty_space height=&#8220;60px&#8220;][vc_column_text]<\/p>\n<h1>Ob unsere Kunden zufrieden sind?<\/h1>\n<p>[\/vc_column_text][vc_empty_space][vc_column_text]Ja, unsere Kunden sind zufrieden. Wir wissen es, weil sie es uns sagen. Nat\u00fcrlich ist es schwierig, von \u00fcber 10.000 Kunden R\u00fcckmeldungen zu erhalten, dennoch teilen unsere Partner uns immer wieder mit, dass unsere Kunden mit Mago ERP zufrieden sind.<\/p>\n<p>Selbstverst\u00e4ndlich l\u00e4uft nicht alles rund und auch zus\u00e4tzliche Anforderungen werden immer wieder an uns herangetragen, aber gerade da entscheidet sich, ob ein Kunde begeistert werden kann. Eine gute L\u00f6sung ist die eine Seite, mindestens ebenso wichtig ist der Umgang miteinander.<\/p>\n<p>Wir verstehen uns als Team. Mit unseren Partnern und unseren Kunden. Neben Mago ERP als L\u00f6sung ist das der Grund, warum unsere Kunden zufrieden sind.\u00a0Einige Aussagen haben wir zusammengetragen.[\/vc_column_text][\/vc_column][vc_column width=&#8220;1\/3&#8243;][vc_empty_space height=&#8220;60px&#8220;][vc_column_text]<\/p>\n<h1>Referenz gesucht?<\/h1>\n<p>[\/vc_column_text][vc_empty_space][vc_column_text]Wenn Sie bez\u00fcglich konkreter Anforderungen hier nach bestimmten Referenzprojekten suchen, k\u00f6nnen Sie sich gerne direkt an uns \u00fcber unseren <a href=\"https:\/\/www.mago-erp.com\/de\/kontakte.html\">Kontakt<\/a> wenden.<\/p>\n<p>Wir senden Ihnen gerne einige der Unternehmen zu, die auch in Ihrer Branche Mago ERP erfolgreich einsetzen. Vielleicht irgendwo, aber ganz bestimmt Ihre Branche.[\/vc_column_text][\/vc_column][\/vc_row][vc_row full_width=&#8220;stretch_row&#8220; wrap_container=&#8220;yes&#8220; text_align=&#8220;left&#8220; remove_margin_top=&#8220;yes&#8220; remove_margin_bottom=&#8220;yes&#8220; remove_border=&#8220;yes&#8220; el_class=&#8220;bg-custom-color-1&#8243; css=&#8220;.vc_custom_1526579254290{background-color: #e8e8e8 !important;}&#8220;][vc_column][vc_empty_space height=&#8220;45px&#8220;][\/vc_column][vc_column width=&#8220;1\/4&#8243;][vc_single_image image=&#8220;4207&#8243; img_size=&#8220;full&#8220; alignment=&#8220;center&#8220; onclick=&#8220;custom_link&#8220; img_link_target=&#8220;_blank&#8220; link=&#8220;http:\/\/www.marettomarflex.com\/&#8220;][\/vc_column][vc_column width=&#8220;3\/4&#8243;][vc_column_text]<\/p>\n<h2>MARETTO MARFLEX<\/h2>\n<p>&nbsp;<\/p>\n<blockquote><p>Mago ERP erm\u00f6glicht uns, Entscheidungen sehr schnell zu treffen, weil wir korrekte und aktuelle Informatoinen \u00fcber das Unternehmen direkt erhalten. F\u00fcr uns war es essenziell, eine ERP-L\u00f6sung mit voller Integration von Office zu haben. Schlussendlich haben wir uns f\u00fcr Mago entschieden.<\/p><\/blockquote>\n<p><strong><em>Maretto Marflex &#8211; Mitinhaber<\/em><\/strong>[\/vc_column_text][vc_empty_space height=&#8220;45px&#8220;][\/vc_column][\/vc_row][vc_row full_width=&#8220;stretch_row&#8220; wrap_container=&#8220;yes&#8220; text_align=&#8220;left&#8220; remove_margin_top=&#8220;yes&#8220; remove_margin_bottom=&#8220;yes&#8220; remove_border=&#8220;yes&#8220; el_class=&#8220;bg-custom-color-1&#8243;][vc_column][vc_empty_space height=&#8220;45px&#8220;][\/vc_column][vc_column width=&#8220;1\/4&#8243;][vc_single_image image=&#8220;4232&#8243; img_size=&#8220;full&#8220; alignment=&#8220;center&#8220; onclick=&#8220;custom_link&#8220; img_link_target=&#8220;_blank&#8220; link=&#8220;http:\/\/www.bianchifontana.com\/en\/&#8220;][\/vc_column][vc_column width=&#8220;3\/4&#8243;][vc_column_text]<\/p>\n<h2>BIANCHI&amp;FONTANA SRL<\/h2>\n<p>&nbsp;<\/p>\n<blockquote><p>Direkt ab Start der Einf\u00fchrung von Mago ERP konnten wir in der Verwaltung positive Effekte sehen, zum einen in der verbesserten Effizienz und zum anderen in der gestiegenen Produktivit\u00e4t.<\/p><\/blockquote>\n<p><strong><em>Alberto Bianchi &#8211; Inhaber<\/em><\/strong>[\/vc_column_text][vc_empty_space height=&#8220;45px&#8220;][\/vc_column][\/vc_row][vc_row full_width=&#8220;stretch_row&#8220; wrap_container=&#8220;yes&#8220; text_align=&#8220;left&#8220; remove_margin_top=&#8220;yes&#8220; remove_margin_bottom=&#8220;yes&#8220; remove_border=&#8220;yes&#8220; el_class=&#8220;bg-custom-color-1&#8243; css=&#8220;.vc_custom_1526579254290{background-color: #e8e8e8 !important;}&#8220;][vc_column][vc_empty_space height=&#8220;45px&#8220;][\/vc_column][vc_column width=&#8220;1\/4&#8243; css=&#8220;.vc_custom_1527079702334{margin-bottom: 40px !important;}&#8220;][vc_single_image image=&#8220;4218&#8243; img_size=&#8220;full&#8220; alignment=&#8220;center&#8220; onclick=&#8220;custom_link&#8220; img_link_target=&#8220;_blank&#8220; link=&#8220;http:\/\/www.capua1880.com\/&#8220;][\/vc_column][vc_column width=&#8220;3\/4&#8243;][vc_column_text]<\/p>\n<h2>CAPUA 1880 SRL<\/h2>\n<p>&nbsp;<\/p>\n<blockquote><p>\u00a0Durch die Einf\u00fchrung von BI mit Mago verbesserten sich die Erstellung, Zusammenf\u00fchrung und Organisation der statistischen Daten und des Controllings und konnten in Bereichen Geschwindigkeit, Detailtreue und Genauigkeit enorm verbessert werden, wie auch die \u00dcbersicht \u00fcber alle Informationen unsere Managementflexibilit\u00e4t erh\u00f6hen konnte.<\/p><\/blockquote>\n<p><strong><em>Alfonso Pedace &#8211;\u00a0\u00a0 IT manager<\/em><\/strong>[\/vc_column_text][vc_empty_space height=&#8220;45px&#8220;][\/vc_column][\/vc_row][vc_row full_width=&#8220;stretch_row&#8220; wrap_container=&#8220;yes&#8220; text_align=&#8220;left&#8220; remove_margin_top=&#8220;yes&#8220; remove_margin_bottom=&#8220;yes&#8220; remove_border=&#8220;yes&#8220; el_class=&#8220;bg-custom-color-1&#8243; css=&#8220;.vc_custom_1526579773729{background-color: #ffffff !important;}&#8220;][vc_column][vc_empty_space height=&#8220;45px&#8220;][\/vc_column][vc_column width=&#8220;1\/4&#8243; css=&#8220;.vc_custom_1527079726077{margin-bottom: 40px !important;}&#8220;][vc_single_image image=&#8220;4222&#8243; img_size=&#8220;full&#8220; alignment=&#8220;center&#8220; onclick=&#8220;custom_link&#8220; img_link_target=&#8220;_blank&#8220; link=&#8220;http:\/\/www.uniservicemarine.com\/&#8220;][\/vc_column][vc_column width=&#8220;3\/4&#8243;][vc_column_text]<\/p>\n<h2>URRUTY GG. NIEGO SRL<\/h2>\n<p>&nbsp;<\/p>\n<blockquote><p>Die Einf\u00fchrung eines so individuell entwickelten Systems wie Mago und die Partnerschaft mit unserem Reseller waren entscheidende Gr\u00fcnde f\u00fcr den Erfolg des Projektes.<\/p><\/blockquote>\n<p><strong><em>Inhaber Urruty GG<\/em><\/strong>[\/vc_column_text][vc_empty_space height=&#8220;45px&#8220;][\/vc_column][\/vc_row][vc_row full_width=&#8220;stretch_row&#8220; wrap_container=&#8220;yes&#8220; text_align=&#8220;left&#8220; remove_margin_top=&#8220;yes&#8220; remove_margin_bottom=&#8220;yes&#8220; remove_border=&#8220;yes&#8220; el_class=&#8220;bg-custom-color-1&#8243; css=&#8220;.vc_custom_1526579254290{background-color: #e8e8e8 !important;}&#8220;][vc_column][vc_empty_space height=&#8220;45px&#8220;][\/vc_column][vc_column width=&#8220;1\/4&#8243; css=&#8220;.vc_custom_1527079738915{margin-bottom: 40px !important;}&#8220;][vc_single_image image=&#8220;4225&#8243; img_size=&#8220;full&#8220; alignment=&#8220;center&#8220; onclick=&#8220;custom_link&#8220; img_link_target=&#8220;_blank&#8220; link=&#8220;http:\/\/www.piron.it\/de&#8220;][\/vc_column][vc_column width=&#8220;3\/4&#8243;][vc_column_text]<\/p>\n<h2>PIRON SRL<\/h2>\n<p>&nbsp;<\/p>\n<blockquote><p>Wir haben Mago ausgew\u00e4hlt aufgrund der herausragenden Performance und exzellenten Referenzen. Ein Entscheidungskriterium war die Flexibilit\u00e4t, mit der das System auf unsere Arbeitsweise und die Bed\u00fcrfnisse der Anwender angepasst werden konnte. Sehr schneller Go-Live, schnelle Anpassungen und schneller Support, dank der au\u00dferordentlichen Stellung des Partners.<\/p><\/blockquote>\n<p><strong><em>Davide Tommasin &#8211; associate Piron<\/em><\/strong>[\/vc_column_text][vc_empty_space height=&#8220;45px&#8220;][\/vc_column][\/vc_row][vc_row full_width=&#8220;stretch_row&#8220; wrap_container=&#8220;yes&#8220; text_align=&#8220;left&#8220; remove_margin_top=&#8220;yes&#8220; remove_margin_bottom=&#8220;yes&#8220; remove_border=&#8220;yes&#8220; el_class=&#8220;bg-custom-color-1&#8243;][vc_column][vc_empty_space height=&#8220;45px&#8220;][\/vc_column][vc_column width=&#8220;1\/4&#8243; css=&#8220;.vc_custom_1527079749477{margin-bottom: 40px !important;}&#8220;][vc_single_image image=&#8220;4228&#8243; img_size=&#8220;full&#8220; alignment=&#8220;center&#8220; onclick=&#8220;custom_link&#8220; img_link_target=&#8220;_blank&#8220; link=&#8220; http:\/\/www.rch-europe.de\/&#8220;][\/vc_column][vc_column width=&#8220;3\/4&#8243;][vc_column_text]<\/p>\n<h2>RCH SPA<\/h2>\n<p>&nbsp;<\/p>\n<blockquote><p>Der Softwarewechsel zu Mago bei RCH brachte uns Vorteile im Bereich der Kundenzufriedenheit. Dank der MRP k\u00f6nnen wir jetzt die korrekten Produktionsmengen planen und die korrekte Zeit ermitteln, wann sie tats\u00e4chlich &#8222;marktreif&#8220; sind.<\/p><\/blockquote>\n<p><strong><em>Gian Paolo Rossato &#8211; Head of Management Control<\/em><\/strong>[\/vc_column_text][vc_empty_space height=&#8220;80px&#8220;][\/vc_column][\/vc_row][vc_row][vc_column][vc_empty_space][\/vc_column][\/vc_row]<\/p>\n<\/div>","protected":false},"excerpt":{"rendered":"<p>[vc_row full_width=&#8220;stretch_row&#8220; equal_height=&#8220;yes&#8220; content_placement=&#8220;middle&#8220; parallax=&#8220;content-moving&#8220; wrap_container=&#8220;yes&#8220; css=&#8220;.vc_custom_1526658548271{margin-bottom: 40px !important;}&#8220;][vc_column animation_type=&#8220;fadeIn&#8220;][rev_slider_vc alias=&#8220;meinungen&#8220;][\/vc_column][\/vc_row][vc_row full_width=&#8220;stretch_row&#8220; equal_height=&#8220;yes&#8220; content_placement=&#8220;middle&#8220; parallax=&#8220;content-moving&#8220; disable_element=&#8220;yes&#8220; wrap_container=&#8220;yes&#8220; css=&#8220;.vc_custom_1526658573768{margin-bottom: 40px !important;background-image: url(https:\/\/www.mago-erp.com\/de\/wp-content\/uploads\/2018\/04\/665481590.jpg?id=3369) !important;}&#8220;][vc_column animation_type=&#8220;fadeIn&#8220;][vc_empty_space height=&#8220;200px&#8220;][vc_row_inner equal_height=&#8220;yes&#8220; el_class=&#8220;rounded-right&#8220;][vc_column_inner width=&#8220;1\/3&#8243;][\/vc_column_inner][vc_column_inner width=&#8220;2\/3&#8243; css=&#8220;.vc_custom_1526369962189{padding-top: 15px !important;padding-right: 40px !important;padding-bottom: 5px !important;padding-left: 40px !important;background-color: rgba(255,255,255,0.75) !important;*background-color: rgb(255,255,255) !important;}&#8220; animation_type=&#8220;fadeIn&#8220;][vc_custom_heading text=&#8220;Was \u00fcber uns gesagt wird&#8220; font_container=&#8220;tag:h2|font_size:40|text_align:center|color:%230a0a0a|line_height:1.2&#8243; google_fonts=&#8220;font_family:Roboto%3A100%2C100italic%2C300%2C300italic%2Cregular%2Citalic%2C500%2C500italic%2C700%2C700italic%2C900%2C900italic|font_style:300%20light%20regular%3A300%3Anormal&#8220;][\/vc_column_inner][\/vc_row_inner][vc_empty_space height=&#8220;80px&#8220;][\/vc_column][\/vc_row][vc_row full_width=&#8220;stretch_row&#8220; wrap_container=&#8220;yes&#8220; text_align=&#8220;left&#8220; remove_margin_top=&#8220;yes&#8220; remove_margin_bottom=&#8220;yes&#8220; [&hellip;]<\/p>\n","protected":false},"author":4,"featured_media":0,"parent":0,"menu_order":0,"comment_status":"closed","ping_status":"closed","template":"","meta":{"footnotes":""},"class_list":["post-4080","page","type-page","status-publish","hentry"],"yoast_head":"<!-- This site is optimized with the Yoast SEO plugin v26.8 - https:\/\/yoast.com\/product\/yoast-seo-wordpress\/ -->\n<title>Meinungen - Mago ERP<\/title>\n<meta name=\"robots\" content=\"index, follow, max-snippet:-1, max-image-preview:large, max-video-preview:-1\" \/>\n<link rel=\"canonical\" href=\"https:\/\/www.mago-erp.com\/de\/meinungen.html\" \/>\n<meta property=\"og:locale\" content=\"de_DE\" \/>\n<meta property=\"og:type\" content=\"article\" \/>\n<meta property=\"og:title\" content=\"Meinungen - Mago ERP\" \/>\n<meta property=\"og:description\" content=\"[vc_row full_width=&#8220;stretch_row&#8220; equal_height=&#8220;yes&#8220; content_placement=&#8220;middle&#8220; parallax=&#8220;content-moving&#8220; wrap_container=&#8220;yes&#8220; css=&#8220;.vc_custom_1526658548271{margin-bottom: 40px !important;}&#8220;][vc_column animation_type=&#8220;fadeIn&#8220;][rev_slider_vc alias=&#8220;meinungen&#8220;][\/vc_column][\/vc_row][vc_row full_width=&#8220;stretch_row&#8220; equal_height=&#8220;yes&#8220; content_placement=&#8220;middle&#8220; parallax=&#8220;content-moving&#8220; disable_element=&#8220;yes&#8220; wrap_container=&#8220;yes&#8220; css=&#8220;.vc_custom_1526658573768{margin-bottom: 40px !important;background-image: url(https:\/\/www.mago-erp.com\/de\/wp-content\/uploads\/2018\/04\/665481590.jpg?id=3369) !important;}&#8220;][vc_column animation_type=&#8220;fadeIn&#8220;][vc_empty_space height=&#8220;200px&#8220;][vc_row_inner equal_height=&#8220;yes&#8220; el_class=&#8220;rounded-right&#8220;][vc_column_inner width=&#8220;1\/3&#8243;][\/vc_column_inner][vc_column_inner width=&#8220;2\/3&#8243; css=&#8220;.vc_custom_1526369962189{padding-top: 15px !important;padding-right: 40px !important;padding-bottom: 5px !important;padding-left: 40px !important;background-color: rgba(255,255,255,0.75) !important;*background-color: rgb(255,255,255) !important;}&#8220; animation_type=&#8220;fadeIn&#8220;][vc_custom_heading text=&#8220;Was \u00fcber uns gesagt wird&#8220; font_container=&#8220;tag:h2|font_size:40|text_align:center|color:%230a0a0a|line_height:1.2&#8243; google_fonts=&#8220;font_family:Roboto%3A100%2C100italic%2C300%2C300italic%2Cregular%2Citalic%2C500%2C500italic%2C700%2C700italic%2C900%2C900italic|font_style:300%20light%20regular%3A300%3Anormal&#8220;][\/vc_column_inner][\/vc_row_inner][vc_empty_space height=&#8220;80px&#8220;][\/vc_column][\/vc_row][vc_row full_width=&#8220;stretch_row&#8220; wrap_container=&#8220;yes&#8220; text_align=&#8220;left&#8220; remove_margin_top=&#8220;yes&#8220; remove_margin_bottom=&#8220;yes&#8220; [&hellip;]\" \/>\n<meta property=\"og:url\" content=\"https:\/\/www.mago-erp.com\/de\/meinungen.html\" \/>\n<meta property=\"og:site_name\" content=\"Mago ERP\" \/>\n<meta property=\"article:publisher\" content=\"http:\/\/www.facebook.com\/ZucchettiSoftware\" \/>\n<meta property=\"article:modified_time\" content=\"2018-08-03T15:17:26+00:00\" \/>\n<meta name=\"twitter:card\" content=\"summary_large_image\" \/>\n<meta name=\"twitter:label1\" content=\"Gesch\u00e4tzte Lesezeit\" \/>\n\t<meta name=\"twitter:data1\" content=\"7\u00a0Minuten\" \/>\n<script type=\"application\/ld+json\" class=\"yoast-schema-graph\">{\"@context\":\"https:\/\/schema.org\",\"@graph\":[{\"@type\":\"WebPage\",\"@id\":\"https:\/\/www.mago-erp.com\/de\/meinungen.html\",\"url\":\"https:\/\/www.mago-erp.com\/de\/meinungen.html\",\"name\":\"Meinungen - Mago ERP\",\"isPartOf\":{\"@id\":\"https:\/\/www.mago-erp.com\/de\/#website\"},\"datePublished\":\"2018-05-17T17:40:36+00:00\",\"dateModified\":\"2018-08-03T15:17:26+00:00\",\"breadcrumb\":{\"@id\":\"https:\/\/www.mago-erp.com\/de\/meinungen.html#breadcrumb\"},\"inLanguage\":\"de\",\"potentialAction\":[{\"@type\":\"ReadAction\",\"target\":[\"https:\/\/www.mago-erp.com\/de\/meinungen.html\"]}]},{\"@type\":\"BreadcrumbList\",\"@id\":\"https:\/\/www.mago-erp.com\/de\/meinungen.html#breadcrumb\",\"itemListElement\":[{\"@type\":\"ListItem\",\"position\":1,\"name\":\"Home\",\"item\":\"https:\/\/www.mago-erp.com\/de\/\"},{\"@type\":\"ListItem\",\"position\":2,\"name\":\"Meinungen\"}]},{\"@type\":\"WebSite\",\"@id\":\"https:\/\/www.mago-erp.com\/de\/#website\",\"url\":\"https:\/\/www.mago-erp.com\/de\/\",\"name\":\"Mago ERP\",\"description\":\"Mago ERP ist die prozessorientierte ERP-L\u00f6sung f\u00fcr den Mittelstand\",\"publisher\":{\"@id\":\"https:\/\/www.mago-erp.com\/de\/#organization\"},\"potentialAction\":[{\"@type\":\"SearchAction\",\"target\":{\"@type\":\"EntryPoint\",\"urlTemplate\":\"https:\/\/www.mago-erp.com\/de\/?s={search_term_string}\"},\"query-input\":{\"@type\":\"PropertyValueSpecification\",\"valueRequired\":true,\"valueName\":\"search_term_string\"}}],\"inLanguage\":\"de\"},{\"@type\":\"Organization\",\"@id\":\"https:\/\/www.mago-erp.com\/de\/#organization\",\"name\":\"Zucchetti Group\",\"url\":\"https:\/\/www.mago-erp.com\/de\/\",\"logo\":{\"@type\":\"ImageObject\",\"inLanguage\":\"de\",\"@id\":\"https:\/\/www.mago-erp.com\/de\/#\/schema\/logo\/image\/\",\"url\":\"https:\/\/www.mago-erp.com\/de\/wp-content\/uploads\/2018\/04\/logo.png\",\"contentUrl\":\"https:\/\/www.mago-erp.com\/de\/wp-content\/uploads\/2018\/04\/logo.png\",\"width\":400,\"height\":98,\"caption\":\"Zucchetti Group\"},\"image\":{\"@id\":\"https:\/\/www.mago-erp.com\/de\/#\/schema\/logo\/image\/\"},\"sameAs\":[\"http:\/\/www.facebook.com\/ZucchettiSoftware\",\"http:\/\/www.linkedin.com\/company\/zucchetti\",\"http:\/\/www.youtube.com\/mktzucche\"]}]}<\/script>\n<!-- \/ Yoast SEO plugin. -->","yoast_head_json":{"title":"Meinungen - Mago ERP","robots":{"index":"index","follow":"follow","max-snippet":"max-snippet:-1","max-image-preview":"max-image-preview:large","max-video-preview":"max-video-preview:-1"},"canonical":"https:\/\/www.mago-erp.com\/de\/meinungen.html","og_locale":"de_DE","og_type":"article","og_title":"Meinungen - Mago ERP","og_description":"[vc_row full_width=&#8220;stretch_row&#8220; equal_height=&#8220;yes&#8220; content_placement=&#8220;middle&#8220; parallax=&#8220;content-moving&#8220; wrap_container=&#8220;yes&#8220; css=&#8220;.vc_custom_1526658548271{margin-bottom: 40px !important;}&#8220;][vc_column animation_type=&#8220;fadeIn&#8220;][rev_slider_vc alias=&#8220;meinungen&#8220;][\/vc_column][\/vc_row][vc_row full_width=&#8220;stretch_row&#8220; equal_height=&#8220;yes&#8220; content_placement=&#8220;middle&#8220; parallax=&#8220;content-moving&#8220; disable_element=&#8220;yes&#8220; wrap_container=&#8220;yes&#8220; css=&#8220;.vc_custom_1526658573768{margin-bottom: 40px !important;background-image: url(https:\/\/www.mago-erp.com\/de\/wp-content\/uploads\/2018\/04\/665481590.jpg?id=3369) !important;}&#8220;][vc_column animation_type=&#8220;fadeIn&#8220;][vc_empty_space height=&#8220;200px&#8220;][vc_row_inner equal_height=&#8220;yes&#8220; el_class=&#8220;rounded-right&#8220;][vc_column_inner width=&#8220;1\/3&#8243;][\/vc_column_inner][vc_column_inner width=&#8220;2\/3&#8243; css=&#8220;.vc_custom_1526369962189{padding-top: 15px !important;padding-right: 40px !important;padding-bottom: 5px !important;padding-left: 40px !important;background-color: rgba(255,255,255,0.75) !important;*background-color: rgb(255,255,255) !important;}&#8220; animation_type=&#8220;fadeIn&#8220;][vc_custom_heading text=&#8220;Was \u00fcber uns gesagt wird&#8220; font_container=&#8220;tag:h2|font_size:40|text_align:center|color:%230a0a0a|line_height:1.2&#8243; google_fonts=&#8220;font_family:Roboto%3A100%2C100italic%2C300%2C300italic%2Cregular%2Citalic%2C500%2C500italic%2C700%2C700italic%2C900%2C900italic|font_style:300%20light%20regular%3A300%3Anormal&#8220;][\/vc_column_inner][\/vc_row_inner][vc_empty_space height=&#8220;80px&#8220;][\/vc_column][\/vc_row][vc_row full_width=&#8220;stretch_row&#8220; wrap_container=&#8220;yes&#8220; text_align=&#8220;left&#8220; remove_margin_top=&#8220;yes&#8220; remove_margin_bottom=&#8220;yes&#8220; [&hellip;]","og_url":"https:\/\/www.mago-erp.com\/de\/meinungen.html","og_site_name":"Mago ERP","article_publisher":"http:\/\/www.facebook.com\/ZucchettiSoftware","article_modified_time":"2018-08-03T15:17:26+00:00","twitter_card":"summary_large_image","twitter_misc":{"Gesch\u00e4tzte Lesezeit":"7\u00a0Minuten"},"schema":{"@context":"https:\/\/schema.org","@graph":[{"@type":"WebPage","@id":"https:\/\/www.mago-erp.com\/de\/meinungen.html","url":"https:\/\/www.mago-erp.com\/de\/meinungen.html","name":"Meinungen - Mago ERP","isPartOf":{"@id":"https:\/\/www.mago-erp.com\/de\/#website"},"datePublished":"2018-05-17T17:40:36+00:00","dateModified":"2018-08-03T15:17:26+00:00","breadcrumb":{"@id":"https:\/\/www.mago-erp.com\/de\/meinungen.html#breadcrumb"},"inLanguage":"de","potentialAction":[{"@type":"ReadAction","target":["https:\/\/www.mago-erp.com\/de\/meinungen.html"]}]},{"@type":"BreadcrumbList","@id":"https:\/\/www.mago-erp.com\/de\/meinungen.html#breadcrumb","itemListElement":[{"@type":"ListItem","position":1,"name":"Home","item":"https:\/\/www.mago-erp.com\/de\/"},{"@type":"ListItem","position":2,"name":"Meinungen"}]},{"@type":"WebSite","@id":"https:\/\/www.mago-erp.com\/de\/#website","url":"https:\/\/www.mago-erp.com\/de\/","name":"Mago ERP","description":"Mago ERP ist die prozessorientierte ERP-L\u00f6sung f\u00fcr den Mittelstand","publisher":{"@id":"https:\/\/www.mago-erp.com\/de\/#organization"},"potentialAction":[{"@type":"SearchAction","target":{"@type":"EntryPoint","urlTemplate":"https:\/\/www.mago-erp.com\/de\/?s={search_term_string}"},"query-input":{"@type":"PropertyValueSpecification","valueRequired":true,"valueName":"search_term_string"}}],"inLanguage":"de"},{"@type":"Organization","@id":"https:\/\/www.mago-erp.com\/de\/#organization","name":"Zucchetti Group","url":"https:\/\/www.mago-erp.com\/de\/","logo":{"@type":"ImageObject","inLanguage":"de","@id":"https:\/\/www.mago-erp.com\/de\/#\/schema\/logo\/image\/","url":"https:\/\/www.mago-erp.com\/de\/wp-content\/uploads\/2018\/04\/logo.png","contentUrl":"https:\/\/www.mago-erp.com\/de\/wp-content\/uploads\/2018\/04\/logo.png","width":400,"height":98,"caption":"Zucchetti Group"},"image":{"@id":"https:\/\/www.mago-erp.com\/de\/#\/schema\/logo\/image\/"},"sameAs":["http:\/\/www.facebook.com\/ZucchettiSoftware","http:\/\/www.linkedin.com\/company\/zucchetti","http:\/\/www.youtube.com\/mktzucche"]}]}},"_links":{"self":[{"href":"https:\/\/www.mago-erp.com\/de\/wp-json\/wp\/v2\/pages\/4080","targetHints":{"allow":["GET"]}}],"collection":[{"href":"https:\/\/www.mago-erp.com\/de\/wp-json\/wp\/v2\/pages"}],"about":[{"href":"https:\/\/www.mago-erp.com\/de\/wp-json\/wp\/v2\/types\/page"}],"author":[{"embeddable":true,"href":"https:\/\/www.mago-erp.com\/de\/wp-json\/wp\/v2\/users\/4"}],"replies":[{"embeddable":true,"href":"https:\/\/www.mago-erp.com\/de\/wp-json\/wp\/v2\/comments?post=4080"}],"version-history":[{"count":0,"href":"https:\/\/www.mago-erp.com\/de\/wp-json\/wp\/v2\/pages\/4080\/revisions"}],"wp:attachment":[{"href":"https:\/\/www.mago-erp.com\/de\/wp-json\/wp\/v2\/media?parent=4080"}],"curies":[{"name":"wp","href":"https:\/\/api.w.org\/{rel}","templated":true}]}}