{"id":10213,"date":"2019-04-17T12:09:37","date_gmt":"2019-04-17T10:09:37","guid":{"rendered":"https:\/\/www.mago-erp.com\/?page_id=10213"},"modified":"2021-12-15T11:58:53","modified_gmt":"2021-12-15T10:58:53","slug":"contabilita-analitica","status":"publish","type":"page","link":"https:\/\/www.mago-erp.com\/it\/software\/moduli\/gestione-amministrativa\/contabilita-analitica","title":{"rendered":"Contabilit\u00e0 analitica"},"content":{"rendered":"<div class=\"wpb-content-wrapper\">[vc_row full_width=&#8221;stretch_row&#8221; equal_height=&#8221;yes&#8221; content_placement=&#8221;middle&#8221; wrap_container=&#8221;yes&#8221; css=&#8221;.vc_custom_1526637162490{margin-bottom: 40px !important;background-color: #ffffff !important;background-position: center !important;background-repeat: no-repeat !important;background-size: cover !important;}&#8221; el_class=&#8221;bg-cover&#8221;][vc_column animation_type=&#8221;fadeIn&#8221;][rev_slider_vc alias=&#8221;it_contabilitaanalitica&#8221;][\/vc_column][\/vc_row][vc_row full_width=&#8221;stretch_row&#8221; wrap_container=&#8221;yes&#8221; text_align=&#8221;left&#8221; remove_margin_top=&#8221;yes&#8221; remove_margin_bottom=&#8221;yes&#8221; remove_border=&#8221;yes&#8221; css=&#8221;.vc_custom_1525957325142{margin-top: 20px !important;margin-right: 0px !important;margin-bottom: 0px !important;margin-left: 0px !important;border-top-width: 0px !important;border-right-width: 0px !important;border-bottom-width: 0px !important;border-left-width: 0px !important;padding-top: 0px !important;padding-right: 0px !important;padding-bottom: 40px !important;padding-left: 0px !important;}&#8221; el_class=&#8221;bg-custom-color-1&#8243;][vc_column][vc_custom_heading text=&#8221;Contabilit\u00e0 Analitica \u00e8 il modulo di Mago4 grazie al quale potrai leggere in modo chiaro e definito i dati economici della tua attivit\u00e0, controllarne l\u2019andamento e decidere le eventuali modifiche da apportare ai tuoi progetti.&#8221; font_container=&#8221;tag:h2|font_size:22|text_align:left|color:%230a0a0a|line_height:1.5&#8243; google_fonts=&#8221;font_family:Roboto%3A100%2C100italic%2C300%2C300italic%2Cregular%2Citalic%2C500%2C500italic%2C700%2C700italic%2C900%2C900italic|font_style:300%20light%20regular%3A300%3Anormal&#8221;][\/vc_column][\/vc_row][vc_row full_width=&#8221;stretch_row&#8221; wrap_container=&#8221;yes&#8221; text_align=&#8221;left&#8221; remove_margin_top=&#8221;yes&#8221; remove_margin_bottom=&#8221;yes&#8221; remove_border=&#8221;yes&#8221; css=&#8221;.vc_custom_1525416056455{margin-top: 40px !important;margin-right: 0px !important;margin-bottom: 0px !important;margin-left: 0px !important;border-top-width: 0px !important;border-right-width: 0px !important;border-bottom-width: 0px !important;border-left-width: 0px !important;padding-top: 0px !important;padding-right: 0px !important;padding-bottom: 40px !important;padding-left: 0px !important;}&#8221; el_class=&#8221;bg-custom-color-1&#8243;][vc_column width=&#8221;2\/3&#8243;][vc_column_text]\n<h1>Mago4 &#8211;\u00a0Contabilit\u00e0 Analitica<\/h1>\n[\/vc_column_text][vc_empty_space][vc_column_text css=&#8221;.vc_custom_1575303279930{padding-right: 50px !important;}&#8221;]Per monitorare tutti i fatti economici importanti che avvengono nella tua azienda, Mago4 mette a tua disposizione una soluzione non solo completa e flessibile, ma anche facile da utilizzare.<br \/>\nGrazie a questo modulo, potrai analizzare al meglio i dati della tua attivit\u00e0 e vedere quali elementi stanno rendendo in modo ottimale e quali possono essere migliorati.<br \/>\nContabilit\u00e0 Analitica si adatta perfettamente al tuo tipo di azienda, permettendoti di definire liberamente i centri di costo e le commesse pluriennali. Inoltre, si integra con la tua Contabilit\u00e0 Generale rendendo il tuo flusso di lavoro ancora pi\u00f9 veloce.<\/p>\n<h3>UNICO PIANO DEI CONTI<\/h3>\n<p>Contabilit\u00e0 Analitica funziona sullo stesso piano dei conti di Contabilit\u00e0 Generale e questo rende tutto davvero semplice e funzionale.<br \/>\nUna procedura automatica ti permette di abilitare velocemente i conti economici alle rilevazioni analitiche.<br \/>\nSe vuoi rilevare fatti extra-contabili, puoi creare degli appositi conti analitici che non sono presenti in Contabilit\u00e0 Generale.<\/p>\n<h3>CENTRI DI COSTO E COMMESSE<\/h3>\n<p>Organizza i tuoi dati rispetto alla loro destinazione, definendo centri di costo e commesse e potendone cos\u00ec analizzare meglio l\u2019andamento.<br \/>\nSe lavori su commessa esterna, puoi sempre associare informazioni utili come l\u2019anagrafica del cliente, la data di inizio e consegna e il prezzo concordato.<\/p>\n<h3>MODELLI DI RIPARTIZIONE<\/h3>\n<p>Genera rilevazioni automatiche sul conto utilizzando un apposito modello di ripartizione.<br \/>\nPuoi cos\u00ec scegliere se inserire manualmente le percentuali o lasciare che sia Mago4 a determinarle sulla base di diversi criteri come i metri quadrati di superficie, il numero dei dipendenti o il numero di ore di funzionamento delle macchine.<\/p>\n<h3>MOVIMENTI ANALITICI AUTOMATICI<\/h3>\n<p>Imposta centri di costo e commesse in ogni documento di vendita e di acquisto, il modulo Contabilit\u00e0 Analitica generer\u00e0 automaticamente i movimenti di consuntivo.<br \/>\nSe poi hai bisogno di rilevare i consumi di materiale per la produzione, Mago4 pu\u00f2 generare i movimenti analitici anche a partire dai movimenti di magazzino.<\/p>\n<h3>CONTROLLO DI GESTIONE<\/h3>\n<p>Contabilit\u00e0 Analitica ti permette di inserire anche movimenti analitici di preventivo, permettendoti un efficace controllo di gestione. Puoi ripartire il budget annuale su base mensile, trimestrale o semestrale per analizzare gli scostamenti tra preventivo e consuntivo e fare cos\u00ec le opportune correzioni, scegliendo la lista che ti \u00e8 pi\u00f9 utile tra le numerose a disposizione. Per esempio, puoi decidere di fare l\u2019analisi su base mensile o d\u2019esercizio, a valore e percentuali (per centri di costo e commesse), dettagliati per voce di costo o ricavo, oppure ancora riepilogati.<br \/>\nInoltre, puoi elaborare un bilancio analitico a sezioni contrapposte con la possibilit\u00e0 di scegliere se raggruppare o no i costi analitici e fare un confronto con un altro periodo fiscale o con valori di budget.<br \/>\nPuoi anche decidere se elaborarlo per centro di costo\/commessa, per gruppo o per azienda.<\/p>\n<h3>DIRECT E FULL COSTING<\/h3>\n<p>Con Mago4, hai la possibilit\u00e0 di attribuire il tipo di costo sul conto e ottenere cos\u00ec dei report di analisi secondo i sistemi Direct Costing e Full Costing.<\/p>\n<h3>RIBALTAMENTI<\/h3>\n<p>Attraverso l&#8217;utilizzo di appositi modelli di ribaltamento, disponibili per la Enterprise Edition di Mago4, puoi ripartire delle spese inizialmente attribuite in modo provvisorio a un centro di costo comodo. Cos\u00ec facendo, i saldi vengono ripartiti ai centri di costo e alle commesse di destinazione sulla base delle percentuali indicate.<br \/>\nPuoi inoltre scegliere se stornare il valore di partenza e se mantenere il conto analitico originale oppure utilizzare quello generico associato al centro di costo.<\/p>\n<h3>LINEE DI PRODOTTO<\/h3>\n<p>Infine, nell\u2019organizzare i dati rispetto alla loro destinazione, puoi anche definire una terza voce, la linea di prodotto, da associare al singolo articolo.<br \/>\nPuoi usare questa funzione &#8211; disponibile per la Enterprise Edition di Mago4 &#8211; come criterio sia nei modelli di ripartizione che nei movimenti analitici, ottenere analisi mensili e di esercizio e fare un apposito bilancio contrapposto per linea di prodotto.[\/vc_column_text][\/vc_column][vc_column width=&#8221;1\/3&#8243; css=&#8221;.vc_custom_1526299026918{padding: 25px !important;background-color: #f2f2f2 !important;}&#8221; el_class=&#8221;rounded&#8221;][vc_empty_space height=&#8221;25px&#8221;][vc_column_text]\n<h3>4 PUNTI DI FORZA<\/h3>\n[\/vc_column_text][vc_empty_space height=&#8221;20px&#8221;]<div class=\"uavc-list-icon uavc-list-icon-wrapper ult-adjust-bottom-margin   \"><ul class=\"uavc-list\"><li><div class=\"uavc-list-content\" id=\"list-icon-wrap-1645\">\n<div class=\"uavc-list-icon  \" data-animation=\"\" data-animation-delay=\"03\" style=\"margin-right:10px;\"><div class=\"ult-just-icon-wrapper  \"><div class=\"align-icon\" style=\"text-align:center;\">\n<div class=\"aio-icon none \"  style=\"color:#7c9896;font-size:40px;display:inline-block;\">\n\t<i class=\"Simple-Line-Icons-check\"><\/i>\n<\/div><\/div><\/div>\n<\/div><span  data-ultimate-target='#list-icon-wrap-1645 .uavc-list-desc'  data-responsive-json-new='{\"font-size\":\"\",\"line-height\":\"\"}'  class=\"uavc-list-desc ult-responsive\" style=\"\"><span style=\"font-size: 20px;\">SEMPLICIT\u00c0 \u00a0<\/span>Utilizzi lo stesso piano dei conti di Contabilit\u00e0 Generale. I movimenti analitici vengono generati in automatico.<\/span><\/div><\/li><li><div class=\"uavc-list-content\" id=\"list-icon-wrap-4580\">\n<div class=\"uavc-list-icon  \" data-animation=\"\" data-animation-delay=\"03\" style=\"margin-right:10px;\"><div class=\"ult-just-icon-wrapper  \"><div class=\"align-icon\" style=\"text-align:center;\">\n<div class=\"aio-icon none \"  style=\"color:#7c9896;font-size:40px;display:inline-block;\">\n\t<i class=\"Simple-Line-Icons-check\"><\/i>\n<\/div><\/div><\/div>\n<\/div><span  data-ultimate-target='#list-icon-wrap-4580 .uavc-list-desc'  data-responsive-json-new='{\"font-size\":\"\",\"line-height\":\"\"}'  class=\"uavc-list-desc ult-responsive\" style=\"\"><span style=\"font-size: 20px;\">MASSIMO CONTROLLO <\/span>\u00a0Numerose liste ti permettono una lettura dei dati immediata ed efficace.<br \/>\nAnalizza facilmente gli scostamenti tra preventivo e consuntivo.<\/span><\/div><\/li><li><div class=\"uavc-list-content\" id=\"list-icon-wrap-1797\">\n<div class=\"uavc-list-icon  \" data-animation=\"\" data-animation-delay=\"03\" style=\"margin-right:10px;\"><div class=\"ult-just-icon-wrapper  \"><div class=\"align-icon\" style=\"text-align:center;\">\n<div class=\"aio-icon none \"  style=\"color:#7c9896;font-size:40px;display:inline-block;\">\n\t<i class=\"Simple-Line-Icons-check\"><\/i>\n<\/div><\/div><\/div>\n<\/div><span  data-ultimate-target='#list-icon-wrap-1797 .uavc-list-desc'  data-responsive-json-new='{\"font-size\":\"\",\"line-height\":\"\"}'  class=\"uavc-list-desc ult-responsive\" style=\"\"><span style=\"font-size: 20px;\">FLESSIBILIT\u00c0\u00a0\u00a0<\/span> Ripartisci le voci sulla base di percentuali generate automaticamente o inserite a mano.<br \/>\nDefinisci i centri di costo e commesse per ogni documento.<\/span><\/div><\/li><li><div class=\"uavc-list-content\" id=\"list-icon-wrap-4163\">\n<div class=\"uavc-list-icon  \" data-animation=\"\" data-animation-delay=\"03\" style=\"margin-right:10px;\"><div class=\"ult-just-icon-wrapper  \"><div class=\"align-icon\" style=\"text-align:center;\">\n<div class=\"aio-icon none \"  style=\"color:#7c9896;font-size:40px;display:inline-block;\">\n\t<i class=\"Simple-Line-Icons-check\"><\/i>\n<\/div><\/div><\/div>\n<\/div><span  data-ultimate-target='#list-icon-wrap-4163 .uavc-list-desc'  data-responsive-json-new='{\"font-size\":\"\",\"line-height\":\"\"}'  class=\"uavc-list-desc ult-responsive\" style=\"\"><span style=\"font-size: 20px;\">ADATTABILIT\u00c0\u00a0<\/span> \u00a0Ottieni dei report anche secondo i sistemi Direct Costing e Full Costing.<\/span><\/div><\/li><\/ul><\/div>[vc_empty_space height=&#8221;30px&#8221;]<div class=\"aio-icon-component    style_3\"><a class=\"aio-icon-box-link\" href=\"https:\/\/www.mago-erp.com\/wp-content\/uploads\/2021\/12\/ERP_Mago4_modulo_contabilita_analitica_12.2021.pdf\" target=\"_blank\" rel=\"noopener\" ><div id=\"Info-box-wrap-8231\" class=\"aio-icon-box left-icon\" style=\"\"  ><div class=\"aio-icon-left\"><div class=\"ult-just-icon-wrapper  \"><div class=\"align-icon\" style=\"text-align:center;\">\n<div class=\"aio-icon circle \" data-animation=\"fadeIn\" data-animation-delay=\"03\" style=\"color:#ffffff;background:#34ae6a;font-size:32px;display:inline-block;\">\n\t<i class=\"Simple-Line-Icons-cloud-download\"><\/i>\n<\/div><\/div><\/div><\/div><div class=\"aio-ibd-block\"><div class=\"aio-icon-description ult-responsive\"  data-ultimate-target='#Info-box-wrap-8231 .aio-icon-description'  data-responsive-json-new='{\"font-size\":\"\",\"line-height\":\"\"}'  style=\"\">\n<h2>Download<\/h2>\n<\/div> <!-- description --><\/div> <!-- aio-ibd-block --><\/div> <!-- aio-icon-box --><\/a><\/div> <!-- aio-icon-component -->[\/vc_column][\/vc_row][vc_row full_width=&#8221;stretch_row&#8221; equal_height=&#8221;yes&#8221; wrap_container=&#8221;yes&#8221; css=&#8221;.vc_custom_1526299381122{padding-top: 60px !important;padding-bottom: 40px !important;background-color: #f3f3f3 !important;}&#8221;][vc_column width=&#8221;1\/3&#8243; css=&#8221;.vc_custom_1612365318698{background-position: 0 0 !important;background-repeat: no-repeat !important;}&#8221;][vc_single_image image=&#8221;10034&#8243; img_size=&#8221;full&#8221;][\/vc_column][vc_column width=&#8221;2\/3&#8243;][vc_row_inner css=&#8221;.vc_custom_1525377527586{margin-top: 0px !important;margin-right: 35px !important;margin-bottom: 35px !important;margin-left: 35px !important;}&#8221;][vc_column_inner][vc_column_text]\n<h3>Mago4 \u00e8 disponibile in 3 Edition per soddisfare le reali esigenze di tutte le PMI.<br \/>\nIl modulo\u00a0Contabilit\u00e0 Analitica\u00a0\u00e8 disponibile per tutte le Edition.<\/h3>\n[\/vc_column_text][\/vc_column_inner][\/vc_row_inner][\/vc_column][\/vc_row]\n<\/div>","protected":false},"excerpt":{"rendered":"<p>[vc_row full_width=&#8221;stretch_row&#8221; equal_height=&#8221;yes&#8221; content_placement=&#8221;middle&#8221; wrap_container=&#8221;yes&#8221; css=&#8221;.vc_custom_1526637162490{margin-bottom: 40px !important;background-color: #ffffff !important;background-position: center !important;background-repeat: no-repeat !important;background-size: cover !important;}&#8221; el_class=&#8221;bg-cover&#8221;][vc_column animation_type=&#8221;fadeIn&#8221;][rev_slider_vc alias=&#8221;it_contabilitaanalitica&#8221;][\/vc_column][\/vc_row][vc_row full_width=&#8221;stretch_row&#8221; wrap_container=&#8221;yes&#8221; text_align=&#8221;left&#8221; remove_margin_top=&#8221;yes&#8221; remove_margin_bottom=&#8221;yes&#8221; remove_border=&#8221;yes&#8221; css=&#8221;.vc_custom_1525957325142{margin-top: 20px !important;margin-right: 0px !important;margin-bottom: 0px !important;margin-left: 0px !important;border-top-width: 0px !important;border-right-width: 0px !important;border-bottom-width: 0px !important;border-left-width: 0px !important;padding-top: 0px !important;padding-right: 0px !important;padding-bottom: 40px !important;padding-left: 0px !important;}&#8221; el_class=&#8221;bg-custom-color-1&#8243;][vc_column][vc_custom_heading text=&#8221;Contabilit\u00e0 Analitica \u00e8 il [&hellip;]<\/p>\n","protected":false},"author":4,"featured_media":0,"parent":9929,"menu_order":0,"comment_status":"closed","ping_status":"closed","template":"","meta":{"_acf_changed":false,"footnotes":""},"class_list":["post-10213","page","type-page","status-publish","hentry"],"acf":[],"yoast_head":"<!-- This site is optimized with the Yoast SEO plugin v27.3 - https:\/\/yoast.com\/product\/yoast-seo-wordpress\/ -->\n<title>Contabilit\u00e0 analitica - Mago ERP<\/title>\n<meta name=\"robots\" content=\"index, follow, max-snippet:-1, max-image-preview:large, max-video-preview:-1\" \/>\n<link rel=\"canonical\" href=\"https:\/\/www.mago-erp.com\/it\/software\/moduli\/gestione-amministrativa\/contabilita-analitica\" \/>\n<meta property=\"og:locale\" content=\"it_IT\" \/>\n<meta property=\"og:type\" content=\"article\" \/>\n<meta property=\"og:title\" content=\"Contabilit\u00e0 analitica - Mago ERP\" \/>\n<meta property=\"og:description\" content=\"[vc_row full_width=&#8221;stretch_row&#8221; equal_height=&#8221;yes&#8221; content_placement=&#8221;middle&#8221; wrap_container=&#8221;yes&#8221; css=&#8221;.vc_custom_1526637162490{margin-bottom: 40px !important;background-color: #ffffff !important;background-position: center !important;background-repeat: no-repeat !important;background-size: cover !important;}&#8221; el_class=&#8221;bg-cover&#8221;][vc_column animation_type=&#8221;fadeIn&#8221;][rev_slider_vc alias=&#8221;it_contabilitaanalitica&#8221;][\/vc_column][\/vc_row][vc_row full_width=&#8221;stretch_row&#8221; wrap_container=&#8221;yes&#8221; text_align=&#8221;left&#8221; remove_margin_top=&#8221;yes&#8221; remove_margin_bottom=&#8221;yes&#8221; remove_border=&#8221;yes&#8221; css=&#8221;.vc_custom_1525957325142{margin-top: 20px !important;margin-right: 0px !important;margin-bottom: 0px !important;margin-left: 0px !important;border-top-width: 0px !important;border-right-width: 0px !important;border-bottom-width: 0px !important;border-left-width: 0px !important;padding-top: 0px !important;padding-right: 0px !important;padding-bottom: 40px !important;padding-left: 0px !important;}&#8221; el_class=&#8221;bg-custom-color-1&#8243;][vc_column][vc_custom_heading text=&#8221;Contabilit\u00e0 Analitica \u00e8 il [&hellip;]\" \/>\n<meta property=\"og:url\" content=\"https:\/\/www.mago-erp.com\/it\/software\/moduli\/gestione-amministrativa\/contabilita-analitica\" \/>\n<meta property=\"og:site_name\" content=\"Mago ERP\" \/>\n<meta property=\"article:publisher\" content=\"http:\/\/www.facebook.com\/ZucchettiSoftware\" \/>\n<meta property=\"article:modified_time\" content=\"2021-12-15T10:58:53+00:00\" \/>\n<meta name=\"twitter:card\" content=\"summary_large_image\" \/>\n<meta name=\"twitter:label1\" content=\"Tempo di lettura stimato\" \/>\n\t<meta name=\"twitter:data1\" content=\"4 minuti\" \/>\n<script type=\"application\/ld+json\" class=\"yoast-schema-graph\">{\"@context\":\"https:\\\/\\\/schema.org\",\"@graph\":[{\"@type\":\"WebPage\",\"@id\":\"https:\\\/\\\/www.mago-erp.com\\\/it\\\/software\\\/moduli\\\/gestione-amministrativa\\\/contabilita-analitica\",\"url\":\"https:\\\/\\\/www.mago-erp.com\\\/it\\\/software\\\/moduli\\\/gestione-amministrativa\\\/contabilita-analitica\",\"name\":\"Contabilit\u00e0 analitica - Mago ERP\",\"isPartOf\":{\"@id\":\"https:\\\/\\\/www.mago-erp.com\\\/it#website\"},\"datePublished\":\"2019-04-17T10:09:37+00:00\",\"dateModified\":\"2021-12-15T10:58:53+00:00\",\"breadcrumb\":{\"@id\":\"https:\\\/\\\/www.mago-erp.com\\\/it\\\/software\\\/moduli\\\/gestione-amministrativa\\\/contabilita-analitica#breadcrumb\"},\"inLanguage\":\"it-IT\",\"potentialAction\":[{\"@type\":\"ReadAction\",\"target\":[\"https:\\\/\\\/www.mago-erp.com\\\/it\\\/software\\\/moduli\\\/gestione-amministrativa\\\/contabilita-analitica\"]}]},{\"@type\":\"BreadcrumbList\",\"@id\":\"https:\\\/\\\/www.mago-erp.com\\\/it\\\/software\\\/moduli\\\/gestione-amministrativa\\\/contabilita-analitica#breadcrumb\",\"itemListElement\":[{\"@type\":\"ListItem\",\"position\":1,\"name\":\"Home\",\"item\":\"https:\\\/\\\/www.mago-erp.com\\\/it\"},{\"@type\":\"ListItem\",\"position\":2,\"name\":\"ERP Mago4\",\"item\":\"https:\\\/\\\/www.mago-erp.com\\\/it\\\/software\"},{\"@type\":\"ListItem\",\"position\":3,\"name\":\"Applicazioni\",\"item\":\"https:\\\/\\\/www.mago-erp.com\\\/it\\\/software\\\/moduli\"},{\"@type\":\"ListItem\",\"position\":4,\"name\":\"Amministrazione e Finanza\",\"item\":\"https:\\\/\\\/www.mago-erp.com\\\/it\\\/software\\\/moduli\\\/gestione-amministrativa\"},{\"@type\":\"ListItem\",\"position\":5,\"name\":\"Contabilit\u00e0 analitica\"}]},{\"@type\":\"WebSite\",\"@id\":\"https:\\\/\\\/www.mago-erp.com\\\/it#website\",\"url\":\"https:\\\/\\\/www.mago-erp.com\\\/it\",\"name\":\"Mago ERP\",\"description\":\"Mago ERP\",\"publisher\":{\"@id\":\"https:\\\/\\\/www.mago-erp.com\\\/it#organization\"},\"potentialAction\":[{\"@type\":\"SearchAction\",\"target\":{\"@type\":\"EntryPoint\",\"urlTemplate\":\"https:\\\/\\\/www.mago-erp.com\\\/it?s={search_term_string}\"},\"query-input\":{\"@type\":\"PropertyValueSpecification\",\"valueRequired\":true,\"valueName\":\"search_term_string\"}}],\"inLanguage\":\"it-IT\"},{\"@type\":\"Organization\",\"@id\":\"https:\\\/\\\/www.mago-erp.com\\\/it#organization\",\"name\":\"Zucchetti Group\",\"url\":\"https:\\\/\\\/www.mago-erp.com\\\/it\",\"logo\":{\"@type\":\"ImageObject\",\"inLanguage\":\"it-IT\",\"@id\":\"https:\\\/\\\/www.mago-erp.com\\\/it#\\\/schema\\\/logo\\\/image\\\/\",\"url\":\"https:\\\/\\\/www.mago-erp.com\\\/wp-content\\\/uploads\\\/2018\\\/04\\\/logo.png\",\"contentUrl\":\"https:\\\/\\\/www.mago-erp.com\\\/wp-content\\\/uploads\\\/2018\\\/04\\\/logo.png\",\"width\":400,\"height\":98,\"caption\":\"Zucchetti Group\"},\"image\":{\"@id\":\"https:\\\/\\\/www.mago-erp.com\\\/it#\\\/schema\\\/logo\\\/image\\\/\"},\"sameAs\":[\"http:\\\/\\\/www.facebook.com\\\/ZucchettiSoftware\",\"http:\\\/\\\/www.linkedin.com\\\/company\\\/zucchetti\",\"http:\\\/\\\/www.youtube.com\\\/mktzucche\"]}]}<\/script>\n<!-- \/ Yoast SEO plugin. -->","yoast_head_json":{"title":"Contabilit\u00e0 analitica - Mago ERP","robots":{"index":"index","follow":"follow","max-snippet":"max-snippet:-1","max-image-preview":"max-image-preview:large","max-video-preview":"max-video-preview:-1"},"canonical":"https:\/\/www.mago-erp.com\/it\/software\/moduli\/gestione-amministrativa\/contabilita-analitica","og_locale":"it_IT","og_type":"article","og_title":"Contabilit\u00e0 analitica - Mago ERP","og_description":"[vc_row full_width=&#8221;stretch_row&#8221; equal_height=&#8221;yes&#8221; content_placement=&#8221;middle&#8221; wrap_container=&#8221;yes&#8221; css=&#8221;.vc_custom_1526637162490{margin-bottom: 40px !important;background-color: #ffffff !important;background-position: center !important;background-repeat: no-repeat !important;background-size: cover !important;}&#8221; el_class=&#8221;bg-cover&#8221;][vc_column animation_type=&#8221;fadeIn&#8221;][rev_slider_vc alias=&#8221;it_contabilitaanalitica&#8221;][\/vc_column][\/vc_row][vc_row full_width=&#8221;stretch_row&#8221; wrap_container=&#8221;yes&#8221; text_align=&#8221;left&#8221; remove_margin_top=&#8221;yes&#8221; remove_margin_bottom=&#8221;yes&#8221; remove_border=&#8221;yes&#8221; css=&#8221;.vc_custom_1525957325142{margin-top: 20px !important;margin-right: 0px !important;margin-bottom: 0px !important;margin-left: 0px !important;border-top-width: 0px !important;border-right-width: 0px !important;border-bottom-width: 0px !important;border-left-width: 0px !important;padding-top: 0px !important;padding-right: 0px !important;padding-bottom: 40px !important;padding-left: 0px !important;}&#8221; el_class=&#8221;bg-custom-color-1&#8243;][vc_column][vc_custom_heading text=&#8221;Contabilit\u00e0 Analitica \u00e8 il [&hellip;]","og_url":"https:\/\/www.mago-erp.com\/it\/software\/moduli\/gestione-amministrativa\/contabilita-analitica","og_site_name":"Mago ERP","article_publisher":"http:\/\/www.facebook.com\/ZucchettiSoftware","article_modified_time":"2021-12-15T10:58:53+00:00","twitter_card":"summary_large_image","twitter_misc":{"Tempo di lettura stimato":"4 minuti"},"schema":{"@context":"https:\/\/schema.org","@graph":[{"@type":"WebPage","@id":"https:\/\/www.mago-erp.com\/it\/software\/moduli\/gestione-amministrativa\/contabilita-analitica","url":"https:\/\/www.mago-erp.com\/it\/software\/moduli\/gestione-amministrativa\/contabilita-analitica","name":"Contabilit\u00e0 analitica - Mago ERP","isPartOf":{"@id":"https:\/\/www.mago-erp.com\/it#website"},"datePublished":"2019-04-17T10:09:37+00:00","dateModified":"2021-12-15T10:58:53+00:00","breadcrumb":{"@id":"https:\/\/www.mago-erp.com\/it\/software\/moduli\/gestione-amministrativa\/contabilita-analitica#breadcrumb"},"inLanguage":"it-IT","potentialAction":[{"@type":"ReadAction","target":["https:\/\/www.mago-erp.com\/it\/software\/moduli\/gestione-amministrativa\/contabilita-analitica"]}]},{"@type":"BreadcrumbList","@id":"https:\/\/www.mago-erp.com\/it\/software\/moduli\/gestione-amministrativa\/contabilita-analitica#breadcrumb","itemListElement":[{"@type":"ListItem","position":1,"name":"Home","item":"https:\/\/www.mago-erp.com\/it"},{"@type":"ListItem","position":2,"name":"ERP Mago4","item":"https:\/\/www.mago-erp.com\/it\/software"},{"@type":"ListItem","position":3,"name":"Applicazioni","item":"https:\/\/www.mago-erp.com\/it\/software\/moduli"},{"@type":"ListItem","position":4,"name":"Amministrazione e Finanza","item":"https:\/\/www.mago-erp.com\/it\/software\/moduli\/gestione-amministrativa"},{"@type":"ListItem","position":5,"name":"Contabilit\u00e0 analitica"}]},{"@type":"WebSite","@id":"https:\/\/www.mago-erp.com\/it#website","url":"https:\/\/www.mago-erp.com\/it","name":"Mago ERP","description":"Mago ERP","publisher":{"@id":"https:\/\/www.mago-erp.com\/it#organization"},"potentialAction":[{"@type":"SearchAction","target":{"@type":"EntryPoint","urlTemplate":"https:\/\/www.mago-erp.com\/it?s={search_term_string}"},"query-input":{"@type":"PropertyValueSpecification","valueRequired":true,"valueName":"search_term_string"}}],"inLanguage":"it-IT"},{"@type":"Organization","@id":"https:\/\/www.mago-erp.com\/it#organization","name":"Zucchetti Group","url":"https:\/\/www.mago-erp.com\/it","logo":{"@type":"ImageObject","inLanguage":"it-IT","@id":"https:\/\/www.mago-erp.com\/it#\/schema\/logo\/image\/","url":"https:\/\/www.mago-erp.com\/wp-content\/uploads\/2018\/04\/logo.png","contentUrl":"https:\/\/www.mago-erp.com\/wp-content\/uploads\/2018\/04\/logo.png","width":400,"height":98,"caption":"Zucchetti Group"},"image":{"@id":"https:\/\/www.mago-erp.com\/it#\/schema\/logo\/image\/"},"sameAs":["http:\/\/www.facebook.com\/ZucchettiSoftware","http:\/\/www.linkedin.com\/company\/zucchetti","http:\/\/www.youtube.com\/mktzucche"]}]}},"_links":{"self":[{"href":"https:\/\/www.mago-erp.com\/it\/wp-json\/wp\/v2\/pages\/10213","targetHints":{"allow":["GET"]}}],"collection":[{"href":"https:\/\/www.mago-erp.com\/it\/wp-json\/wp\/v2\/pages"}],"about":[{"href":"https:\/\/www.mago-erp.com\/it\/wp-json\/wp\/v2\/types\/page"}],"author":[{"embeddable":true,"href":"https:\/\/www.mago-erp.com\/it\/wp-json\/wp\/v2\/users\/4"}],"replies":[{"embeddable":true,"href":"https:\/\/www.mago-erp.com\/it\/wp-json\/wp\/v2\/comments?post=10213"}],"version-history":[{"count":1,"href":"https:\/\/www.mago-erp.com\/it\/wp-json\/wp\/v2\/pages\/10213\/revisions"}],"predecessor-version":[{"id":18973,"href":"https:\/\/www.mago-erp.com\/it\/wp-json\/wp\/v2\/pages\/10213\/revisions\/18973"}],"up":[{"embeddable":true,"href":"https:\/\/www.mago-erp.com\/it\/wp-json\/wp\/v2\/pages\/9929"}],"wp:attachment":[{"href":"https:\/\/www.mago-erp.com\/it\/wp-json\/wp\/v2\/media?parent=10213"}],"curies":[{"name":"wp","href":"https:\/\/api.w.org\/{rel}","templated":true}]}}