{"id":10219,"date":"2019-04-17T12:13:19","date_gmt":"2019-04-17T10:13:19","guid":{"rendered":"https:\/\/www.mago-erp.com\/?page_id=10219"},"modified":"2021-12-15T12:11:06","modified_gmt":"2021-12-15T11:11:06","slug":"intrastat","status":"publish","type":"page","link":"https:\/\/www.mago-erp.com\/it\/software\/moduli\/gestione-amministrativa\/intrastat","title":{"rendered":"Intrastat"},"content":{"rendered":"<div class=\"wpb-content-wrapper\">[vc_row full_width=&#8221;stretch_row&#8221; equal_height=&#8221;yes&#8221; content_placement=&#8221;middle&#8221; wrap_container=&#8221;yes&#8221; css=&#8221;.vc_custom_1526637162490{margin-bottom: 40px !important;background-color: #ffffff !important;background-position: center !important;background-repeat: no-repeat !important;background-size: cover !important;}&#8221; el_class=&#8221;bg-cover&#8221;][vc_column animation_type=&#8221;fadeIn&#8221;][rev_slider_vc alias=&#8221;it_intrastat&#8221;][\/vc_column][\/vc_row][vc_row full_width=&#8221;stretch_row&#8221; wrap_container=&#8221;yes&#8221; text_align=&#8221;left&#8221; remove_margin_top=&#8221;yes&#8221; remove_margin_bottom=&#8221;yes&#8221; remove_border=&#8221;yes&#8221; css=&#8221;.vc_custom_1525957325142{margin-top: 20px !important;margin-right: 0px !important;margin-bottom: 0px !important;margin-left: 0px !important;border-top-width: 0px !important;border-right-width: 0px !important;border-bottom-width: 0px !important;border-left-width: 0px !important;padding-top: 0px !important;padding-right: 0px !important;padding-bottom: 40px !important;padding-left: 0px !important;}&#8221; el_class=&#8221;bg-custom-color-1&#8243;][vc_column][vc_custom_heading text=&#8221;Per gestire la documentazione europea richiesta nello scambio di merci e servizi tra paesi membri.&#8221; font_container=&#8221;tag:h2|font_size:22|text_align:left|color:%230a0a0a|line_height:1.5&#8243; google_fonts=&#8221;font_family:Roboto%3A100%2C100italic%2C300%2C300italic%2Cregular%2Citalic%2C500%2C500italic%2C700%2C700italic%2C900%2C900italic|font_style:300%20light%20regular%3A300%3Anormal&#8221;][\/vc_column][\/vc_row][vc_row full_width=&#8221;stretch_row&#8221; wrap_container=&#8221;yes&#8221; text_align=&#8221;left&#8221; remove_margin_top=&#8221;yes&#8221; remove_margin_bottom=&#8221;yes&#8221; remove_border=&#8221;yes&#8221; css=&#8221;.vc_custom_1525416056455{margin-top: 40px !important;margin-right: 0px !important;margin-bottom: 0px !important;margin-left: 0px !important;border-top-width: 0px !important;border-right-width: 0px !important;border-bottom-width: 0px !important;border-left-width: 0px !important;padding-top: 0px !important;padding-right: 0px !important;padding-bottom: 40px !important;padding-left: 0px !important;}&#8221; el_class=&#8221;bg-custom-color-1&#8243;][vc_column width=&#8221;2\/3&#8243;][vc_column_text]\n<h1>Mago4 &#8211; Intrastat<\/h1>\n[\/vc_column_text][vc_empty_space][vc_column_text css=&#8221;.vc_custom_1575625073000{padding-right: 50px !important;}&#8221;]Lo scambio di merci e servizi tra paesi membri prevede la compilazione di Elenchi Intrastat richiesti dalla normativa europea, da presentare periodicamente in dogana.<br \/>\nMago4 ti aiuta a compilarli in modo preciso e rapido grazie a questo modulo perfettamente integrato con la tua Contabilit\u00e0 Generale.<\/p>\n<h3>PERIODICIT\u00c0 CONFIGURABILE<\/h3>\n<p>Puoi modificare ogni anno le modalit\u00e0 di presentazione degli Elenchi. Gestisci in modo efficace non solo le normali operazioni delle sezioni intra-bis e intra-quater, ma anche le rettifiche di periodi precedenti delle sezioni intra-ter e intra-quinquies.<\/p>\n<h3>NOMENCLATURE COMBINATE E CODICI CPA<\/h3>\n<p>Salva le nomenclature combinate e i codici CPA in un apposito archivio, mantenendo l\u2019ordine e inserendo velocemente i dati.<br \/>\nIl modulo Intrastat \u00e8 integrato con il tuo modulo Magazzino: in questo modo abbini le nomenclature agli articoli e i codici ai servizi, cos\u00ec eviti l&#8217;inserimento di tali informazioni durante la registrazione dei documenti di vendita e acquisto, risparmiando tempo e semplificando il processo.<\/p>\n<h3>MOVIMENTI INTRASTAT AUTOMATICI<\/h3>\n<p>Mago4 \u00e8 inoltre integrato con i tuoi documenti di Vendita e Acquisto e pu\u00f2 generare automaticamente i movimenti Intrastat utilizzando le informazioni che hai gi\u00e0 inserito, relative a parametri come il tipo di operazione e la natura della transazione.<br \/>\nPuoi sfruttare i dati dell\u2019anagrafica non solo della nomenclatura combinata e dei codici CPA ma anche di altre informazioni come, ad esempio, il peso specifico per massa netta in unit\u00e0 di misura supplementare.<\/p>\n<h3>INVIO TELEMATICO<\/h3>\n<p>Oltre al cartaceo, puoi sempre generare i tuoi elenchi su file, pronti per l\u2019invio telematico. Infine, grazie ad apposite liste di spunta, puoi controllare i dati prima di procedere alla stampa.[\/vc_column_text][\/vc_column][vc_column width=&#8221;1\/3&#8243; css=&#8221;.vc_custom_1526299026918{padding: 25px !important;background-color: #f2f2f2 !important;}&#8221; el_class=&#8221;rounded&#8221;][vc_empty_space height=&#8221;25px&#8221;][vc_column_text]\n<h3>4 PUNTI DI FORZA<\/h3>\n[\/vc_column_text][vc_empty_space height=&#8221;20px&#8221;]<div class=\"uavc-list-icon uavc-list-icon-wrapper ult-adjust-bottom-margin   \"><ul class=\"uavc-list\"><li><div class=\"uavc-list-content\" id=\"list-icon-wrap-5027\">\n<div class=\"uavc-list-icon  \" data-animation=\"\" data-animation-delay=\"03\" style=\"margin-right:10px;\"><div class=\"ult-just-icon-wrapper  \"><div class=\"align-icon\" style=\"text-align:center;\">\n<div class=\"aio-icon none \"  style=\"color:#7c9896;font-size:40px;display:inline-block;\">\n\t<i class=\"Simple-Line-Icons-check\"><\/i>\n<\/div><\/div><\/div>\n<\/div><span  data-ultimate-target='#list-icon-wrap-5027 .uavc-list-desc'  data-responsive-json-new='{\"font-size\":\"\",\"line-height\":\"\"}'  class=\"uavc-list-desc ult-responsive\" style=\"\"><span style=\"font-size: 20px;\">FLESSIBILIT\u00c0 <\/span>Configura il periodo di tempo secondo le tue esigenze.<\/span><\/div><\/li><li><div class=\"uavc-list-content\" id=\"list-icon-wrap-6056\">\n<div class=\"uavc-list-icon  \" data-animation=\"\" data-animation-delay=\"03\" style=\"margin-right:10px;\"><div class=\"ult-just-icon-wrapper  \"><div class=\"align-icon\" style=\"text-align:center;\">\n<div class=\"aio-icon none \"  style=\"color:#7c9896;font-size:40px;display:inline-block;\">\n\t<i class=\"Simple-Line-Icons-check\"><\/i>\n<\/div><\/div><\/div>\n<\/div><span  data-ultimate-target='#list-icon-wrap-6056 .uavc-list-desc'  data-responsive-json-new='{\"font-size\":\"\",\"line-height\":\"\"}'  class=\"uavc-list-desc ult-responsive\" style=\"\"><span style=\"font-size: 20px;\">INVIO TELEMATICO\u00a0<\/span>Genera i tuoi elenchi su file pronti per essere inviati.<\/span><\/div><\/li><li><div class=\"uavc-list-content\" id=\"list-icon-wrap-4274\">\n<div class=\"uavc-list-icon  \" data-animation=\"\" data-animation-delay=\"03\" style=\"margin-right:10px;\"><div class=\"ult-just-icon-wrapper  \"><div class=\"align-icon\" style=\"text-align:center;\">\n<div class=\"aio-icon none \"  style=\"color:#7c9896;font-size:40px;display:inline-block;\">\n\t<i class=\"Simple-Line-Icons-check\"><\/i>\n<\/div><\/div><\/div>\n<\/div><span  data-ultimate-target='#list-icon-wrap-4274 .uavc-list-desc'  data-responsive-json-new='{\"font-size\":\"\",\"line-height\":\"\"}'  class=\"uavc-list-desc ult-responsive\" style=\"\"><span style=\"font-size: 20px;\">VELOCIT\u00c0 <\/span>Utilizza le informazioni gi\u00e0 collegate con il modulo magazzino, risparmiando tempo ed evitando possibili errori.<\/span><\/div><\/li><li><div class=\"uavc-list-content\" id=\"list-icon-wrap-2381\">\n<div class=\"uavc-list-icon  \" data-animation=\"\" data-animation-delay=\"03\" style=\"margin-right:10px;\"><div class=\"ult-just-icon-wrapper  \"><div class=\"align-icon\" style=\"text-align:center;\">\n<div class=\"aio-icon none \"  style=\"color:#7c9896;font-size:40px;display:inline-block;\">\n\t<i class=\"Simple-Line-Icons-check\"><\/i>\n<\/div><\/div><\/div>\n<\/div><span  data-ultimate-target='#list-icon-wrap-2381 .uavc-list-desc'  data-responsive-json-new='{\"font-size\":\"\",\"line-height\":\"\"}'  class=\"uavc-list-desc ult-responsive\" style=\"\"><span style=\"font-size: 20px;\">ZERO ERRORI <\/span>Il modulo verifica per te la correttezza dei conti e ti segnala eventuali errori o discrepanze.<\/span><\/div><\/li><\/ul><\/div>[vc_empty_space height=&#8221;30px&#8221;]<div class=\"aio-icon-component    style_3\"><a class=\"aio-icon-box-link\" href=\"https:\/\/www.mago-erp.com\/wp-content\/uploads\/2021\/12\/ERP_Mago4_modulo_intrastat_12.2021.pdf\" target=\"_blank\" rel=\"noopener\" ><div id=\"Info-box-wrap-5301\" class=\"aio-icon-box left-icon\" style=\"\"  ><div class=\"aio-icon-left\"><div class=\"ult-just-icon-wrapper  \"><div class=\"align-icon\" style=\"text-align:center;\">\n<div class=\"aio-icon circle \" data-animation=\"fadeIn\" data-animation-delay=\"03\" style=\"color:#ffffff;background:#34ae6a;font-size:32px;display:inline-block;\">\n\t<i class=\"Simple-Line-Icons-cloud-download\"><\/i>\n<\/div><\/div><\/div><\/div><div class=\"aio-ibd-block\"><div class=\"aio-icon-description ult-responsive\"  data-ultimate-target='#Info-box-wrap-5301 .aio-icon-description'  data-responsive-json-new='{\"font-size\":\"\",\"line-height\":\"\"}'  style=\"\">\n<h2>Download<\/h2>\n<\/div> <!-- description --><\/div> <!-- aio-ibd-block --><\/div> <!-- aio-icon-box --><\/a><\/div> <!-- aio-icon-component -->[\/vc_column][\/vc_row][vc_row full_width=&#8221;stretch_row&#8221; equal_height=&#8221;yes&#8221; wrap_container=&#8221;yes&#8221; css=&#8221;.vc_custom_1526299381122{padding-top: 60px !important;padding-bottom: 40px !important;background-color: #f3f3f3 !important;}&#8221;][vc_column width=&#8221;1\/3&#8243; css=&#8221;.vc_custom_1612366856159{background-position: 0 0 !important;background-repeat: no-repeat !important;}&#8221;][vc_single_image image=&#8221;10034&#8243; img_size=&#8221;full&#8221;][\/vc_column][vc_column width=&#8221;2\/3&#8243;][vc_row_inner css=&#8221;.vc_custom_1525377527586{margin-top: 0px !important;margin-right: 35px !important;margin-bottom: 35px !important;margin-left: 35px !important;}&#8221;][vc_column_inner][vc_column_text]\n<h3>Mago4 \u00e8 disponibile in 3 Edition per soddisfare le reali esigenze di tutte le PMI.<br \/>\nIl modulo Intrastat \u00e8 disponibile per tutte le Edition.<\/h3>\n[\/vc_column_text][\/vc_column_inner][\/vc_row_inner][\/vc_column][\/vc_row]\n<\/div>","protected":false},"excerpt":{"rendered":"<p>[vc_row full_width=&#8221;stretch_row&#8221; equal_height=&#8221;yes&#8221; content_placement=&#8221;middle&#8221; wrap_container=&#8221;yes&#8221; css=&#8221;.vc_custom_1526637162490{margin-bottom: 40px !important;background-color: #ffffff !important;background-position: center !important;background-repeat: no-repeat !important;background-size: cover !important;}&#8221; el_class=&#8221;bg-cover&#8221;][vc_column animation_type=&#8221;fadeIn&#8221;][rev_slider_vc alias=&#8221;it_intrastat&#8221;][\/vc_column][\/vc_row][vc_row full_width=&#8221;stretch_row&#8221; wrap_container=&#8221;yes&#8221; text_align=&#8221;left&#8221; remove_margin_top=&#8221;yes&#8221; remove_margin_bottom=&#8221;yes&#8221; remove_border=&#8221;yes&#8221; css=&#8221;.vc_custom_1525957325142{margin-top: 20px !important;margin-right: 0px !important;margin-bottom: 0px !important;margin-left: 0px !important;border-top-width: 0px !important;border-right-width: 0px !important;border-bottom-width: 0px !important;border-left-width: 0px !important;padding-top: 0px !important;padding-right: 0px !important;padding-bottom: 40px !important;padding-left: 0px !important;}&#8221; el_class=&#8221;bg-custom-color-1&#8243;][vc_column][vc_custom_heading text=&#8221;Per gestire la documentazione [&hellip;]<\/p>\n","protected":false},"author":4,"featured_media":0,"parent":9929,"menu_order":0,"comment_status":"closed","ping_status":"closed","template":"","meta":{"_acf_changed":false,"footnotes":""},"class_list":["post-10219","page","type-page","status-publish","hentry"],"acf":[],"yoast_head":"<!-- This site is optimized with the Yoast SEO plugin v27.4 - https:\/\/yoast.com\/product\/yoast-seo-wordpress\/ -->\n<title>Intrastat - Mago ERP<\/title>\n<meta name=\"robots\" content=\"index, follow, max-snippet:-1, max-image-preview:large, max-video-preview:-1\" \/>\n<link rel=\"canonical\" href=\"https:\/\/www.mago-erp.com\/it\/software\/moduli\/gestione-amministrativa\/intrastat\" \/>\n<meta property=\"og:locale\" content=\"it_IT\" \/>\n<meta property=\"og:type\" content=\"article\" \/>\n<meta property=\"og:title\" content=\"Intrastat - Mago ERP\" \/>\n<meta property=\"og:description\" content=\"[vc_row full_width=&#8221;stretch_row&#8221; equal_height=&#8221;yes&#8221; content_placement=&#8221;middle&#8221; wrap_container=&#8221;yes&#8221; css=&#8221;.vc_custom_1526637162490{margin-bottom: 40px !important;background-color: #ffffff !important;background-position: center !important;background-repeat: no-repeat !important;background-size: cover !important;}&#8221; el_class=&#8221;bg-cover&#8221;][vc_column animation_type=&#8221;fadeIn&#8221;][rev_slider_vc alias=&#8221;it_intrastat&#8221;][\/vc_column][\/vc_row][vc_row full_width=&#8221;stretch_row&#8221; wrap_container=&#8221;yes&#8221; text_align=&#8221;left&#8221; remove_margin_top=&#8221;yes&#8221; remove_margin_bottom=&#8221;yes&#8221; remove_border=&#8221;yes&#8221; css=&#8221;.vc_custom_1525957325142{margin-top: 20px !important;margin-right: 0px !important;margin-bottom: 0px !important;margin-left: 0px !important;border-top-width: 0px !important;border-right-width: 0px !important;border-bottom-width: 0px !important;border-left-width: 0px !important;padding-top: 0px !important;padding-right: 0px !important;padding-bottom: 40px !important;padding-left: 0px !important;}&#8221; el_class=&#8221;bg-custom-color-1&#8243;][vc_column][vc_custom_heading text=&#8221;Per gestire la documentazione [&hellip;]\" \/>\n<meta property=\"og:url\" content=\"https:\/\/www.mago-erp.com\/it\/software\/moduli\/gestione-amministrativa\/intrastat\" \/>\n<meta property=\"og:site_name\" content=\"Mago ERP\" \/>\n<meta property=\"article:publisher\" content=\"http:\/\/www.facebook.com\/ZucchettiSoftware\" \/>\n<meta property=\"article:modified_time\" content=\"2021-12-15T11:11:06+00:00\" \/>\n<meta name=\"twitter:card\" content=\"summary_large_image\" \/>\n<meta name=\"twitter:label1\" content=\"Tempo di lettura stimato\" \/>\n\t<meta name=\"twitter:data1\" content=\"3 minuti\" \/>\n<script type=\"application\/ld+json\" class=\"yoast-schema-graph\">{\"@context\":\"https:\\\/\\\/schema.org\",\"@graph\":[{\"@type\":\"WebPage\",\"@id\":\"https:\\\/\\\/www.mago-erp.com\\\/it\\\/software\\\/moduli\\\/gestione-amministrativa\\\/intrastat\",\"url\":\"https:\\\/\\\/www.mago-erp.com\\\/it\\\/software\\\/moduli\\\/gestione-amministrativa\\\/intrastat\",\"name\":\"Intrastat - Mago ERP\",\"isPartOf\":{\"@id\":\"https:\\\/\\\/www.mago-erp.com\\\/it#website\"},\"datePublished\":\"2019-04-17T10:13:19+00:00\",\"dateModified\":\"2021-12-15T11:11:06+00:00\",\"breadcrumb\":{\"@id\":\"https:\\\/\\\/www.mago-erp.com\\\/it\\\/software\\\/moduli\\\/gestione-amministrativa\\\/intrastat#breadcrumb\"},\"inLanguage\":\"it-IT\",\"potentialAction\":[{\"@type\":\"ReadAction\",\"target\":[\"https:\\\/\\\/www.mago-erp.com\\\/it\\\/software\\\/moduli\\\/gestione-amministrativa\\\/intrastat\"]}]},{\"@type\":\"BreadcrumbList\",\"@id\":\"https:\\\/\\\/www.mago-erp.com\\\/it\\\/software\\\/moduli\\\/gestione-amministrativa\\\/intrastat#breadcrumb\",\"itemListElement\":[{\"@type\":\"ListItem\",\"position\":1,\"name\":\"Home\",\"item\":\"https:\\\/\\\/www.mago-erp.com\\\/it\"},{\"@type\":\"ListItem\",\"position\":2,\"name\":\"ERP Mago4\",\"item\":\"https:\\\/\\\/www.mago-erp.com\\\/it\\\/software\"},{\"@type\":\"ListItem\",\"position\":3,\"name\":\"Applicazioni\",\"item\":\"https:\\\/\\\/www.mago-erp.com\\\/it\\\/software\\\/moduli\"},{\"@type\":\"ListItem\",\"position\":4,\"name\":\"Amministrazione e Finanza\",\"item\":\"https:\\\/\\\/www.mago-erp.com\\\/it\\\/software\\\/moduli\\\/gestione-amministrativa\"},{\"@type\":\"ListItem\",\"position\":5,\"name\":\"Intrastat\"}]},{\"@type\":\"WebSite\",\"@id\":\"https:\\\/\\\/www.mago-erp.com\\\/it#website\",\"url\":\"https:\\\/\\\/www.mago-erp.com\\\/it\",\"name\":\"Mago ERP\",\"description\":\"Mago ERP\",\"publisher\":{\"@id\":\"https:\\\/\\\/www.mago-erp.com\\\/it#organization\"},\"potentialAction\":[{\"@type\":\"SearchAction\",\"target\":{\"@type\":\"EntryPoint\",\"urlTemplate\":\"https:\\\/\\\/www.mago-erp.com\\\/it?s={search_term_string}\"},\"query-input\":{\"@type\":\"PropertyValueSpecification\",\"valueRequired\":true,\"valueName\":\"search_term_string\"}}],\"inLanguage\":\"it-IT\"},{\"@type\":\"Organization\",\"@id\":\"https:\\\/\\\/www.mago-erp.com\\\/it#organization\",\"name\":\"Zucchetti Group\",\"url\":\"https:\\\/\\\/www.mago-erp.com\\\/it\",\"logo\":{\"@type\":\"ImageObject\",\"inLanguage\":\"it-IT\",\"@id\":\"https:\\\/\\\/www.mago-erp.com\\\/it#\\\/schema\\\/logo\\\/image\\\/\",\"url\":\"https:\\\/\\\/www.mago-erp.com\\\/wp-content\\\/uploads\\\/2018\\\/04\\\/logo.png\",\"contentUrl\":\"https:\\\/\\\/www.mago-erp.com\\\/wp-content\\\/uploads\\\/2018\\\/04\\\/logo.png\",\"width\":400,\"height\":98,\"caption\":\"Zucchetti Group\"},\"image\":{\"@id\":\"https:\\\/\\\/www.mago-erp.com\\\/it#\\\/schema\\\/logo\\\/image\\\/\"},\"sameAs\":[\"http:\\\/\\\/www.facebook.com\\\/ZucchettiSoftware\",\"http:\\\/\\\/www.linkedin.com\\\/company\\\/zucchetti\",\"http:\\\/\\\/www.youtube.com\\\/mktzucche\"]}]}<\/script>\n<!-- \/ Yoast SEO plugin. -->","yoast_head_json":{"title":"Intrastat - Mago ERP","robots":{"index":"index","follow":"follow","max-snippet":"max-snippet:-1","max-image-preview":"max-image-preview:large","max-video-preview":"max-video-preview:-1"},"canonical":"https:\/\/www.mago-erp.com\/it\/software\/moduli\/gestione-amministrativa\/intrastat","og_locale":"it_IT","og_type":"article","og_title":"Intrastat - Mago ERP","og_description":"[vc_row full_width=&#8221;stretch_row&#8221; equal_height=&#8221;yes&#8221; content_placement=&#8221;middle&#8221; wrap_container=&#8221;yes&#8221; css=&#8221;.vc_custom_1526637162490{margin-bottom: 40px !important;background-color: #ffffff !important;background-position: center !important;background-repeat: no-repeat !important;background-size: cover !important;}&#8221; el_class=&#8221;bg-cover&#8221;][vc_column animation_type=&#8221;fadeIn&#8221;][rev_slider_vc alias=&#8221;it_intrastat&#8221;][\/vc_column][\/vc_row][vc_row full_width=&#8221;stretch_row&#8221; wrap_container=&#8221;yes&#8221; text_align=&#8221;left&#8221; remove_margin_top=&#8221;yes&#8221; remove_margin_bottom=&#8221;yes&#8221; remove_border=&#8221;yes&#8221; css=&#8221;.vc_custom_1525957325142{margin-top: 20px !important;margin-right: 0px !important;margin-bottom: 0px !important;margin-left: 0px !important;border-top-width: 0px !important;border-right-width: 0px !important;border-bottom-width: 0px !important;border-left-width: 0px !important;padding-top: 0px !important;padding-right: 0px !important;padding-bottom: 40px !important;padding-left: 0px !important;}&#8221; el_class=&#8221;bg-custom-color-1&#8243;][vc_column][vc_custom_heading text=&#8221;Per gestire la documentazione [&hellip;]","og_url":"https:\/\/www.mago-erp.com\/it\/software\/moduli\/gestione-amministrativa\/intrastat","og_site_name":"Mago ERP","article_publisher":"http:\/\/www.facebook.com\/ZucchettiSoftware","article_modified_time":"2021-12-15T11:11:06+00:00","twitter_card":"summary_large_image","twitter_misc":{"Tempo di lettura stimato":"3 minuti"},"schema":{"@context":"https:\/\/schema.org","@graph":[{"@type":"WebPage","@id":"https:\/\/www.mago-erp.com\/it\/software\/moduli\/gestione-amministrativa\/intrastat","url":"https:\/\/www.mago-erp.com\/it\/software\/moduli\/gestione-amministrativa\/intrastat","name":"Intrastat - Mago ERP","isPartOf":{"@id":"https:\/\/www.mago-erp.com\/it#website"},"datePublished":"2019-04-17T10:13:19+00:00","dateModified":"2021-12-15T11:11:06+00:00","breadcrumb":{"@id":"https:\/\/www.mago-erp.com\/it\/software\/moduli\/gestione-amministrativa\/intrastat#breadcrumb"},"inLanguage":"it-IT","potentialAction":[{"@type":"ReadAction","target":["https:\/\/www.mago-erp.com\/it\/software\/moduli\/gestione-amministrativa\/intrastat"]}]},{"@type":"BreadcrumbList","@id":"https:\/\/www.mago-erp.com\/it\/software\/moduli\/gestione-amministrativa\/intrastat#breadcrumb","itemListElement":[{"@type":"ListItem","position":1,"name":"Home","item":"https:\/\/www.mago-erp.com\/it"},{"@type":"ListItem","position":2,"name":"ERP Mago4","item":"https:\/\/www.mago-erp.com\/it\/software"},{"@type":"ListItem","position":3,"name":"Applicazioni","item":"https:\/\/www.mago-erp.com\/it\/software\/moduli"},{"@type":"ListItem","position":4,"name":"Amministrazione e Finanza","item":"https:\/\/www.mago-erp.com\/it\/software\/moduli\/gestione-amministrativa"},{"@type":"ListItem","position":5,"name":"Intrastat"}]},{"@type":"WebSite","@id":"https:\/\/www.mago-erp.com\/it#website","url":"https:\/\/www.mago-erp.com\/it","name":"Mago ERP","description":"Mago ERP","publisher":{"@id":"https:\/\/www.mago-erp.com\/it#organization"},"potentialAction":[{"@type":"SearchAction","target":{"@type":"EntryPoint","urlTemplate":"https:\/\/www.mago-erp.com\/it?s={search_term_string}"},"query-input":{"@type":"PropertyValueSpecification","valueRequired":true,"valueName":"search_term_string"}}],"inLanguage":"it-IT"},{"@type":"Organization","@id":"https:\/\/www.mago-erp.com\/it#organization","name":"Zucchetti Group","url":"https:\/\/www.mago-erp.com\/it","logo":{"@type":"ImageObject","inLanguage":"it-IT","@id":"https:\/\/www.mago-erp.com\/it#\/schema\/logo\/image\/","url":"https:\/\/www.mago-erp.com\/wp-content\/uploads\/2018\/04\/logo.png","contentUrl":"https:\/\/www.mago-erp.com\/wp-content\/uploads\/2018\/04\/logo.png","width":400,"height":98,"caption":"Zucchetti Group"},"image":{"@id":"https:\/\/www.mago-erp.com\/it#\/schema\/logo\/image\/"},"sameAs":["http:\/\/www.facebook.com\/ZucchettiSoftware","http:\/\/www.linkedin.com\/company\/zucchetti","http:\/\/www.youtube.com\/mktzucche"]}]}},"_links":{"self":[{"href":"https:\/\/www.mago-erp.com\/it\/wp-json\/wp\/v2\/pages\/10219","targetHints":{"allow":["GET"]}}],"collection":[{"href":"https:\/\/www.mago-erp.com\/it\/wp-json\/wp\/v2\/pages"}],"about":[{"href":"https:\/\/www.mago-erp.com\/it\/wp-json\/wp\/v2\/types\/page"}],"author":[{"embeddable":true,"href":"https:\/\/www.mago-erp.com\/it\/wp-json\/wp\/v2\/users\/4"}],"replies":[{"embeddable":true,"href":"https:\/\/www.mago-erp.com\/it\/wp-json\/wp\/v2\/comments?post=10219"}],"version-history":[{"count":1,"href":"https:\/\/www.mago-erp.com\/it\/wp-json\/wp\/v2\/pages\/10219\/revisions"}],"predecessor-version":[{"id":18980,"href":"https:\/\/www.mago-erp.com\/it\/wp-json\/wp\/v2\/pages\/10219\/revisions\/18980"}],"up":[{"embeddable":true,"href":"https:\/\/www.mago-erp.com\/it\/wp-json\/wp\/v2\/pages\/9929"}],"wp:attachment":[{"href":"https:\/\/www.mago-erp.com\/it\/wp-json\/wp\/v2\/media?parent=10219"}],"curies":[{"name":"wp","href":"https:\/\/api.w.org\/{rel}","templated":true}]}}