{"id":11226,"date":"2019-07-23T15:31:23","date_gmt":"2019-07-23T13:31:23","guid":{"rendered":"https:\/\/www.mago-erp.com\/?page_id=11226"},"modified":"2021-02-04T10:36:46","modified_gmt":"2021-02-04T09:36:46","slug":"piattaforme-mago4","status":"publish","type":"page","link":"https:\/\/www.mago-erp.com\/it\/sviluppo\/piattaforme-mago4","title":{"rendered":"Overview delle piattaforme"},"content":{"rendered":"<div class=\"wpb-content-wrapper\">[vc_row full_width=&#8221;stretch_row&#8221; equal_height=&#8221;yes&#8221; content_placement=&#8221;middle&#8221; parallax=&#8221;content-moving&#8221; wrap_container=&#8221;yes&#8221; css=&#8221;.vc_custom_1526656781826{margin-bottom: 40px !important;padding-top: -100px !important;background-color: #ffffff !important;background-position: 0 0;background-repeat:-repeat;}&#8221; el_class=&#8221;bg-img-cover&#8221;][vc_column animation_type=&#8221;fadeIn&#8221;][rev_slider_vc alias=&#8221;it-_piattaforme&#8221;][\/vc_column][\/vc_row][vc_row][vc_column][vc_custom_heading text=&#8221;Migliora la produttivit\u00e0 della tua azienda con una suite applicativa che mette a tua disposizione la piattaforma di sviluppo e l\u2019infrastruttura di supporto per realizzare i tuoi progetti.&#8221; font_container=&#8221;tag:h2|font_size:22|text_align:left|color:%230a0a0a|line_height:1.5&#8243; google_fonts=&#8221;font_family:Roboto%3A100%2C100italic%2C300%2C300italic%2Cregular%2Citalic%2C500%2C500italic%2C700%2C700italic%2C900%2C900italic|font_style:300%20light%20regular%3A300%3Anormal&#8221;][\/vc_column][\/vc_row][vc_row][vc_column][vc_empty_space][vc_column_text]\n<h1>Un sistema applicativo all-in-one<\/h1>\n[\/vc_column_text][vc_empty_space][vc_column_text]Dai a tutti la possibilit\u00e0 di costruire soluzioni di business performanti.<\/p>\n<p>Dal momento che l\u2019ERP, il Framework e i tool di sviluppo di Mago4 sono progettati per lavorare insieme, tutti in azienda possono creare rapidamente e facilmente applicazioni e soluzioni personalizzate, automatizzare i flussi di lavoro per migliorare la produttivit\u00e0 aziendale e analizzare i dati per la comprensione, indipendentemente dalla loro maturit\u00e0 tecnica.<\/p>\n<p>L&#8217;infrastruttura di base \u00a0TaskBuilder Framework e la piattaforma di sviluppo TaskBuilder Studio si rivolgono tanto allo sviluppatore quanto al power-user, perch\u00e8 ospitano una nutrita serie di tool per aumentare la produttivit\u00e0 e rappresenta la base per creare nuove soluzioni.[\/vc_column_text][vc_empty_space][\/vc_column][\/vc_row][vc_row full_width=&#8221;stretch_row&#8221; wrap_container=&#8221;yes&#8221; css=&#8221;.vc_custom_1566470191343{padding-top: 35px !important;padding-bottom: 35px !important;background-color: #f3f3f3 !important;}&#8221;][vc_column][vc_row_inner][vc_column_inner width=&#8221;2\/3&#8243;][vc_column_text css=&#8221;.vc_custom_1564663258763{margin-top: 20px !important;margin-bottom: 20px !important;}&#8221;]\n<h2>TaskBuilder Studio<\/h2>\n[\/vc_column_text][vc_column_text css=&#8221;.vc_custom_1564664530320{margin-top: 1.5em !important;margin-right: 1.5em !important;margin-bottom: 2em !important;margin-left: 0em !important;}&#8221;]\n<div id=\"ctl00_ctl00_MiddlePlaceHolder_PageMainContentHolder_TBSDescrizioneCosaFare\">\n<p>TaskBuilder\u00a0Studio \u00e8 la piattaforma di sviluppo creata per realizzare applicazioni ERP e di Business flessibili e robuste.<\/p>\n<p>Grazie al concetto di Applicazione Dinamica, TaskBuilder Studio abolisce ogni rigidit\u00e0: la soluzione ERP installata \u00e8 composta da\u00a0pi\u00f9 applicazioni indipendenti, che si coordinano per eseguire le azioni richieste. Le applicazioni fornite da diversi produttori e rivolte a differenti aree aziendali trovano posto\u00a0nella stessa installazione\u00a0e sono\u00a0caricate dinamicamente\u00a0al momento dell\u2019uso. L&#8217;ambiente e i mattoni fondanti forniti da TaskBuilder Framework sono comuni a tutte le applicazioni, cos\u00ec hai sul video un\u00a0insieme coerente di interfacce e comportamenti, anche se realizzate da produttori terzi. Le applicazioni a loro volta sono composte da moduli opzionali, proprio come avviene per gli applicativi di Mago4.<\/p>\n<\/div>\n<div id=\"ctl00_ctl00_MiddlePlaceHolder_PageMainContentHolder_TBSDescrizioneSviluppareApplicazioni\"><\/div>\n[\/vc_column_text][vc_column_text]<a href=\"https:\/\/www.mago-erp.com\/it\/sviluppo\/piattaforme-mago4\/tbs\">Learn more<\/a> | <a href=\"https:\/\/www.mago-erp.com\/download\/11821\/\">Brochure<\/a>[\/vc_column_text][\/vc_column_inner][vc_column_inner width=&#8221;1\/3&#8243;][vc_empty_space height=&#8221;64px&#8221;][vc_single_image image=&#8221;11458&#8243; img_size=&#8221;full&#8221; onclick=&#8221;custom_link&#8221; link=&#8221;https:\/\/www.mago-erp.com\/it\/sviluppo\/piattaforme-mago4\/tbs&#8221;][\/vc_column_inner][\/vc_row_inner][\/vc_column][\/vc_row][vc_row full_width=&#8221;stretch_row&#8221; wrap_container=&#8221;yes&#8221; css=&#8221;.vc_custom_1566470205108{padding-top: 35px !important;padding-bottom: 35px !important;}&#8221;][vc_column][vc_row_inner][vc_column_inner width=&#8221;2\/3&#8243;][vc_column_text css=&#8221;.vc_custom_1564663310388{margin-top: 20px !important;margin-bottom: 20px !important;}&#8221;]\n<h2>TaskBuilder Framework<\/h2>\n[\/vc_column_text][vc_column_text css=&#8221;.vc_custom_1564663450265{margin-top: 1.5em !important;margin-right: 1.5em !important;margin-bottom: 2em !important;margin-left: 0em !important;}&#8221;]Task Builder Framework \u00e8 l\u2019infrastruttura di supporto\u00a0del tuo ERP Mago4; in pratica rappresenta le fondamenta del sistema gestionale. Task Builder Framework definisce infatti l&#8217;architettura globale di Mago4 e ti supporta nella creazione di progetti, estendendo le funzionalit\u00e0 del tuo ERP.<\/p>\n<p>Con il componente Task Builder Framework della suite Mago4, hai a tua disposizione una struttura capace di dare forza alle tue soluzioni e di supportarti nel quotidiano, grazie strumenti pensati apposta per\u00a0aumentare la produttivit\u00e0 aziendale. La modularit\u00e0 di Mago4, per esempio, \u00e8 una diretta conseguenza del modello dell&#8217;architettura, in cui la struttura logica rimane separata dall&#8217;interfaccia utente.[\/vc_column_text][vc_column_text]<a href=\"https:\/\/www.mago-erp.com\/it\/sviluppo\/piattaforme-mago4\/framework\">Learn more<\/a>[\/vc_column_text][\/vc_column_inner][vc_column_inner width=&#8221;1\/3&#8243;][vc_empty_space height=&#8221;64px&#8221;][vc_single_image image=&#8221;5418&#8243; img_size=&#8221;full&#8221; onclick=&#8221;custom_link&#8221; link=&#8221;https:\/\/www.mago-erp.com\/it\/sviluppo\/piattaforme-mago4\/framework&#8221;][\/vc_column_inner][\/vc_row_inner][\/vc_column][\/vc_row][vc_column_inner width=&#8221;1\/3&#8243;][\/vc_column_inner]\n<\/div>","protected":false},"excerpt":{"rendered":"<p>[vc_row full_width=&#8221;stretch_row&#8221; equal_height=&#8221;yes&#8221; content_placement=&#8221;middle&#8221; parallax=&#8221;content-moving&#8221; wrap_container=&#8221;yes&#8221; css=&#8221;.vc_custom_1526656781826{margin-bottom: 40px !important;padding-top: -100px !important;background-color: #ffffff !important;background-position: 0 0;background-repeat:-repeat;}&#8221; el_class=&#8221;bg-img-cover&#8221;][vc_column animation_type=&#8221;fadeIn&#8221;][rev_slider_vc alias=&#8221;it-_piattaforme&#8221;][\/vc_column][\/vc_row][vc_row][vc_column][vc_custom_heading text=&#8221;Migliora la produttivit\u00e0 della tua azienda con una suite applicativa che mette a tua disposizione la piattaforma di sviluppo e l\u2019infrastruttura di supporto per realizzare i tuoi progetti.&#8221; font_container=&#8221;tag:h2|font_size:22|text_align:left|color:%230a0a0a|line_height:1.5&#8243; google_fonts=&#8221;font_family:Roboto%3A100%2C100italic%2C300%2C300italic%2Cregular%2Citalic%2C500%2C500italic%2C700%2C700italic%2C900%2C900italic|font_style:300%20light%20regular%3A300%3Anormal&#8221;][\/vc_column][\/vc_row][vc_row][vc_column][vc_empty_space][vc_column_text] Un sistema applicativo all-in-one [\/vc_column_text][vc_empty_space][vc_column_text]Dai a tutti [&hellip;]<\/p>\n","protected":false},"author":4,"featured_media":0,"parent":9979,"menu_order":0,"comment_status":"closed","ping_status":"closed","template":"","meta":{"_acf_changed":false,"footnotes":""},"class_list":["post-11226","page","type-page","status-publish","hentry"],"acf":[],"yoast_head":"<!-- This site is optimized with the Yoast SEO plugin v27.5 - https:\/\/yoast.com\/product\/yoast-seo-wordpress\/ -->\n<title>Overview delle piattaforme - Mago ERP<\/title>\n<meta name=\"robots\" content=\"index, follow, max-snippet:-1, max-image-preview:large, max-video-preview:-1\" \/>\n<link rel=\"canonical\" href=\"https:\/\/www.mago-erp.com\/it\/sviluppo\/piattaforme-mago4\" \/>\n<meta property=\"og:locale\" content=\"it_IT\" \/>\n<meta property=\"og:type\" content=\"article\" \/>\n<meta property=\"og:title\" content=\"Overview delle piattaforme - Mago ERP\" \/>\n<meta property=\"og:description\" content=\"[vc_row full_width=&#8221;stretch_row&#8221; equal_height=&#8221;yes&#8221; content_placement=&#8221;middle&#8221; parallax=&#8221;content-moving&#8221; wrap_container=&#8221;yes&#8221; css=&#8221;.vc_custom_1526656781826{margin-bottom: 40px !important;padding-top: -100px !important;background-color: #ffffff !important;background-position: 0 0;background-repeat:-repeat;}&#8221; el_class=&#8221;bg-img-cover&#8221;][vc_column animation_type=&#8221;fadeIn&#8221;][rev_slider_vc alias=&#8221;it-_piattaforme&#8221;][\/vc_column][\/vc_row][vc_row][vc_column][vc_custom_heading text=&#8221;Migliora la produttivit\u00e0 della tua azienda con una suite applicativa che mette a tua disposizione la piattaforma di sviluppo e l\u2019infrastruttura di supporto per realizzare i tuoi progetti.&#8221; font_container=&#8221;tag:h2|font_size:22|text_align:left|color:%230a0a0a|line_height:1.5&#8243; google_fonts=&#8221;font_family:Roboto%3A100%2C100italic%2C300%2C300italic%2Cregular%2Citalic%2C500%2C500italic%2C700%2C700italic%2C900%2C900italic|font_style:300%20light%20regular%3A300%3Anormal&#8221;][\/vc_column][\/vc_row][vc_row][vc_column][vc_empty_space][vc_column_text] Un sistema applicativo all-in-one [\/vc_column_text][vc_empty_space][vc_column_text]Dai a tutti [&hellip;]\" \/>\n<meta property=\"og:url\" content=\"https:\/\/www.mago-erp.com\/it\/sviluppo\/piattaforme-mago4\" \/>\n<meta property=\"og:site_name\" content=\"Mago ERP\" \/>\n<meta property=\"article:publisher\" content=\"http:\/\/www.facebook.com\/ZucchettiSoftware\" \/>\n<meta property=\"article:modified_time\" content=\"2021-02-04T09:36:46+00:00\" \/>\n<meta name=\"twitter:card\" content=\"summary_large_image\" \/>\n<meta name=\"twitter:label1\" content=\"Tempo di lettura stimato\" \/>\n\t<meta name=\"twitter:data1\" content=\"4 minuti\" \/>\n<script type=\"application\/ld+json\" class=\"yoast-schema-graph\">{\"@context\":\"https:\\\/\\\/schema.org\",\"@graph\":[{\"@type\":\"WebPage\",\"@id\":\"https:\\\/\\\/www.mago-erp.com\\\/it\\\/sviluppo\\\/piattaforme-mago4\",\"url\":\"https:\\\/\\\/www.mago-erp.com\\\/it\\\/sviluppo\\\/piattaforme-mago4\",\"name\":\"Overview delle piattaforme - Mago ERP\",\"isPartOf\":{\"@id\":\"https:\\\/\\\/www.mago-erp.com\\\/it#website\"},\"datePublished\":\"2019-07-23T13:31:23+00:00\",\"dateModified\":\"2021-02-04T09:36:46+00:00\",\"breadcrumb\":{\"@id\":\"https:\\\/\\\/www.mago-erp.com\\\/it\\\/sviluppo\\\/piattaforme-mago4#breadcrumb\"},\"inLanguage\":\"it-IT\",\"potentialAction\":[{\"@type\":\"ReadAction\",\"target\":[\"https:\\\/\\\/www.mago-erp.com\\\/it\\\/sviluppo\\\/piattaforme-mago4\"]}]},{\"@type\":\"BreadcrumbList\",\"@id\":\"https:\\\/\\\/www.mago-erp.com\\\/it\\\/sviluppo\\\/piattaforme-mago4#breadcrumb\",\"itemListElement\":[{\"@type\":\"ListItem\",\"position\":1,\"name\":\"Home\",\"item\":\"https:\\\/\\\/www.mago-erp.com\\\/it\"},{\"@type\":\"ListItem\",\"position\":2,\"name\":\"Tecnologia &#038; Sviluppo\",\"item\":\"https:\\\/\\\/www.mago-erp.com\\\/it\\\/sviluppo\"},{\"@type\":\"ListItem\",\"position\":3,\"name\":\"Overview delle piattaforme\"}]},{\"@type\":\"WebSite\",\"@id\":\"https:\\\/\\\/www.mago-erp.com\\\/it#website\",\"url\":\"https:\\\/\\\/www.mago-erp.com\\\/it\",\"name\":\"Mago ERP\",\"description\":\"Mago ERP\",\"publisher\":{\"@id\":\"https:\\\/\\\/www.mago-erp.com\\\/it#organization\"},\"potentialAction\":[{\"@type\":\"SearchAction\",\"target\":{\"@type\":\"EntryPoint\",\"urlTemplate\":\"https:\\\/\\\/www.mago-erp.com\\\/it?s={search_term_string}\"},\"query-input\":{\"@type\":\"PropertyValueSpecification\",\"valueRequired\":true,\"valueName\":\"search_term_string\"}}],\"inLanguage\":\"it-IT\"},{\"@type\":\"Organization\",\"@id\":\"https:\\\/\\\/www.mago-erp.com\\\/it#organization\",\"name\":\"Zucchetti Group\",\"url\":\"https:\\\/\\\/www.mago-erp.com\\\/it\",\"logo\":{\"@type\":\"ImageObject\",\"inLanguage\":\"it-IT\",\"@id\":\"https:\\\/\\\/www.mago-erp.com\\\/it#\\\/schema\\\/logo\\\/image\\\/\",\"url\":\"https:\\\/\\\/www.mago-erp.com\\\/wp-content\\\/uploads\\\/2018\\\/04\\\/logo.png\",\"contentUrl\":\"https:\\\/\\\/www.mago-erp.com\\\/wp-content\\\/uploads\\\/2018\\\/04\\\/logo.png\",\"width\":400,\"height\":98,\"caption\":\"Zucchetti Group\"},\"image\":{\"@id\":\"https:\\\/\\\/www.mago-erp.com\\\/it#\\\/schema\\\/logo\\\/image\\\/\"},\"sameAs\":[\"http:\\\/\\\/www.facebook.com\\\/ZucchettiSoftware\",\"http:\\\/\\\/www.linkedin.com\\\/company\\\/zucchetti\",\"http:\\\/\\\/www.youtube.com\\\/mktzucche\"]}]}<\/script>\n<!-- \/ Yoast SEO plugin. -->","yoast_head_json":{"title":"Overview delle piattaforme - Mago ERP","robots":{"index":"index","follow":"follow","max-snippet":"max-snippet:-1","max-image-preview":"max-image-preview:large","max-video-preview":"max-video-preview:-1"},"canonical":"https:\/\/www.mago-erp.com\/it\/sviluppo\/piattaforme-mago4","og_locale":"it_IT","og_type":"article","og_title":"Overview delle piattaforme - Mago ERP","og_description":"[vc_row full_width=&#8221;stretch_row&#8221; equal_height=&#8221;yes&#8221; content_placement=&#8221;middle&#8221; parallax=&#8221;content-moving&#8221; wrap_container=&#8221;yes&#8221; css=&#8221;.vc_custom_1526656781826{margin-bottom: 40px !important;padding-top: -100px !important;background-color: #ffffff !important;background-position: 0 0;background-repeat:-repeat;}&#8221; el_class=&#8221;bg-img-cover&#8221;][vc_column animation_type=&#8221;fadeIn&#8221;][rev_slider_vc alias=&#8221;it-_piattaforme&#8221;][\/vc_column][\/vc_row][vc_row][vc_column][vc_custom_heading text=&#8221;Migliora la produttivit\u00e0 della tua azienda con una suite applicativa che mette a tua disposizione la piattaforma di sviluppo e l\u2019infrastruttura di supporto per realizzare i tuoi progetti.&#8221; font_container=&#8221;tag:h2|font_size:22|text_align:left|color:%230a0a0a|line_height:1.5&#8243; google_fonts=&#8221;font_family:Roboto%3A100%2C100italic%2C300%2C300italic%2Cregular%2Citalic%2C500%2C500italic%2C700%2C700italic%2C900%2C900italic|font_style:300%20light%20regular%3A300%3Anormal&#8221;][\/vc_column][\/vc_row][vc_row][vc_column][vc_empty_space][vc_column_text] Un sistema applicativo all-in-one [\/vc_column_text][vc_empty_space][vc_column_text]Dai a tutti [&hellip;]","og_url":"https:\/\/www.mago-erp.com\/it\/sviluppo\/piattaforme-mago4","og_site_name":"Mago ERP","article_publisher":"http:\/\/www.facebook.com\/ZucchettiSoftware","article_modified_time":"2021-02-04T09:36:46+00:00","twitter_card":"summary_large_image","twitter_misc":{"Tempo di lettura stimato":"4 minuti"},"schema":{"@context":"https:\/\/schema.org","@graph":[{"@type":"WebPage","@id":"https:\/\/www.mago-erp.com\/it\/sviluppo\/piattaforme-mago4","url":"https:\/\/www.mago-erp.com\/it\/sviluppo\/piattaforme-mago4","name":"Overview delle piattaforme - Mago ERP","isPartOf":{"@id":"https:\/\/www.mago-erp.com\/it#website"},"datePublished":"2019-07-23T13:31:23+00:00","dateModified":"2021-02-04T09:36:46+00:00","breadcrumb":{"@id":"https:\/\/www.mago-erp.com\/it\/sviluppo\/piattaforme-mago4#breadcrumb"},"inLanguage":"it-IT","potentialAction":[{"@type":"ReadAction","target":["https:\/\/www.mago-erp.com\/it\/sviluppo\/piattaforme-mago4"]}]},{"@type":"BreadcrumbList","@id":"https:\/\/www.mago-erp.com\/it\/sviluppo\/piattaforme-mago4#breadcrumb","itemListElement":[{"@type":"ListItem","position":1,"name":"Home","item":"https:\/\/www.mago-erp.com\/it"},{"@type":"ListItem","position":2,"name":"Tecnologia &#038; Sviluppo","item":"https:\/\/www.mago-erp.com\/it\/sviluppo"},{"@type":"ListItem","position":3,"name":"Overview delle piattaforme"}]},{"@type":"WebSite","@id":"https:\/\/www.mago-erp.com\/it#website","url":"https:\/\/www.mago-erp.com\/it","name":"Mago ERP","description":"Mago ERP","publisher":{"@id":"https:\/\/www.mago-erp.com\/it#organization"},"potentialAction":[{"@type":"SearchAction","target":{"@type":"EntryPoint","urlTemplate":"https:\/\/www.mago-erp.com\/it?s={search_term_string}"},"query-input":{"@type":"PropertyValueSpecification","valueRequired":true,"valueName":"search_term_string"}}],"inLanguage":"it-IT"},{"@type":"Organization","@id":"https:\/\/www.mago-erp.com\/it#organization","name":"Zucchetti Group","url":"https:\/\/www.mago-erp.com\/it","logo":{"@type":"ImageObject","inLanguage":"it-IT","@id":"https:\/\/www.mago-erp.com\/it#\/schema\/logo\/image\/","url":"https:\/\/www.mago-erp.com\/wp-content\/uploads\/2018\/04\/logo.png","contentUrl":"https:\/\/www.mago-erp.com\/wp-content\/uploads\/2018\/04\/logo.png","width":400,"height":98,"caption":"Zucchetti Group"},"image":{"@id":"https:\/\/www.mago-erp.com\/it#\/schema\/logo\/image\/"},"sameAs":["http:\/\/www.facebook.com\/ZucchettiSoftware","http:\/\/www.linkedin.com\/company\/zucchetti","http:\/\/www.youtube.com\/mktzucche"]}]}},"_links":{"self":[{"href":"https:\/\/www.mago-erp.com\/it\/wp-json\/wp\/v2\/pages\/11226","targetHints":{"allow":["GET"]}}],"collection":[{"href":"https:\/\/www.mago-erp.com\/it\/wp-json\/wp\/v2\/pages"}],"about":[{"href":"https:\/\/www.mago-erp.com\/it\/wp-json\/wp\/v2\/types\/page"}],"author":[{"embeddable":true,"href":"https:\/\/www.mago-erp.com\/it\/wp-json\/wp\/v2\/users\/4"}],"replies":[{"embeddable":true,"href":"https:\/\/www.mago-erp.com\/it\/wp-json\/wp\/v2\/comments?post=11226"}],"version-history":[{"count":0,"href":"https:\/\/www.mago-erp.com\/it\/wp-json\/wp\/v2\/pages\/11226\/revisions"}],"up":[{"embeddable":true,"href":"https:\/\/www.mago-erp.com\/it\/wp-json\/wp\/v2\/pages\/9979"}],"wp:attachment":[{"href":"https:\/\/www.mago-erp.com\/it\/wp-json\/wp\/v2\/media?parent=11226"}],"curies":[{"name":"wp","href":"https:\/\/api.w.org\/{rel}","templated":true}]}}