{"id":11713,"date":"2019-08-19T08:52:45","date_gmt":"2019-08-19T06:52:45","guid":{"rendered":"https:\/\/www.mago-erp.com\/?page_id=11713"},"modified":"2021-05-18T10:01:53","modified_gmt":"2021-05-18T08:01:53","slug":"documentazione","status":"publish","type":"page","link":"https:\/\/www.mago-erp.com\/it\/risorse\/documentazione","title":{"rendered":"Documentazione"},"content":{"rendered":"<div class=\"wpb-content-wrapper\">[vc_row full_width=&#8221;stretch_row&#8221; equal_height=&#8221;yes&#8221; content_placement=&#8221;middle&#8221; wrap_container=&#8221;yes&#8221; css=&#8221;.vc_custom_1526655567506{margin-bottom: 40px !important;background-color: #ffffff !important;background-position: 0 0 !important;background-repeat: no-repeat !important;}&#8221; el_class=&#8221;bg-img-cover&#8221;][vc_column animation_type=&#8221;fadeIn&#8221;][rev_slider_vc alias=&#8221;it_documentazione&#8221;][\/vc_column][\/vc_row][vc_row full_width=&#8221;stretch_row&#8221; wrap_container=&#8221;yes&#8221; text_align=&#8221;left&#8221; remove_margin_top=&#8221;yes&#8221; remove_margin_bottom=&#8221;yes&#8221; remove_border=&#8221;yes&#8221; css=&#8221;.vc_custom_1525957325142{margin-top: 20px !important;margin-right: 0px !important;margin-bottom: 0px !important;margin-left: 0px !important;border-top-width: 0px !important;border-right-width: 0px !important;border-bottom-width: 0px !important;border-left-width: 0px !important;padding-top: 0px !important;padding-right: 0px !important;padding-bottom: 40px !important;padding-left: 0px !important;}&#8221; el_class=&#8221;bg-custom-color-1&#8243;][vc_column][vc_custom_heading text=&#8221;In questa pagina trovi tutta la documentazione disponibile relativa a Mago4; questo \u00e8 anche il punto di partenza per apprendere di pi\u00f9 sulle funzionalit\u00e0 di tutti i moduli del software gestionale Mago4. Sfoglia o scarica il materiale informativo!&#8221; font_container=&#8221;tag:h2|font_size:22|text_align:left|color:%230a0a0a|line_height:1.5&#8243; google_fonts=&#8221;font_family:Roboto%3A100%2C100italic%2C300%2C300italic%2Cregular%2Citalic%2C500%2C500italic%2C700%2C700italic%2C900%2C900italic|font_style:300%20light%20regular%3A300%3Anormal&#8221;][vc_empty_space height=&#8221;12px&#8221;][\/vc_column][\/vc_row][vc_row][vc_column][vc_column_text]<div class=\"_df_book df-lite\" id=\"df_18527\"  _slug=\"brochure-mago4-ita\" data-title=\"brochure-mago4-ita\" wpoptions=\"true\" thumb=\"https:\/\/www.mago-erp.com\/wp-content\/uploads\/2020\/11\/Mago4Brochure.png\" thumbtype=\"\" ><\/div><script class=\"df-shortcode-script\" nowprocket type=\"application\/javascript\">window.option_df_18527 = {\"outline\":[],\"backgroundColor\":\"#DCDCDC\",\"autoEnableOutline\":\"false\",\"autoEnableThumbnail\":\"false\",\"overwritePDFOutline\":\"false\",\"direction\":\"1\",\"pageSize\":\"0\",\"soundEnable\":\"false\",\"source\":\"https:\\\/\\\/www.mago-erp.com\\\/wp-content\\\/uploads\\\/2021\\\/05\\\/Mago4_brochure_ITA_12.2021.pdf\",\"wpOptions\":\"true\"}; if(window.DFLIP && window.DFLIP.parseBooks){window.DFLIP.parseBooks();}<\/script>[\/vc_column_text][\/vc_column][\/vc_row][vc_row][vc_column][vc_empty_space][vc_cta h2=&#8221;Ti interessa saperne di pi\u00f9?&#8221; color=&#8221;vista-blue&#8221;]<a href=\"https:\/\/www.mago-erp.com\/it\/risorse\/documentazione\/documentazione-flyer\"><span style=\"font-size: 19px;\"><strong>Accedi alla pagina contenente tutti i flyer relativi ai moduli di Mago &gt;&gt;<\/strong><\/span><\/a>[\/vc_cta][\/vc_column][\/vc_row]\n<\/div>","protected":false},"excerpt":{"rendered":"<p>[vc_row full_width=&#8221;stretch_row&#8221; equal_height=&#8221;yes&#8221; content_placement=&#8221;middle&#8221; wrap_container=&#8221;yes&#8221; css=&#8221;.vc_custom_1526655567506{margin-bottom: 40px !important;background-color: #ffffff !important;background-position: 0 0 !important;background-repeat: no-repeat !important;}&#8221; el_class=&#8221;bg-img-cover&#8221;][vc_column animation_type=&#8221;fadeIn&#8221;][rev_slider_vc alias=&#8221;it_documentazione&#8221;][\/vc_column][\/vc_row][vc_row full_width=&#8221;stretch_row&#8221; wrap_container=&#8221;yes&#8221; text_align=&#8221;left&#8221; remove_margin_top=&#8221;yes&#8221; remove_margin_bottom=&#8221;yes&#8221; remove_border=&#8221;yes&#8221; css=&#8221;.vc_custom_1525957325142{margin-top: 20px !important;margin-right: 0px !important;margin-bottom: 0px !important;margin-left: 0px !important;border-top-width: 0px !important;border-right-width: 0px !important;border-bottom-width: 0px !important;border-left-width: 0px !important;padding-top: 0px !important;padding-right: 0px !important;padding-bottom: 40px !important;padding-left: 0px !important;}&#8221; el_class=&#8221;bg-custom-color-1&#8243;][vc_column][vc_custom_heading text=&#8221;In questa pagina trovi tutta [&hellip;]<\/p>\n","protected":false},"author":4,"featured_media":0,"parent":11915,"menu_order":0,"comment_status":"closed","ping_status":"closed","template":"","meta":{"_acf_changed":false,"footnotes":""},"class_list":["post-11713","page","type-page","status-publish","hentry"],"acf":[],"yoast_head":"<!-- This site is optimized with the Yoast SEO plugin v27.4 - https:\/\/yoast.com\/product\/yoast-seo-wordpress\/ -->\n<title>Documentazione - Mago ERP<\/title>\n<meta name=\"robots\" content=\"index, follow, max-snippet:-1, max-image-preview:large, max-video-preview:-1\" \/>\n<link rel=\"canonical\" href=\"https:\/\/www.mago-erp.com\/it\/risorse\/documentazione\" \/>\n<meta property=\"og:locale\" content=\"it_IT\" \/>\n<meta property=\"og:type\" content=\"article\" \/>\n<meta property=\"og:title\" content=\"Documentazione - Mago ERP\" \/>\n<meta property=\"og:description\" content=\"[vc_row full_width=&#8221;stretch_row&#8221; equal_height=&#8221;yes&#8221; content_placement=&#8221;middle&#8221; wrap_container=&#8221;yes&#8221; css=&#8221;.vc_custom_1526655567506{margin-bottom: 40px !important;background-color: #ffffff !important;background-position: 0 0 !important;background-repeat: no-repeat !important;}&#8221; el_class=&#8221;bg-img-cover&#8221;][vc_column animation_type=&#8221;fadeIn&#8221;][rev_slider_vc alias=&#8221;it_documentazione&#8221;][\/vc_column][\/vc_row][vc_row full_width=&#8221;stretch_row&#8221; wrap_container=&#8221;yes&#8221; text_align=&#8221;left&#8221; remove_margin_top=&#8221;yes&#8221; remove_margin_bottom=&#8221;yes&#8221; remove_border=&#8221;yes&#8221; css=&#8221;.vc_custom_1525957325142{margin-top: 20px !important;margin-right: 0px !important;margin-bottom: 0px !important;margin-left: 0px !important;border-top-width: 0px !important;border-right-width: 0px !important;border-bottom-width: 0px !important;border-left-width: 0px !important;padding-top: 0px !important;padding-right: 0px !important;padding-bottom: 40px !important;padding-left: 0px !important;}&#8221; el_class=&#8221;bg-custom-color-1&#8243;][vc_column][vc_custom_heading text=&#8221;In questa pagina trovi tutta [&hellip;]\" \/>\n<meta property=\"og:url\" content=\"https:\/\/www.mago-erp.com\/it\/risorse\/documentazione\" \/>\n<meta property=\"og:site_name\" content=\"Mago ERP\" \/>\n<meta property=\"article:publisher\" content=\"http:\/\/www.facebook.com\/ZucchettiSoftware\" \/>\n<meta property=\"article:modified_time\" content=\"2021-05-18T08:01:53+00:00\" \/>\n<meta name=\"twitter:card\" content=\"summary_large_image\" \/>\n<meta name=\"twitter:label1\" content=\"Tempo di lettura stimato\" \/>\n\t<meta name=\"twitter:data1\" content=\"1 minuto\" \/>\n<script type=\"application\/ld+json\" class=\"yoast-schema-graph\">{\"@context\":\"https:\\\/\\\/schema.org\",\"@graph\":[{\"@type\":\"WebPage\",\"@id\":\"https:\\\/\\\/www.mago-erp.com\\\/it\\\/risorse\\\/documentazione\",\"url\":\"https:\\\/\\\/www.mago-erp.com\\\/it\\\/risorse\\\/documentazione\",\"name\":\"Documentazione - Mago ERP\",\"isPartOf\":{\"@id\":\"https:\\\/\\\/www.mago-erp.com\\\/it#website\"},\"datePublished\":\"2019-08-19T06:52:45+00:00\",\"dateModified\":\"2021-05-18T08:01:53+00:00\",\"breadcrumb\":{\"@id\":\"https:\\\/\\\/www.mago-erp.com\\\/it\\\/risorse\\\/documentazione#breadcrumb\"},\"inLanguage\":\"it-IT\",\"potentialAction\":[{\"@type\":\"ReadAction\",\"target\":[\"https:\\\/\\\/www.mago-erp.com\\\/it\\\/risorse\\\/documentazione\"]}]},{\"@type\":\"BreadcrumbList\",\"@id\":\"https:\\\/\\\/www.mago-erp.com\\\/it\\\/risorse\\\/documentazione#breadcrumb\",\"itemListElement\":[{\"@type\":\"ListItem\",\"position\":1,\"name\":\"Home\",\"item\":\"https:\\\/\\\/www.mago-erp.com\\\/it\"},{\"@type\":\"ListItem\",\"position\":2,\"name\":\"Risorse\",\"item\":\"https:\\\/\\\/www.mago-erp.com\\\/it\\\/risorse\"},{\"@type\":\"ListItem\",\"position\":3,\"name\":\"Documentazione\"}]},{\"@type\":\"WebSite\",\"@id\":\"https:\\\/\\\/www.mago-erp.com\\\/it#website\",\"url\":\"https:\\\/\\\/www.mago-erp.com\\\/it\",\"name\":\"Mago ERP\",\"description\":\"Mago ERP\",\"publisher\":{\"@id\":\"https:\\\/\\\/www.mago-erp.com\\\/it#organization\"},\"potentialAction\":[{\"@type\":\"SearchAction\",\"target\":{\"@type\":\"EntryPoint\",\"urlTemplate\":\"https:\\\/\\\/www.mago-erp.com\\\/it?s={search_term_string}\"},\"query-input\":{\"@type\":\"PropertyValueSpecification\",\"valueRequired\":true,\"valueName\":\"search_term_string\"}}],\"inLanguage\":\"it-IT\"},{\"@type\":\"Organization\",\"@id\":\"https:\\\/\\\/www.mago-erp.com\\\/it#organization\",\"name\":\"Zucchetti Group\",\"url\":\"https:\\\/\\\/www.mago-erp.com\\\/it\",\"logo\":{\"@type\":\"ImageObject\",\"inLanguage\":\"it-IT\",\"@id\":\"https:\\\/\\\/www.mago-erp.com\\\/it#\\\/schema\\\/logo\\\/image\\\/\",\"url\":\"https:\\\/\\\/www.mago-erp.com\\\/wp-content\\\/uploads\\\/2018\\\/04\\\/logo.png\",\"contentUrl\":\"https:\\\/\\\/www.mago-erp.com\\\/wp-content\\\/uploads\\\/2018\\\/04\\\/logo.png\",\"width\":400,\"height\":98,\"caption\":\"Zucchetti Group\"},\"image\":{\"@id\":\"https:\\\/\\\/www.mago-erp.com\\\/it#\\\/schema\\\/logo\\\/image\\\/\"},\"sameAs\":[\"http:\\\/\\\/www.facebook.com\\\/ZucchettiSoftware\",\"http:\\\/\\\/www.linkedin.com\\\/company\\\/zucchetti\",\"http:\\\/\\\/www.youtube.com\\\/mktzucche\"]}]}<\/script>\n<!-- \/ Yoast SEO plugin. -->","yoast_head_json":{"title":"Documentazione - Mago ERP","robots":{"index":"index","follow":"follow","max-snippet":"max-snippet:-1","max-image-preview":"max-image-preview:large","max-video-preview":"max-video-preview:-1"},"canonical":"https:\/\/www.mago-erp.com\/it\/risorse\/documentazione","og_locale":"it_IT","og_type":"article","og_title":"Documentazione - Mago ERP","og_description":"[vc_row full_width=&#8221;stretch_row&#8221; equal_height=&#8221;yes&#8221; content_placement=&#8221;middle&#8221; wrap_container=&#8221;yes&#8221; css=&#8221;.vc_custom_1526655567506{margin-bottom: 40px !important;background-color: #ffffff !important;background-position: 0 0 !important;background-repeat: no-repeat !important;}&#8221; el_class=&#8221;bg-img-cover&#8221;][vc_column animation_type=&#8221;fadeIn&#8221;][rev_slider_vc alias=&#8221;it_documentazione&#8221;][\/vc_column][\/vc_row][vc_row full_width=&#8221;stretch_row&#8221; wrap_container=&#8221;yes&#8221; text_align=&#8221;left&#8221; remove_margin_top=&#8221;yes&#8221; remove_margin_bottom=&#8221;yes&#8221; remove_border=&#8221;yes&#8221; css=&#8221;.vc_custom_1525957325142{margin-top: 20px !important;margin-right: 0px !important;margin-bottom: 0px !important;margin-left: 0px !important;border-top-width: 0px !important;border-right-width: 0px !important;border-bottom-width: 0px !important;border-left-width: 0px !important;padding-top: 0px !important;padding-right: 0px !important;padding-bottom: 40px !important;padding-left: 0px !important;}&#8221; el_class=&#8221;bg-custom-color-1&#8243;][vc_column][vc_custom_heading text=&#8221;In questa pagina trovi tutta [&hellip;]","og_url":"https:\/\/www.mago-erp.com\/it\/risorse\/documentazione","og_site_name":"Mago ERP","article_publisher":"http:\/\/www.facebook.com\/ZucchettiSoftware","article_modified_time":"2021-05-18T08:01:53+00:00","twitter_card":"summary_large_image","twitter_misc":{"Tempo di lettura stimato":"1 minuto"},"schema":{"@context":"https:\/\/schema.org","@graph":[{"@type":"WebPage","@id":"https:\/\/www.mago-erp.com\/it\/risorse\/documentazione","url":"https:\/\/www.mago-erp.com\/it\/risorse\/documentazione","name":"Documentazione - Mago ERP","isPartOf":{"@id":"https:\/\/www.mago-erp.com\/it#website"},"datePublished":"2019-08-19T06:52:45+00:00","dateModified":"2021-05-18T08:01:53+00:00","breadcrumb":{"@id":"https:\/\/www.mago-erp.com\/it\/risorse\/documentazione#breadcrumb"},"inLanguage":"it-IT","potentialAction":[{"@type":"ReadAction","target":["https:\/\/www.mago-erp.com\/it\/risorse\/documentazione"]}]},{"@type":"BreadcrumbList","@id":"https:\/\/www.mago-erp.com\/it\/risorse\/documentazione#breadcrumb","itemListElement":[{"@type":"ListItem","position":1,"name":"Home","item":"https:\/\/www.mago-erp.com\/it"},{"@type":"ListItem","position":2,"name":"Risorse","item":"https:\/\/www.mago-erp.com\/it\/risorse"},{"@type":"ListItem","position":3,"name":"Documentazione"}]},{"@type":"WebSite","@id":"https:\/\/www.mago-erp.com\/it#website","url":"https:\/\/www.mago-erp.com\/it","name":"Mago ERP","description":"Mago ERP","publisher":{"@id":"https:\/\/www.mago-erp.com\/it#organization"},"potentialAction":[{"@type":"SearchAction","target":{"@type":"EntryPoint","urlTemplate":"https:\/\/www.mago-erp.com\/it?s={search_term_string}"},"query-input":{"@type":"PropertyValueSpecification","valueRequired":true,"valueName":"search_term_string"}}],"inLanguage":"it-IT"},{"@type":"Organization","@id":"https:\/\/www.mago-erp.com\/it#organization","name":"Zucchetti Group","url":"https:\/\/www.mago-erp.com\/it","logo":{"@type":"ImageObject","inLanguage":"it-IT","@id":"https:\/\/www.mago-erp.com\/it#\/schema\/logo\/image\/","url":"https:\/\/www.mago-erp.com\/wp-content\/uploads\/2018\/04\/logo.png","contentUrl":"https:\/\/www.mago-erp.com\/wp-content\/uploads\/2018\/04\/logo.png","width":400,"height":98,"caption":"Zucchetti Group"},"image":{"@id":"https:\/\/www.mago-erp.com\/it#\/schema\/logo\/image\/"},"sameAs":["http:\/\/www.facebook.com\/ZucchettiSoftware","http:\/\/www.linkedin.com\/company\/zucchetti","http:\/\/www.youtube.com\/mktzucche"]}]}},"_links":{"self":[{"href":"https:\/\/www.mago-erp.com\/it\/wp-json\/wp\/v2\/pages\/11713","targetHints":{"allow":["GET"]}}],"collection":[{"href":"https:\/\/www.mago-erp.com\/it\/wp-json\/wp\/v2\/pages"}],"about":[{"href":"https:\/\/www.mago-erp.com\/it\/wp-json\/wp\/v2\/types\/page"}],"author":[{"embeddable":true,"href":"https:\/\/www.mago-erp.com\/it\/wp-json\/wp\/v2\/users\/4"}],"replies":[{"embeddable":true,"href":"https:\/\/www.mago-erp.com\/it\/wp-json\/wp\/v2\/comments?post=11713"}],"version-history":[{"count":6,"href":"https:\/\/www.mago-erp.com\/it\/wp-json\/wp\/v2\/pages\/11713\/revisions"}],"predecessor-version":[{"id":18529,"href":"https:\/\/www.mago-erp.com\/it\/wp-json\/wp\/v2\/pages\/11713\/revisions\/18529"}],"up":[{"embeddable":true,"href":"https:\/\/www.mago-erp.com\/it\/wp-json\/wp\/v2\/pages\/11915"}],"wp:attachment":[{"href":"https:\/\/www.mago-erp.com\/it\/wp-json\/wp\/v2\/media?parent=11713"}],"curies":[{"name":"wp","href":"https:\/\/api.w.org\/{rel}","templated":true}]}}