{"id":11851,"date":"2019-08-21T09:11:24","date_gmt":"2019-08-21T07:11:24","guid":{"rendered":"https:\/\/www.mago-erp.com\/?page_id=11851"},"modified":"2021-12-15T17:43:38","modified_gmt":"2021-12-15T16:43:38","slug":"fatturazione-elettronica","status":"publish","type":"page","link":"https:\/\/www.mago-erp.com\/it\/software\/moduli\/gestione-amministrativa\/fatturazione-elettronica","title":{"rendered":"Fatturazione Elettronica"},"content":{"rendered":"<div class=\"wpb-content-wrapper\">[vc_row full_width=&#8221;stretch_row&#8221; equal_height=&#8221;yes&#8221; content_placement=&#8221;middle&#8221; wrap_container=&#8221;yes&#8221; css=&#8221;.vc_custom_1526637162490{margin-bottom: 40px !important;background-color: #ffffff !important;background-position: center !important;background-repeat: no-repeat !important;background-size: cover !important;}&#8221; el_class=&#8221;bg-cover&#8221;][vc_column animation_type=&#8221;fadeIn&#8221;][rev_slider_vc alias=&#8221;it_fatturazioneelettronicapassiva&#8221;][\/vc_column][\/vc_row][vc_row full_width=&#8221;stretch_row&#8221; wrap_container=&#8221;yes&#8221; text_align=&#8221;left&#8221; remove_margin_top=&#8221;yes&#8221; remove_margin_bottom=&#8221;yes&#8221; remove_border=&#8221;yes&#8221; css=&#8221;.vc_custom_1525957325142{margin-top: 20px !important;margin-right: 0px !important;margin-bottom: 0px !important;margin-left: 0px !important;border-top-width: 0px !important;border-right-width: 0px !important;border-bottom-width: 0px !important;border-left-width: 0px !important;padding-top: 0px !important;padding-right: 0px !important;padding-bottom: 40px !important;padding-left: 0px !important;}&#8221; el_class=&#8221;bg-custom-color-1&#8243;][vc_column][vc_custom_heading text=&#8221;Grazie alla registrazione della fatturazione ricevuta direttamente in contabilit\u00e0, con Mago4 le imprese possono alleggerire significativamente il peso delle attivit\u00e0 di immissione a sistema.&#8221; font_container=&#8221;tag:h2|font_size:22|text_align:left|color:%230a0a0a|line_height:1.5&#8243; google_fonts=&#8221;font_family:Roboto%3A100%2C100italic%2C300%2C300italic%2Cregular%2Citalic%2C500%2C500italic%2C700%2C700italic%2C900%2C900italic|font_style:300%20light%20regular%3A300%3Anormal&#8221;][\/vc_column][\/vc_row][vc_row full_width=&#8221;stretch_row&#8221; wrap_container=&#8221;yes&#8221; text_align=&#8221;left&#8221; remove_margin_top=&#8221;yes&#8221; remove_margin_bottom=&#8221;yes&#8221; remove_border=&#8221;yes&#8221; css=&#8221;.vc_custom_1525416056455{margin-top: 40px !important;margin-right: 0px !important;margin-bottom: 0px !important;margin-left: 0px !important;border-top-width: 0px !important;border-right-width: 0px !important;border-bottom-width: 0px !important;border-left-width: 0px !important;padding-top: 0px !important;padding-right: 0px !important;padding-bottom: 40px !important;padding-left: 0px !important;}&#8221; el_class=&#8221;bg-custom-color-1&#8243;][vc_column width=&#8221;2\/3&#8243;][vc_column_text]\n<h1>Mago4 &#8211; Fatturazione Elettronica passiva<\/h1>\n[\/vc_column_text][vc_empty_space][vc_column_text css=&#8221;.vc_custom_1566908448048{padding-right: 50px !important;}&#8221;]Lato passivo, i benefici raggiungibili con la fatturazione elettronica sono molteplici. Con la procedura di Fatturazione Elettronica Passiva dell\u2019ERP Mago4 \u00e8 possibile importare nel programma le fatture elettroniche ricevute sul Digital Hub Zucchetti e generare la relativa registrazione contabile: cos\u00ec puoi visualizzare la fattura e registrarla subito, oppure successivamente, nei Documenti Ricevuti in contabilit\u00e0. La procedura necessita del modulo Contabilit\u00e0.<\/p>\n<h3>L&#8217;IMPORTAZIONE<\/h3>\n<p>Per scaricare i documenti dal Digital Hub occorre avviare il Download da DigitalHub: la procedura scarica i documenti non ancora presi in carico la cui Data Ricezione sia compresa nel periodo indicato. Sono quindi importati sia singoli documenti che lotti di fatture, mentre non sono scaricabili fatture ricevute in formato semplificato.<\/p>\n<h3>LA GRIGLIA DEI DOCUMENTI<\/h3>\n<p>I documenti scaricati sono elencati in una griglia dove per essere contabilizzati devono essere completati con l&#8217;indicazione del Codice Fornitore e del Modello Contabile. Il programma propone sia il Codice Fornitore, se \u00e8 gi\u00e0 censito nelle anagrafiche, sia il Modello Contabile, se per il fornitore sono indicati dei modelli contabili preferenziali per le fatture e per le note di credito. Se il fornitore non \u00e8 ancora presente in archivio, pu\u00f2 essere creato automaticamente attraverso il bottone Crea Fornitore della toolbar, o tramite il men\u00f9 contestuale. Nella selezione del Modello Contabile il programma non solo<br \/>\nelenca i modelli contabili congruenti con il tipo di documento (fattura\/nota di credito), ma controlla che il modello selezionato sia corretto ai fini di un\u2019eventuale gestione di reverse charge totale o parziale presente nel documento da registrare. Inoltre \u00e8 possibile indicare la condizione di pagamento da utilizzare nella generazione della partita.<\/p>\n<h3>STATO DEL DOCUMENTO<\/h3>\n<p>Lo stato di importazione del documento \u00e8 chiaramente evidenziato:<\/p>\n<ul>\n<li>Documento da completare &#8211; indica che nel documento mancano ancora alcuni dati necessari alla sua contabilizzazione;<\/li>\n<li>Documento completo &#8211; indica che il documento \u00e8 pronto per essere contabilizzato;<\/li>\n<li>Documento gi\u00e0 generato &#8211; indica che per il documento \u00e8 gi\u00e0 stata inserita la registrazione contabile;<\/li>\n<li>Documento impegnato da altro utente &#8211; indica che un altro utente sta elaborando il documento;<\/li>\n<li>Documento storicizzato e non scaricabile- indica che il documento non \u00e8 scaricabile poich\u00e9 \u00e8 stato storicizzato sul Digital Hub.<\/li>\n<\/ul>\n<h3>VISUALIZZA XML<\/h3>\n<p>Un apposito bottone permette di visualizzare il contenuto della fattura elettronica ricevuta.<\/p>\n<h3>LA REGISTRAZIONE CONTABILE<\/h3>\n<p>L\u2019inserimento della registrazione contabile si effettua per ciascun documento scaricato a partire dal bottone Documenti Ricevuti. La registrazione contabile appare precompilata con il modello selezionato e con tutti gli importi presenti nel riepilogo IVA della fattura elettronica proposti nel Castelletto IVA, abbinati ad un codice IVA individuato attraverso l\u2019aliquota o la natura IVA (o sottonatura IVA) specificati nel documento importato. Nel Libro Giornale gli importi sono proposti sulla contropartita preferenziale del fornitore o, in alternativa, su quella presente nel modello contabile. Eventuali spese accessorie sono contabilizzate su una riga separata. Al salvataggio della registrazione viene proposta la generazione della partita con la condizione di pagamento indicata nella griglia della procedura. I documenti scaricati dal Digital Hub rimangono disponibili nella griglia della procedura fino a quando non si registrano; entrando nella procedura infatti il programma elenca i documenti gi\u00e0 scaricati, ma non ancora contabilizzati, consentendo di organizzare al meglio le proprie attivit\u00e0.<\/p>\n<h3>COLLEGA DOCUMENTO RICEVUTO<\/h3>\n<p>Se la fattura elettronica ricevuta si riferisce ad un documento gi\u00e0 registrato in contabilit\u00e0 \u00e8 possibile abbinare al documento una registrazione contabile gi\u00e0 inserita. Un apposito bottone elenca solo i documenti contabili ricevuti con fornitore e data documento uguali al documento selezionato, che non sono ancora collegati ad una fattura xml. Il programma controlla se il totale del documento corrisponde a quello della fattura elettronica ricevuta visualizzando un messaggio di avvertimento quando diverso; se si conferma il collegamento, il campo Identificativo Sdi viene abbinato al documento ricevuto. In caso di errori, \u00e8 possibile utilizzare il bottone Scollega Documento Ricevuto per eliminare l&#8217;abbinamento tra la fattura elettronica ricevuta e la registrazione contabile.[\/vc_column_text][\/vc_column][vc_column width=&#8221;1\/3&#8243; css=&#8221;.vc_custom_1526299026918{padding: 25px !important;background-color: #f2f2f2 !important;}&#8221; el_class=&#8221;rounded&#8221;][vc_empty_space height=&#8221;25px&#8221;][vc_column_text]\n<h3>4 PUNTI DI FORZA<\/h3>\n[\/vc_column_text][vc_empty_space height=&#8221;20px&#8221;]<div class=\"uavc-list-icon uavc-list-icon-wrapper ult-adjust-bottom-margin   \"><ul class=\"uavc-list\"><li><div class=\"uavc-list-content\" id=\"list-icon-wrap-5254\">\n<div class=\"uavc-list-icon  \" data-animation=\"\" data-animation-delay=\"03\" style=\"margin-right:10px;\"><div class=\"ult-just-icon-wrapper  \"><div class=\"align-icon\" style=\"text-align:center;\">\n<div class=\"aio-icon none \"  style=\"color:#7c9896;font-size:40px;display:inline-block;\">\n\t<i class=\"Simple-Line-Icons-check\"><\/i>\n<\/div><\/div><\/div>\n<\/div><span  data-ultimate-target='#list-icon-wrap-5254 .uavc-list-desc'  data-responsive-json-new='{\"font-size\":\"\",\"line-height\":\"\"}'  class=\"uavc-list-desc ult-responsive\" style=\"\"><span style=\"font-size: 20px;\">PRATICO<\/span>\u00a0 Importi le fatture in formato .XML da Digital Hub Zucchetti a<br \/>\nMago, direttamente in Contabilit\u00e0<\/span><\/div><\/li><li><div class=\"uavc-list-content\" id=\"list-icon-wrap-6728\">\n<div class=\"uavc-list-icon  \" data-animation=\"\" data-animation-delay=\"03\" style=\"margin-right:10px;\"><div class=\"ult-just-icon-wrapper  \"><div class=\"align-icon\" style=\"text-align:center;\">\n<div class=\"aio-icon none \"  style=\"color:#7c9896;font-size:40px;display:inline-block;\">\n\t<i class=\"Simple-Line-Icons-check\"><\/i>\n<\/div><\/div><\/div>\n<\/div><span  data-ultimate-target='#list-icon-wrap-6728 .uavc-list-desc'  data-responsive-json-new='{\"font-size\":\"\",\"line-height\":\"\"}'  class=\"uavc-list-desc ult-responsive\" style=\"\"><span style=\"font-size: 20px;\">TUTTO SOTTO CONTROLLO<\/span> Sei sempre aggiornato sullo stato di importazione del documento<\/span><\/div><\/li><li><div class=\"uavc-list-content\" id=\"list-icon-wrap-4426\">\n<div class=\"uavc-list-icon  \" data-animation=\"\" data-animation-delay=\"03\" style=\"margin-right:10px;\"><div class=\"ult-just-icon-wrapper  \"><div class=\"align-icon\" style=\"text-align:center;\">\n<div class=\"aio-icon none \"  style=\"color:#7c9896;font-size:40px;display:inline-block;\">\n\t<i class=\"Simple-Line-Icons-check\"><\/i>\n<\/div><\/div><\/div>\n<\/div><span  data-ultimate-target='#list-icon-wrap-4426 .uavc-list-desc'  data-responsive-json-new='{\"font-size\":\"\",\"line-height\":\"\"}'  class=\"uavc-list-desc ult-responsive\" style=\"\"><span style=\"font-size: 20px;\">ABBATTI GLI ERRORI<\/span> Effettui la registrazione contabile in un lampo e senza errori<\/span><\/div><\/li><li><div class=\"uavc-list-content\" id=\"list-icon-wrap-2077\">\n<div class=\"uavc-list-icon  \" data-animation=\"\" data-animation-delay=\"03\" style=\"margin-right:10px;\"><div class=\"ult-just-icon-wrapper  \"><div class=\"align-icon\" style=\"text-align:center;\">\n<div class=\"aio-icon none \"  style=\"color:#7c9896;font-size:40px;display:inline-block;\">\n\t<i class=\"Simple-Line-Icons-check\"><\/i>\n<\/div><\/div><\/div>\n<\/div><span  data-ultimate-target='#list-icon-wrap-2077 .uavc-list-desc'  data-responsive-json-new='{\"font-size\":\"\",\"line-height\":\"\"}'  class=\"uavc-list-desc ult-responsive\" style=\"\"><span style=\"font-size: 20px;\">COMODO PER TUTTI<\/span> Alleggerisci il peso delle attivit\u00e0 di registrazione a sistema<\/span><\/div><\/li><\/ul><\/div>[vc_empty_space height=&#8221;30px&#8221;]<div class=\"aio-icon-component    style_3\"><a class=\"aio-icon-box-link\" href=\"https:\/\/www.mago-erp.com\/wp-content\/uploads\/2021\/12\/ERP_Mago4_modulo_fatturazione_elettronica_passiva_12.2021.pdf\" target=\"_blank\" rel=\"noopener\" ><div id=\"Info-box-wrap-6570\" class=\"aio-icon-box left-icon\" style=\"\"  ><div class=\"aio-icon-left\"><div class=\"ult-just-icon-wrapper  \"><div class=\"align-icon\" style=\"text-align:center;\">\n<div class=\"aio-icon circle \" data-animation=\"fadeIn\" data-animation-delay=\"03\" style=\"color:#ffffff;background:#34ae6a;font-size:32px;display:inline-block;\">\n\t<i class=\"Simple-Line-Icons-cloud-download\"><\/i>\n<\/div><\/div><\/div><\/div><div class=\"aio-ibd-block\"><div class=\"aio-icon-description ult-responsive\"  data-ultimate-target='#Info-box-wrap-6570 .aio-icon-description'  data-responsive-json-new='{\"font-size\":\"\",\"line-height\":\"\"}'  style=\"\">\n<h2>Download<\/h2>\n<\/div> <!-- description --><\/div> <!-- aio-ibd-block --><\/div> <!-- aio-icon-box --><\/a><\/div> <!-- aio-icon-component -->[\/vc_column][\/vc_row][vc_row full_width=&#8221;stretch_row&#8221; equal_height=&#8221;yes&#8221; wrap_container=&#8221;yes&#8221; css=&#8221;.vc_custom_1526299381122{padding-top: 60px !important;padding-bottom: 40px !important;background-color: #f3f3f3 !important;}&#8221;][vc_column width=&#8221;1\/3&#8243; css=&#8221;.vc_custom_1612367366767{background-position: 0 0 !important;background-repeat: no-repeat !important;}&#8221;][vc_single_image image=&#8221;10034&#8243; img_size=&#8221;full&#8221;][\/vc_column][vc_column width=&#8221;2\/3&#8243;][vc_row_inner css=&#8221;.vc_custom_1525377527586{margin-top: 0px !important;margin-right: 35px !important;margin-bottom: 35px !important;margin-left: 35px !important;}&#8221;][vc_column_inner][vc_column_text]\n<h3>Mago4 \u00e8 disponibile in 3 Edition per soddisfare le reali esigenze di tutte le PMI.<br \/>\nIl modulo Fatturazione Elettronica Passiva \u00e8 disponibile per tutte le Edition.<\/h3>\n[\/vc_column_text][\/vc_column_inner][\/vc_row_inner][\/vc_column][\/vc_row]\n<\/div>","protected":false},"excerpt":{"rendered":"<p>[vc_row full_width=&#8221;stretch_row&#8221; equal_height=&#8221;yes&#8221; content_placement=&#8221;middle&#8221; wrap_container=&#8221;yes&#8221; css=&#8221;.vc_custom_1526637162490{margin-bottom: 40px !important;background-color: #ffffff !important;background-position: center !important;background-repeat: no-repeat !important;background-size: cover !important;}&#8221; el_class=&#8221;bg-cover&#8221;][vc_column animation_type=&#8221;fadeIn&#8221;][rev_slider_vc alias=&#8221;it_fatturazioneelettronicapassiva&#8221;][\/vc_column][\/vc_row][vc_row full_width=&#8221;stretch_row&#8221; wrap_container=&#8221;yes&#8221; text_align=&#8221;left&#8221; remove_margin_top=&#8221;yes&#8221; remove_margin_bottom=&#8221;yes&#8221; remove_border=&#8221;yes&#8221; css=&#8221;.vc_custom_1525957325142{margin-top: 20px !important;margin-right: 0px !important;margin-bottom: 0px !important;margin-left: 0px !important;border-top-width: 0px !important;border-right-width: 0px !important;border-bottom-width: 0px !important;border-left-width: 0px !important;padding-top: 0px !important;padding-right: 0px !important;padding-bottom: 40px !important;padding-left: 0px !important;}&#8221; el_class=&#8221;bg-custom-color-1&#8243;][vc_column][vc_custom_heading text=&#8221;Grazie alla registrazione della [&hellip;]<\/p>\n","protected":false},"author":4,"featured_media":0,"parent":9929,"menu_order":0,"comment_status":"closed","ping_status":"closed","template":"","meta":{"_acf_changed":false,"footnotes":""},"class_list":["post-11851","page","type-page","status-publish","hentry"],"acf":[],"yoast_head":"<!-- This site is optimized with the Yoast SEO plugin v27.4 - https:\/\/yoast.com\/product\/yoast-seo-wordpress\/ -->\n<title>Fatturazione Elettronica - Mago ERP<\/title>\n<meta name=\"robots\" content=\"index, follow, max-snippet:-1, max-image-preview:large, max-video-preview:-1\" \/>\n<link rel=\"canonical\" href=\"https:\/\/www.mago-erp.com\/it\/software\/moduli\/gestione-amministrativa\/fatturazione-elettronica\" \/>\n<meta property=\"og:locale\" content=\"it_IT\" \/>\n<meta property=\"og:type\" content=\"article\" \/>\n<meta property=\"og:title\" content=\"Fatturazione Elettronica - Mago ERP\" \/>\n<meta property=\"og:description\" content=\"[vc_row full_width=&#8221;stretch_row&#8221; equal_height=&#8221;yes&#8221; content_placement=&#8221;middle&#8221; wrap_container=&#8221;yes&#8221; css=&#8221;.vc_custom_1526637162490{margin-bottom: 40px !important;background-color: #ffffff !important;background-position: center !important;background-repeat: no-repeat !important;background-size: cover !important;}&#8221; el_class=&#8221;bg-cover&#8221;][vc_column animation_type=&#8221;fadeIn&#8221;][rev_slider_vc alias=&#8221;it_fatturazioneelettronicapassiva&#8221;][\/vc_column][\/vc_row][vc_row full_width=&#8221;stretch_row&#8221; wrap_container=&#8221;yes&#8221; text_align=&#8221;left&#8221; remove_margin_top=&#8221;yes&#8221; remove_margin_bottom=&#8221;yes&#8221; remove_border=&#8221;yes&#8221; css=&#8221;.vc_custom_1525957325142{margin-top: 20px !important;margin-right: 0px !important;margin-bottom: 0px !important;margin-left: 0px !important;border-top-width: 0px !important;border-right-width: 0px !important;border-bottom-width: 0px !important;border-left-width: 0px !important;padding-top: 0px !important;padding-right: 0px !important;padding-bottom: 40px !important;padding-left: 0px !important;}&#8221; el_class=&#8221;bg-custom-color-1&#8243;][vc_column][vc_custom_heading text=&#8221;Grazie alla registrazione della [&hellip;]\" \/>\n<meta property=\"og:url\" content=\"https:\/\/www.mago-erp.com\/it\/software\/moduli\/gestione-amministrativa\/fatturazione-elettronica\" \/>\n<meta property=\"og:site_name\" content=\"Mago ERP\" \/>\n<meta property=\"article:publisher\" content=\"http:\/\/www.facebook.com\/ZucchettiSoftware\" \/>\n<meta property=\"article:modified_time\" content=\"2021-12-15T16:43:38+00:00\" \/>\n<meta name=\"twitter:card\" content=\"summary_large_image\" \/>\n<meta name=\"twitter:label1\" content=\"Tempo di lettura stimato\" \/>\n\t<meta name=\"twitter:data1\" content=\"4 minuti\" \/>\n<script type=\"application\/ld+json\" class=\"yoast-schema-graph\">{\"@context\":\"https:\\\/\\\/schema.org\",\"@graph\":[{\"@type\":\"WebPage\",\"@id\":\"https:\\\/\\\/www.mago-erp.com\\\/it\\\/software\\\/moduli\\\/gestione-amministrativa\\\/fatturazione-elettronica\",\"url\":\"https:\\\/\\\/www.mago-erp.com\\\/it\\\/software\\\/moduli\\\/gestione-amministrativa\\\/fatturazione-elettronica\",\"name\":\"Fatturazione Elettronica - Mago ERP\",\"isPartOf\":{\"@id\":\"https:\\\/\\\/www.mago-erp.com\\\/it#website\"},\"datePublished\":\"2019-08-21T07:11:24+00:00\",\"dateModified\":\"2021-12-15T16:43:38+00:00\",\"breadcrumb\":{\"@id\":\"https:\\\/\\\/www.mago-erp.com\\\/it\\\/software\\\/moduli\\\/gestione-amministrativa\\\/fatturazione-elettronica#breadcrumb\"},\"inLanguage\":\"it-IT\",\"potentialAction\":[{\"@type\":\"ReadAction\",\"target\":[\"https:\\\/\\\/www.mago-erp.com\\\/it\\\/software\\\/moduli\\\/gestione-amministrativa\\\/fatturazione-elettronica\"]}]},{\"@type\":\"BreadcrumbList\",\"@id\":\"https:\\\/\\\/www.mago-erp.com\\\/it\\\/software\\\/moduli\\\/gestione-amministrativa\\\/fatturazione-elettronica#breadcrumb\",\"itemListElement\":[{\"@type\":\"ListItem\",\"position\":1,\"name\":\"Home\",\"item\":\"https:\\\/\\\/www.mago-erp.com\\\/it\"},{\"@type\":\"ListItem\",\"position\":2,\"name\":\"ERP Mago4\",\"item\":\"https:\\\/\\\/www.mago-erp.com\\\/it\\\/software\"},{\"@type\":\"ListItem\",\"position\":3,\"name\":\"Applicazioni\",\"item\":\"https:\\\/\\\/www.mago-erp.com\\\/it\\\/software\\\/moduli\"},{\"@type\":\"ListItem\",\"position\":4,\"name\":\"Amministrazione e Finanza\",\"item\":\"https:\\\/\\\/www.mago-erp.com\\\/it\\\/software\\\/moduli\\\/gestione-amministrativa\"},{\"@type\":\"ListItem\",\"position\":5,\"name\":\"Fatturazione Elettronica\"}]},{\"@type\":\"WebSite\",\"@id\":\"https:\\\/\\\/www.mago-erp.com\\\/it#website\",\"url\":\"https:\\\/\\\/www.mago-erp.com\\\/it\",\"name\":\"Mago ERP\",\"description\":\"Mago ERP\",\"publisher\":{\"@id\":\"https:\\\/\\\/www.mago-erp.com\\\/it#organization\"},\"potentialAction\":[{\"@type\":\"SearchAction\",\"target\":{\"@type\":\"EntryPoint\",\"urlTemplate\":\"https:\\\/\\\/www.mago-erp.com\\\/it?s={search_term_string}\"},\"query-input\":{\"@type\":\"PropertyValueSpecification\",\"valueRequired\":true,\"valueName\":\"search_term_string\"}}],\"inLanguage\":\"it-IT\"},{\"@type\":\"Organization\",\"@id\":\"https:\\\/\\\/www.mago-erp.com\\\/it#organization\",\"name\":\"Zucchetti Group\",\"url\":\"https:\\\/\\\/www.mago-erp.com\\\/it\",\"logo\":{\"@type\":\"ImageObject\",\"inLanguage\":\"it-IT\",\"@id\":\"https:\\\/\\\/www.mago-erp.com\\\/it#\\\/schema\\\/logo\\\/image\\\/\",\"url\":\"https:\\\/\\\/www.mago-erp.com\\\/wp-content\\\/uploads\\\/2018\\\/04\\\/logo.png\",\"contentUrl\":\"https:\\\/\\\/www.mago-erp.com\\\/wp-content\\\/uploads\\\/2018\\\/04\\\/logo.png\",\"width\":400,\"height\":98,\"caption\":\"Zucchetti Group\"},\"image\":{\"@id\":\"https:\\\/\\\/www.mago-erp.com\\\/it#\\\/schema\\\/logo\\\/image\\\/\"},\"sameAs\":[\"http:\\\/\\\/www.facebook.com\\\/ZucchettiSoftware\",\"http:\\\/\\\/www.linkedin.com\\\/company\\\/zucchetti\",\"http:\\\/\\\/www.youtube.com\\\/mktzucche\"]}]}<\/script>\n<!-- \/ Yoast SEO plugin. -->","yoast_head_json":{"title":"Fatturazione Elettronica - Mago ERP","robots":{"index":"index","follow":"follow","max-snippet":"max-snippet:-1","max-image-preview":"max-image-preview:large","max-video-preview":"max-video-preview:-1"},"canonical":"https:\/\/www.mago-erp.com\/it\/software\/moduli\/gestione-amministrativa\/fatturazione-elettronica","og_locale":"it_IT","og_type":"article","og_title":"Fatturazione Elettronica - Mago ERP","og_description":"[vc_row full_width=&#8221;stretch_row&#8221; equal_height=&#8221;yes&#8221; content_placement=&#8221;middle&#8221; wrap_container=&#8221;yes&#8221; css=&#8221;.vc_custom_1526637162490{margin-bottom: 40px !important;background-color: #ffffff !important;background-position: center !important;background-repeat: no-repeat !important;background-size: cover !important;}&#8221; el_class=&#8221;bg-cover&#8221;][vc_column animation_type=&#8221;fadeIn&#8221;][rev_slider_vc alias=&#8221;it_fatturazioneelettronicapassiva&#8221;][\/vc_column][\/vc_row][vc_row full_width=&#8221;stretch_row&#8221; wrap_container=&#8221;yes&#8221; text_align=&#8221;left&#8221; remove_margin_top=&#8221;yes&#8221; remove_margin_bottom=&#8221;yes&#8221; remove_border=&#8221;yes&#8221; css=&#8221;.vc_custom_1525957325142{margin-top: 20px !important;margin-right: 0px !important;margin-bottom: 0px !important;margin-left: 0px !important;border-top-width: 0px !important;border-right-width: 0px !important;border-bottom-width: 0px !important;border-left-width: 0px !important;padding-top: 0px !important;padding-right: 0px !important;padding-bottom: 40px !important;padding-left: 0px !important;}&#8221; el_class=&#8221;bg-custom-color-1&#8243;][vc_column][vc_custom_heading text=&#8221;Grazie alla registrazione della [&hellip;]","og_url":"https:\/\/www.mago-erp.com\/it\/software\/moduli\/gestione-amministrativa\/fatturazione-elettronica","og_site_name":"Mago ERP","article_publisher":"http:\/\/www.facebook.com\/ZucchettiSoftware","article_modified_time":"2021-12-15T16:43:38+00:00","twitter_card":"summary_large_image","twitter_misc":{"Tempo di lettura stimato":"4 minuti"},"schema":{"@context":"https:\/\/schema.org","@graph":[{"@type":"WebPage","@id":"https:\/\/www.mago-erp.com\/it\/software\/moduli\/gestione-amministrativa\/fatturazione-elettronica","url":"https:\/\/www.mago-erp.com\/it\/software\/moduli\/gestione-amministrativa\/fatturazione-elettronica","name":"Fatturazione Elettronica - Mago ERP","isPartOf":{"@id":"https:\/\/www.mago-erp.com\/it#website"},"datePublished":"2019-08-21T07:11:24+00:00","dateModified":"2021-12-15T16:43:38+00:00","breadcrumb":{"@id":"https:\/\/www.mago-erp.com\/it\/software\/moduli\/gestione-amministrativa\/fatturazione-elettronica#breadcrumb"},"inLanguage":"it-IT","potentialAction":[{"@type":"ReadAction","target":["https:\/\/www.mago-erp.com\/it\/software\/moduli\/gestione-amministrativa\/fatturazione-elettronica"]}]},{"@type":"BreadcrumbList","@id":"https:\/\/www.mago-erp.com\/it\/software\/moduli\/gestione-amministrativa\/fatturazione-elettronica#breadcrumb","itemListElement":[{"@type":"ListItem","position":1,"name":"Home","item":"https:\/\/www.mago-erp.com\/it"},{"@type":"ListItem","position":2,"name":"ERP Mago4","item":"https:\/\/www.mago-erp.com\/it\/software"},{"@type":"ListItem","position":3,"name":"Applicazioni","item":"https:\/\/www.mago-erp.com\/it\/software\/moduli"},{"@type":"ListItem","position":4,"name":"Amministrazione e Finanza","item":"https:\/\/www.mago-erp.com\/it\/software\/moduli\/gestione-amministrativa"},{"@type":"ListItem","position":5,"name":"Fatturazione Elettronica"}]},{"@type":"WebSite","@id":"https:\/\/www.mago-erp.com\/it#website","url":"https:\/\/www.mago-erp.com\/it","name":"Mago ERP","description":"Mago ERP","publisher":{"@id":"https:\/\/www.mago-erp.com\/it#organization"},"potentialAction":[{"@type":"SearchAction","target":{"@type":"EntryPoint","urlTemplate":"https:\/\/www.mago-erp.com\/it?s={search_term_string}"},"query-input":{"@type":"PropertyValueSpecification","valueRequired":true,"valueName":"search_term_string"}}],"inLanguage":"it-IT"},{"@type":"Organization","@id":"https:\/\/www.mago-erp.com\/it#organization","name":"Zucchetti Group","url":"https:\/\/www.mago-erp.com\/it","logo":{"@type":"ImageObject","inLanguage":"it-IT","@id":"https:\/\/www.mago-erp.com\/it#\/schema\/logo\/image\/","url":"https:\/\/www.mago-erp.com\/wp-content\/uploads\/2018\/04\/logo.png","contentUrl":"https:\/\/www.mago-erp.com\/wp-content\/uploads\/2018\/04\/logo.png","width":400,"height":98,"caption":"Zucchetti Group"},"image":{"@id":"https:\/\/www.mago-erp.com\/it#\/schema\/logo\/image\/"},"sameAs":["http:\/\/www.facebook.com\/ZucchettiSoftware","http:\/\/www.linkedin.com\/company\/zucchetti","http:\/\/www.youtube.com\/mktzucche"]}]}},"_links":{"self":[{"href":"https:\/\/www.mago-erp.com\/it\/wp-json\/wp\/v2\/pages\/11851","targetHints":{"allow":["GET"]}}],"collection":[{"href":"https:\/\/www.mago-erp.com\/it\/wp-json\/wp\/v2\/pages"}],"about":[{"href":"https:\/\/www.mago-erp.com\/it\/wp-json\/wp\/v2\/types\/page"}],"author":[{"embeddable":true,"href":"https:\/\/www.mago-erp.com\/it\/wp-json\/wp\/v2\/users\/4"}],"replies":[{"embeddable":true,"href":"https:\/\/www.mago-erp.com\/it\/wp-json\/wp\/v2\/comments?post=11851"}],"version-history":[{"count":2,"href":"https:\/\/www.mago-erp.com\/it\/wp-json\/wp\/v2\/pages\/11851\/revisions"}],"predecessor-version":[{"id":18987,"href":"https:\/\/www.mago-erp.com\/it\/wp-json\/wp\/v2\/pages\/11851\/revisions\/18987"}],"up":[{"embeddable":true,"href":"https:\/\/www.mago-erp.com\/it\/wp-json\/wp\/v2\/pages\/9929"}],"wp:attachment":[{"href":"https:\/\/www.mago-erp.com\/it\/wp-json\/wp\/v2\/media?parent=11851"}],"curies":[{"name":"wp","href":"https:\/\/api.w.org\/{rel}","templated":true}]}}