{"id":12097,"date":"2019-09-03T16:50:57","date_gmt":"2019-09-03T14:50:57","guid":{"rendered":"https:\/\/www.mago-erp.com\/?page_id=12097"},"modified":"2021-02-03T17:29:09","modified_gmt":"2021-02-03T16:29:09","slug":"specializzazioni","status":"publish","type":"page","link":"https:\/\/www.mago-erp.com\/it\/software\/specializzazioni","title":{"rendered":"Specializzazioni"},"content":{"rendered":"<div class=\"wpb-content-wrapper\">[vc_row full_width=&#8221;stretch_row&#8221; equal_height=&#8221;yes&#8221; content_placement=&#8221;middle&#8221; wrap_container=&#8221;yes&#8221; css=&#8221;.vc_custom_1526637162490{margin-bottom: 40px !important;background-color: #ffffff !important;background-position: center !important;background-repeat: no-repeat !important;background-size: cover !important;}&#8221; el_class=&#8221;bg-cover&#8221;][vc_column animation_type=&#8221;fadeIn&#8221;][rev_slider_vc alias=&#8221;it_specializzazioni&#8221;][\/vc_column][\/vc_row][vc_row full_width=&#8221;stretch_row&#8221; wrap_container=&#8221;yes&#8221; text_align=&#8221;left&#8221; remove_margin_top=&#8221;yes&#8221; remove_margin_bottom=&#8221;yes&#8221; remove_border=&#8221;yes&#8221; css=&#8221;.vc_custom_1525957325142{margin-top: 20px !important;margin-right: 0px !important;margin-bottom: 0px !important;margin-left: 0px !important;border-top-width: 0px !important;border-right-width: 0px !important;border-bottom-width: 0px !important;border-left-width: 0px !important;padding-top: 0px !important;padding-right: 0px !important;padding-bottom: 40px !important;padding-left: 0px !important;}&#8221; el_class=&#8221;bg-custom-color-1&#8243;][vc_column][vc_custom_heading text=&#8221;La tua azienda non \u00e8 come tutte le altre. I tuoi dipendenti e i tuoi processi sono speciali. E, naturalmente, lo sei anche tu!&#8221; font_container=&#8221;tag:h2|font_size:22|text_align:left|color:%230a0a0a|line_height:1.5&#8243; google_fonts=&#8221;font_family:Roboto%3A100%2C100italic%2C300%2C300italic%2Cregular%2Citalic%2C500%2C500italic%2C700%2C700italic%2C900%2C900italic|font_style:300%20light%20regular%3A300%3Anormal&#8221;][vc_custom_heading text=&#8221;Ecco perch\u00e9 l&#8217;ERP Mago4 mette a tua disposizione il suo ecosistema: una gamma di soluzioni su misura per il tuo settore industriale e le tue esigenze di business.<br \/>\nCos\u00ec la tua esperienza d&#8217;uso pu\u00f2 essere davvero personalizzata, funzionale e completa di tutto quello di cui necessiti.&#8221; font_container=&#8221;tag:h2|font_size:22|text_align:left|color:%230a0a0a|line_height:1.5&#8243; google_fonts=&#8221;font_family:Roboto%3A100%2C100italic%2C300%2C300italic%2Cregular%2Citalic%2C500%2C500italic%2C700%2C700italic%2C900%2C900italic|font_style:300%20light%20regular%3A300%3Anormal&#8221;][\/vc_column][\/vc_row][vc_row full_width=&#8221;stretch_row&#8221; wrap_container=&#8221;yes&#8221; text_align=&#8221;left&#8221; remove_margin_top=&#8221;yes&#8221; remove_margin_bottom=&#8221;yes&#8221; remove_border=&#8221;yes&#8221; css=&#8221;.vc_custom_1525957346025{margin-top: 20px !important;margin-right: 0px !important;margin-bottom: 0px !important;margin-left: 0px !important;border-top-width: 0px !important;border-right-width: 0px !important;border-bottom-width: 0px !important;border-left-width: 0px !important;padding-top: 0px !important;padding-right: 0px !important;padding-bottom: 40px !important;padding-left: 0px !important;}&#8221; el_class=&#8221;bg-custom-color-1&#8243;][vc_column][vc_column_text]\n<h1>Soluzioni verticali, implementazioni e personalizzazioni per ogni esigenza<\/h1>\n[\/vc_column_text][vc_empty_space][vc_column_text]<strong>ERP Mago4: pensato soprattutto per te!<\/strong><\/p>\n<p>I nostri 10.000 clienti sono attivi in oltre 60 categorie merceologiche; ognuno di loro ha esigenze proprie e specifiche. Ciascuna azienda rappresenta un utente individuale, che pu\u00f2 ottenere il massimo dalla flessibilit\u00e0 e modularit\u00e0 dell\u2019ERP Mago4 opportunamente configurato, con processi e procedure ottimali, funzioni selezionate e collegamenti ai dati.<\/p>\n<p><strong>Funzioni Speciali per Aziende Speciali<\/strong><\/p>\n<p>Molti dei nostri utenti utilizzano l&#8217;ERP Mago4 come soluzione di settore, personalizzando documenti e rapporti, adattando qua e l\u00e0 una maschera o sviluppando funzioni specifiche, per\u00a0 implementare le loro idee e rendere pi\u00f9 facile il lavoro dei loro dipendenti, o ridurre lo sforzo e quindi i costi.<\/p>\n<p><strong>Costi di gestione ridotti a lungo termine<\/strong><\/p>\n<p>Tutte le funzioni standard di Mago4 si basano sugli stessi componenti delle singole estensioni. Ci\u00f2 significa che quando vengono effettuati aggiornamenti e migliorie a Mago4, i moduli aggiuntivi rimangono coerenti. In questo modo gli aggiornamenti sono facili da eseguire indipendentemente dalla complessit\u00e0 degli sviluppi aggiuntivi e sono installati solo sul server. Rispetto alle installazioni standard presenti sul mercato, Mago4 risulta quindi molto vantaggioso, soprattutto in termini di costi di gestione e di costi totali per utente.<\/p>\n<p><strong>Riduzione sostenibile dei costi con le personalizzazioni<\/strong><\/p>\n<p>Le personalizzazioni dovrebbero accelerare i processi e quindi contribuire a risparmiare risorse sotto forma di tempo e denaro. \u00c8 davvero cos\u00ec? O forse ti sei accorto che l&#8217;investimento per migliorare le performance e i costi di aggiornamento sono troppo elevati per la tua azienda? Che strada prendere? Produrre, ma a costi pi\u00f9 elevati? \u00c8 tutto molto pi\u00f9 semplice, se pianifichi il tuo business concept con l&#8217;ERP Mago4: enfatizza i tuoi punti di forza, risparmiare nel breve periodo e comincia subito a vedere i profitti. Integra i tuoi fornitori e clienti nei processi e ottimizza le procedure, andando anche oltre le configurazioni di Mago4; inserisci strumenti, sistemi e piattaforme di terze parti nel tuo contesto aziendale.<\/p>\n<p>Controlla davvero il tuo business. Mago ERP \u00e8 la cabina di pilotaggio fatta apposta per questo.[\/vc_column_text][\/vc_column][\/vc_row][vc_row full_width=&#8221;stretch_row&#8221; wrap_container=&#8221;yes&#8221; text_align=&#8221;left&#8221; remove_margin_top=&#8221;yes&#8221; remove_margin_bottom=&#8221;yes&#8221; remove_border=&#8221;yes&#8221; css=&#8221;.vc_custom_1570626573334{margin-top: 40px !important;margin-right: 0px !important;margin-bottom: 0px !important;margin-left: 0px !important;border-top-width: 0px !important;border-right-width: 0px !important;border-bottom-width: 0px !important;border-left-width: 0px !important;padding-top: 0px !important;padding-right: 0px !important;padding-bottom: 40px !important;padding-left: 0px !important;background-color: #f2f2f2 !important;}&#8221; el_class=&#8221;bg-custom-color-1&#8243;][vc_column][vc_empty_space]<div id=\"ultimate-heading-887069ef1e5983b87\" class=\"uvc-heading ult-adjust-bottom-margin ultimate-heading-887069ef1e5983b87 uvc-2498 \" data-hspacer=\"no_spacer\"  data-halign=\"left\" style=\"text-align:left\"><div class=\"uvc-heading-spacer no_spacer\" style=\"top\"><\/div><div class=\"uvc-main-heading ult-responsive\"  data-ultimate-target='.uvc-heading.ultimate-heading-887069ef1e5983b87 h2'  data-responsive-json-new='{\"font-size\":\"\",\"line-height\":\"\"}' ><h2 style=\"font-weight:normal;\">Gli strumenti ``di famiglia`` per le tue soluzioni personalizzate<\/h2><\/div><\/div>[vc_row_inner][vc_column_inner width=&#8221;1\/2&#8243;][vc_single_image image=&#8221;2990&#8243; img_size=&#8221;medium&#8221; alignment=&#8221;center&#8221; onclick=&#8221;custom_link&#8221; img_link_target=&#8221;_blank&#8221; link=&#8221;https:\/\/www.mago-erp.com\/it\/sviluppo\/piattaforme-mago4\/framework&#8221; css=&#8221;.vc_custom_1598359135497{padding-top: 50px !important;}&#8221;][\/vc_column_inner][vc_column_inner width=&#8221;1\/2&#8243;][vc_single_image image=&#8221;2991&#8243; img_size=&#8221;medium&#8221; alignment=&#8221;center&#8221; onclick=&#8221;custom_link&#8221; img_link_target=&#8221;_blank&#8221; link=&#8221;https:\/\/www.mago-erp.com\/it\/sviluppo\/piattaforme-mago4\/tbs&#8221; css=&#8221;.vc_custom_1598359155577{padding-top: 50px !important;}&#8221;][\/vc_column_inner][\/vc_row_inner][vc_empty_space][\/vc_column][\/vc_row][vc_row][vc_column][vc_cta h2=&#8221;Scopri tutte le soluzioni specifiche per settore o esigenza aziendale&#8221;]<a href=\"https:\/\/www.mago-erp.com\/it\/software\/specializzazioni\/soluzioni-verticali.html\">Grazie alla collaborazione dei partner sviluppatori, hai a disposizione una serie di soluzioni verticali e personalizzazioni di Mago4 pronte a soddisfare ogni tua esigenza di business<\/a>[\/vc_cta][\/vc_column][\/vc_row][vc_row][vc_column][vc_column_text][\/vc_column_text][\/vc_column][\/vc_row]\n<\/div>","protected":false},"excerpt":{"rendered":"<p>[vc_row full_width=&#8221;stretch_row&#8221; equal_height=&#8221;yes&#8221; content_placement=&#8221;middle&#8221; wrap_container=&#8221;yes&#8221; css=&#8221;.vc_custom_1526637162490{margin-bottom: 40px !important;background-color: #ffffff !important;background-position: center !important;background-repeat: no-repeat !important;background-size: cover !important;}&#8221; el_class=&#8221;bg-cover&#8221;][vc_column animation_type=&#8221;fadeIn&#8221;][rev_slider_vc alias=&#8221;it_specializzazioni&#8221;][\/vc_column][\/vc_row][vc_row full_width=&#8221;stretch_row&#8221; wrap_container=&#8221;yes&#8221; text_align=&#8221;left&#8221; remove_margin_top=&#8221;yes&#8221; remove_margin_bottom=&#8221;yes&#8221; remove_border=&#8221;yes&#8221; css=&#8221;.vc_custom_1525957325142{margin-top: 20px !important;margin-right: 0px !important;margin-bottom: 0px !important;margin-left: 0px !important;border-top-width: 0px !important;border-right-width: 0px !important;border-bottom-width: 0px !important;border-left-width: 0px !important;padding-top: 0px !important;padding-right: 0px !important;padding-bottom: 40px !important;padding-left: 0px !important;}&#8221; el_class=&#8221;bg-custom-color-1&#8243;][vc_column][vc_custom_heading text=&#8221;La tua azienda non [&hellip;]<\/p>\n","protected":false},"author":4,"featured_media":0,"parent":9944,"menu_order":0,"comment_status":"closed","ping_status":"closed","template":"","meta":{"_acf_changed":false,"footnotes":""},"class_list":["post-12097","page","type-page","status-publish","hentry"],"acf":[],"yoast_head":"<!-- This site is optimized with the Yoast SEO plugin v27.4 - https:\/\/yoast.com\/product\/yoast-seo-wordpress\/ -->\n<title>Specializzazioni - Mago ERP<\/title>\n<meta name=\"robots\" content=\"index, follow, max-snippet:-1, max-image-preview:large, max-video-preview:-1\" \/>\n<link rel=\"canonical\" href=\"https:\/\/www.mago-erp.com\/it\/software\/specializzazioni\" \/>\n<meta property=\"og:locale\" content=\"it_IT\" \/>\n<meta property=\"og:type\" content=\"article\" \/>\n<meta property=\"og:title\" content=\"Specializzazioni - Mago ERP\" \/>\n<meta property=\"og:description\" content=\"[vc_row full_width=&#8221;stretch_row&#8221; equal_height=&#8221;yes&#8221; content_placement=&#8221;middle&#8221; wrap_container=&#8221;yes&#8221; css=&#8221;.vc_custom_1526637162490{margin-bottom: 40px !important;background-color: #ffffff !important;background-position: center !important;background-repeat: no-repeat !important;background-size: cover !important;}&#8221; el_class=&#8221;bg-cover&#8221;][vc_column animation_type=&#8221;fadeIn&#8221;][rev_slider_vc alias=&#8221;it_specializzazioni&#8221;][\/vc_column][\/vc_row][vc_row full_width=&#8221;stretch_row&#8221; wrap_container=&#8221;yes&#8221; text_align=&#8221;left&#8221; remove_margin_top=&#8221;yes&#8221; remove_margin_bottom=&#8221;yes&#8221; remove_border=&#8221;yes&#8221; css=&#8221;.vc_custom_1525957325142{margin-top: 20px !important;margin-right: 0px !important;margin-bottom: 0px !important;margin-left: 0px !important;border-top-width: 0px !important;border-right-width: 0px !important;border-bottom-width: 0px !important;border-left-width: 0px !important;padding-top: 0px !important;padding-right: 0px !important;padding-bottom: 40px !important;padding-left: 0px !important;}&#8221; el_class=&#8221;bg-custom-color-1&#8243;][vc_column][vc_custom_heading text=&#8221;La tua azienda non [&hellip;]\" \/>\n<meta property=\"og:url\" content=\"https:\/\/www.mago-erp.com\/it\/software\/specializzazioni\" \/>\n<meta property=\"og:site_name\" content=\"Mago ERP\" \/>\n<meta property=\"article:publisher\" content=\"http:\/\/www.facebook.com\/ZucchettiSoftware\" \/>\n<meta property=\"article:modified_time\" content=\"2021-02-03T16:29:09+00:00\" \/>\n<meta name=\"twitter:card\" content=\"summary_large_image\" \/>\n<meta name=\"twitter:label1\" content=\"Tempo di lettura stimato\" \/>\n\t<meta name=\"twitter:data1\" content=\"5 minuti\" \/>\n<script type=\"application\/ld+json\" class=\"yoast-schema-graph\">{\"@context\":\"https:\\\/\\\/schema.org\",\"@graph\":[{\"@type\":\"WebPage\",\"@id\":\"https:\\\/\\\/www.mago-erp.com\\\/it\\\/software\\\/specializzazioni\",\"url\":\"https:\\\/\\\/www.mago-erp.com\\\/it\\\/software\\\/specializzazioni\",\"name\":\"Specializzazioni - Mago ERP\",\"isPartOf\":{\"@id\":\"https:\\\/\\\/www.mago-erp.com\\\/it#website\"},\"datePublished\":\"2019-09-03T14:50:57+00:00\",\"dateModified\":\"2021-02-03T16:29:09+00:00\",\"breadcrumb\":{\"@id\":\"https:\\\/\\\/www.mago-erp.com\\\/it\\\/software\\\/specializzazioni#breadcrumb\"},\"inLanguage\":\"it-IT\",\"potentialAction\":[{\"@type\":\"ReadAction\",\"target\":[\"https:\\\/\\\/www.mago-erp.com\\\/it\\\/software\\\/specializzazioni\"]}]},{\"@type\":\"BreadcrumbList\",\"@id\":\"https:\\\/\\\/www.mago-erp.com\\\/it\\\/software\\\/specializzazioni#breadcrumb\",\"itemListElement\":[{\"@type\":\"ListItem\",\"position\":1,\"name\":\"Home\",\"item\":\"https:\\\/\\\/www.mago-erp.com\\\/it\"},{\"@type\":\"ListItem\",\"position\":2,\"name\":\"ERP Mago4\",\"item\":\"https:\\\/\\\/www.mago-erp.com\\\/it\\\/software\"},{\"@type\":\"ListItem\",\"position\":3,\"name\":\"Specializzazioni\"}]},{\"@type\":\"WebSite\",\"@id\":\"https:\\\/\\\/www.mago-erp.com\\\/it#website\",\"url\":\"https:\\\/\\\/www.mago-erp.com\\\/it\",\"name\":\"Mago ERP\",\"description\":\"Mago ERP\",\"publisher\":{\"@id\":\"https:\\\/\\\/www.mago-erp.com\\\/it#organization\"},\"potentialAction\":[{\"@type\":\"SearchAction\",\"target\":{\"@type\":\"EntryPoint\",\"urlTemplate\":\"https:\\\/\\\/www.mago-erp.com\\\/it?s={search_term_string}\"},\"query-input\":{\"@type\":\"PropertyValueSpecification\",\"valueRequired\":true,\"valueName\":\"search_term_string\"}}],\"inLanguage\":\"it-IT\"},{\"@type\":\"Organization\",\"@id\":\"https:\\\/\\\/www.mago-erp.com\\\/it#organization\",\"name\":\"Zucchetti Group\",\"url\":\"https:\\\/\\\/www.mago-erp.com\\\/it\",\"logo\":{\"@type\":\"ImageObject\",\"inLanguage\":\"it-IT\",\"@id\":\"https:\\\/\\\/www.mago-erp.com\\\/it#\\\/schema\\\/logo\\\/image\\\/\",\"url\":\"https:\\\/\\\/www.mago-erp.com\\\/wp-content\\\/uploads\\\/2018\\\/04\\\/logo.png\",\"contentUrl\":\"https:\\\/\\\/www.mago-erp.com\\\/wp-content\\\/uploads\\\/2018\\\/04\\\/logo.png\",\"width\":400,\"height\":98,\"caption\":\"Zucchetti Group\"},\"image\":{\"@id\":\"https:\\\/\\\/www.mago-erp.com\\\/it#\\\/schema\\\/logo\\\/image\\\/\"},\"sameAs\":[\"http:\\\/\\\/www.facebook.com\\\/ZucchettiSoftware\",\"http:\\\/\\\/www.linkedin.com\\\/company\\\/zucchetti\",\"http:\\\/\\\/www.youtube.com\\\/mktzucche\"]}]}<\/script>\n<!-- \/ Yoast SEO plugin. -->","yoast_head_json":{"title":"Specializzazioni - Mago ERP","robots":{"index":"index","follow":"follow","max-snippet":"max-snippet:-1","max-image-preview":"max-image-preview:large","max-video-preview":"max-video-preview:-1"},"canonical":"https:\/\/www.mago-erp.com\/it\/software\/specializzazioni","og_locale":"it_IT","og_type":"article","og_title":"Specializzazioni - Mago ERP","og_description":"[vc_row full_width=&#8221;stretch_row&#8221; equal_height=&#8221;yes&#8221; content_placement=&#8221;middle&#8221; wrap_container=&#8221;yes&#8221; css=&#8221;.vc_custom_1526637162490{margin-bottom: 40px !important;background-color: #ffffff !important;background-position: center !important;background-repeat: no-repeat !important;background-size: cover !important;}&#8221; el_class=&#8221;bg-cover&#8221;][vc_column animation_type=&#8221;fadeIn&#8221;][rev_slider_vc alias=&#8221;it_specializzazioni&#8221;][\/vc_column][\/vc_row][vc_row full_width=&#8221;stretch_row&#8221; wrap_container=&#8221;yes&#8221; text_align=&#8221;left&#8221; remove_margin_top=&#8221;yes&#8221; remove_margin_bottom=&#8221;yes&#8221; remove_border=&#8221;yes&#8221; css=&#8221;.vc_custom_1525957325142{margin-top: 20px !important;margin-right: 0px !important;margin-bottom: 0px !important;margin-left: 0px !important;border-top-width: 0px !important;border-right-width: 0px !important;border-bottom-width: 0px !important;border-left-width: 0px !important;padding-top: 0px !important;padding-right: 0px !important;padding-bottom: 40px !important;padding-left: 0px !important;}&#8221; el_class=&#8221;bg-custom-color-1&#8243;][vc_column][vc_custom_heading text=&#8221;La tua azienda non [&hellip;]","og_url":"https:\/\/www.mago-erp.com\/it\/software\/specializzazioni","og_site_name":"Mago ERP","article_publisher":"http:\/\/www.facebook.com\/ZucchettiSoftware","article_modified_time":"2021-02-03T16:29:09+00:00","twitter_card":"summary_large_image","twitter_misc":{"Tempo di lettura stimato":"5 minuti"},"schema":{"@context":"https:\/\/schema.org","@graph":[{"@type":"WebPage","@id":"https:\/\/www.mago-erp.com\/it\/software\/specializzazioni","url":"https:\/\/www.mago-erp.com\/it\/software\/specializzazioni","name":"Specializzazioni - Mago ERP","isPartOf":{"@id":"https:\/\/www.mago-erp.com\/it#website"},"datePublished":"2019-09-03T14:50:57+00:00","dateModified":"2021-02-03T16:29:09+00:00","breadcrumb":{"@id":"https:\/\/www.mago-erp.com\/it\/software\/specializzazioni#breadcrumb"},"inLanguage":"it-IT","potentialAction":[{"@type":"ReadAction","target":["https:\/\/www.mago-erp.com\/it\/software\/specializzazioni"]}]},{"@type":"BreadcrumbList","@id":"https:\/\/www.mago-erp.com\/it\/software\/specializzazioni#breadcrumb","itemListElement":[{"@type":"ListItem","position":1,"name":"Home","item":"https:\/\/www.mago-erp.com\/it"},{"@type":"ListItem","position":2,"name":"ERP Mago4","item":"https:\/\/www.mago-erp.com\/it\/software"},{"@type":"ListItem","position":3,"name":"Specializzazioni"}]},{"@type":"WebSite","@id":"https:\/\/www.mago-erp.com\/it#website","url":"https:\/\/www.mago-erp.com\/it","name":"Mago ERP","description":"Mago ERP","publisher":{"@id":"https:\/\/www.mago-erp.com\/it#organization"},"potentialAction":[{"@type":"SearchAction","target":{"@type":"EntryPoint","urlTemplate":"https:\/\/www.mago-erp.com\/it?s={search_term_string}"},"query-input":{"@type":"PropertyValueSpecification","valueRequired":true,"valueName":"search_term_string"}}],"inLanguage":"it-IT"},{"@type":"Organization","@id":"https:\/\/www.mago-erp.com\/it#organization","name":"Zucchetti Group","url":"https:\/\/www.mago-erp.com\/it","logo":{"@type":"ImageObject","inLanguage":"it-IT","@id":"https:\/\/www.mago-erp.com\/it#\/schema\/logo\/image\/","url":"https:\/\/www.mago-erp.com\/wp-content\/uploads\/2018\/04\/logo.png","contentUrl":"https:\/\/www.mago-erp.com\/wp-content\/uploads\/2018\/04\/logo.png","width":400,"height":98,"caption":"Zucchetti Group"},"image":{"@id":"https:\/\/www.mago-erp.com\/it#\/schema\/logo\/image\/"},"sameAs":["http:\/\/www.facebook.com\/ZucchettiSoftware","http:\/\/www.linkedin.com\/company\/zucchetti","http:\/\/www.youtube.com\/mktzucche"]}]}},"_links":{"self":[{"href":"https:\/\/www.mago-erp.com\/it\/wp-json\/wp\/v2\/pages\/12097","targetHints":{"allow":["GET"]}}],"collection":[{"href":"https:\/\/www.mago-erp.com\/it\/wp-json\/wp\/v2\/pages"}],"about":[{"href":"https:\/\/www.mago-erp.com\/it\/wp-json\/wp\/v2\/types\/page"}],"author":[{"embeddable":true,"href":"https:\/\/www.mago-erp.com\/it\/wp-json\/wp\/v2\/users\/4"}],"replies":[{"embeddable":true,"href":"https:\/\/www.mago-erp.com\/it\/wp-json\/wp\/v2\/comments?post=12097"}],"version-history":[{"count":0,"href":"https:\/\/www.mago-erp.com\/it\/wp-json\/wp\/v2\/pages\/12097\/revisions"}],"up":[{"embeddable":true,"href":"https:\/\/www.mago-erp.com\/it\/wp-json\/wp\/v2\/pages\/9944"}],"wp:attachment":[{"href":"https:\/\/www.mago-erp.com\/it\/wp-json\/wp\/v2\/media?parent=12097"}],"curies":[{"name":"wp","href":"https:\/\/api.w.org\/{rel}","templated":true}]}}